
{"id":4581,"date":"2022-06-21T02:44:51","date_gmt":"2022-06-21T00:44:51","guid":{"rendered":"https:\/\/www.borowskiengineering.com\/uslugi\/"},"modified":"2025-09-02T16:12:56","modified_gmt":"2025-09-02T14:12:56","slug":"uslugi","status":"publish","type":"page","link":"https:\/\/www.borowskiengineering.com\/pl\/uslugi\/","title":{"rendered":"Us\u0142ugi"},"content":{"rendered":"\t\t<div data-elementor-type=\"wp-page\" data-elementor-id=\"4581\" class=\"elementor elementor-4581 elementor-1279\" data-elementor-post-type=\"page\">\n\t\t\t\t\t\t<section class=\"elementor-section elementor-top-section elementor-element elementor-element-76a8c417 elementor-section-content-middle elementor-section-boxed elementor-section-height-default elementor-section-height-default\" data-id=\"76a8c417\" data-element_type=\"section\">\n\t\t\t\t\t\t<div class=\"elementor-container elementor-column-gap-default\">\n\t\t\t\t\t<div class=\"elementor-column elementor-col-33 elementor-top-column elementor-element elementor-element-4df71ec5\" data-id=\"4df71ec5\" data-element_type=\"column\">\n\t\t\t<div class=\"elementor-widget-wrap elementor-element-populated\">\n\t\t\t\t\t\t<div class=\"elementor-element elementor-element-4060c0c elementor-widget elementor-widget-heading\" data-id=\"4060c0c\" data-element_type=\"widget\" data-widget_type=\"heading.default\">\n\t\t\t\t<div class=\"elementor-widget-container\">\n\t\t\t\t\t<h2 class=\"elementor-heading-title elementor-size-default\">Frezowanie<\/h2>\t\t\t\t<\/div>\n\t\t\t\t<\/div>\n\t\t\t\t<div class=\"elementor-element elementor-element-9a6cc06 elementor-widget elementor-widget-text-editor\" data-id=\"9a6cc06\" data-element_type=\"widget\" data-widget_type=\"text-editor.default\">\n\t\t\t\t<div class=\"elementor-widget-container\">\n\t\t\t\t\t\t\t\t\t<p>Od prototypowania po pe\u0142n\u0105 produkcj\u0119 seryjn\u0105, nasza technologia frezowania CNC pozwala nam pracowa\u0107 z wysok\u0105 precyzj\u0105, wytwarzaj\u0105c niestandardowe cz\u0119\u015bci wysokiej jako\u015bci, kt\u00f3re spe\u0142ni\u0105 Pa\u0144stwa potrzeby i oczekiwania.<\/p>\t\t\t\t\t\t\t\t<\/div>\n\t\t\t\t<\/div>\n\t\t\t\t<div class=\"elementor-element elementor-element-42042fa6 elementor-widget elementor-widget-image\" data-id=\"42042fa6\" data-element_type=\"widget\" data-widget_type=\"image.default\">\n\t\t\t\t<div class=\"elementor-widget-container\">\n\t\t\t\t\t\t\t\t\t\t\t\t\t\t\t<img fetchpriority=\"high\" decoding=\"async\" width=\"600\" height=\"700\" src=\"https:\/\/www.borowskiengineering.com\/wp-content\/uploads\/2022\/07\/milling.jpg\" class=\"attachment-large size-large wp-image-4572\" alt=\"\" srcset=\"https:\/\/www.borowskiengineering.com\/wp-content\/uploads\/2022\/07\/milling.jpg 600w, https:\/\/www.borowskiengineering.com\/wp-content\/uploads\/2022\/07\/milling-257x300.jpg 257w, https:\/\/www.borowskiengineering.com\/wp-content\/uploads\/2022\/07\/milling-504x588.jpg 504w\" sizes=\"(max-width: 600px) 100vw, 600px\" \/>\t\t\t\t\t\t\t\t\t\t\t\t\t\t\t<\/div>\n\t\t\t\t<\/div>\n\t\t\t\t<div class=\"elementor-element elementor-element-1633acc elementor-hidden-desktop elementor-widget-divider--view-line elementor-widget elementor-widget-divider\" data-id=\"1633acc\" data-element_type=\"widget\" data-widget_type=\"divider.default\">\n\t\t\t\t<div class=\"elementor-widget-container\">\n\t\t\t\t\t\t\t<div class=\"elementor-divider\">\n\t\t\t<span class=\"elementor-divider-separator\">\n\t\t\t\t\t\t<\/span>\n\t\t<\/div>\n\t\t\t\t\t\t<\/div>\n\t\t\t\t<\/div>\n\t\t\t\t\t<\/div>\n\t\t<\/div>\n\t\t\t\t<div class=\"elementor-column elementor-col-33 elementor-top-column elementor-element elementor-element-7e268f99\" data-id=\"7e268f99\" data-element_type=\"column\">\n\t\t\t<div class=\"elementor-widget-wrap elementor-element-populated\">\n\t\t\t\t\t\t<div class=\"elementor-element elementor-element-df0a95d elementor-widget elementor-widget-heading\" data-id=\"df0a95d\" data-element_type=\"widget\" data-widget_type=\"heading.default\">\n\t\t\t\t<div class=\"elementor-widget-container\">\n\t\t\t\t\t<h2 class=\"elementor-heading-title elementor-size-default\">Toczenie<\/h2>\t\t\t\t<\/div>\n\t\t\t\t<\/div>\n\t\t\t\t<div class=\"elementor-element elementor-element-2911bb7 elementor-widget elementor-widget-image\" data-id=\"2911bb7\" data-element_type=\"widget\" data-widget_type=\"image.default\">\n\t\t\t\t<div class=\"elementor-widget-container\">\n\t\t\t\t\t\t\t\t\t\t\t\t\t\t\t<img decoding=\"async\" width=\"600\" height=\"700\" src=\"https:\/\/www.borowskiengineering.com\/wp-content\/uploads\/2022\/07\/turning.jpg\" class=\"attachment-large size-large wp-image-4573\" alt=\"\" srcset=\"https:\/\/www.borowskiengineering.com\/wp-content\/uploads\/2022\/07\/turning.jpg 600w, https:\/\/www.borowskiengineering.com\/wp-content\/uploads\/2022\/07\/turning-257x300.jpg 257w, https:\/\/www.borowskiengineering.com\/wp-content\/uploads\/2022\/07\/turning-504x588.jpg 504w\" sizes=\"(max-width: 600px) 100vw, 600px\" \/>\t\t\t\t\t\t\t\t\t\t\t\t\t\t\t<\/div>\n\t\t\t\t<\/div>\n\t\t\t\t<div class=\"elementor-element elementor-element-95430cd elementor-widget elementor-widget-text-editor\" data-id=\"95430cd\" data-element_type=\"widget\" data-widget_type=\"text-editor.default\">\n\t\t\t\t<div class=\"elementor-widget-container\">\n\t\t\t\t\t\t\t\t\t<p>Od cz\u0119\u015bci CNC po kompleksowe rozwi\u0105zania in\u017cynieryjne, oferujemy naszym klientom najlepsze produkty wysokiej jako\u015bci w szerokiej gamie kszta\u0142t\u00f3w, rozmiar\u00f3w i z\u0142o\u017conych element\u00f3w w przyst\u0119pnych cenach. Niezale\u017cnie od tego, czy potrzebuj\u0105 Pa\u0144stwo element\u00f3w z aluminium, stali nierdzewnej, \u017celiwa, miedzi, mosi\u0105dzu czy tworzyw konstrukcyjnych, mo\u017cemy Pa\u0144stwu pom\u00f3c. Prosimy o kontakt, aby skorzysta\u0107 z profesjonalnej i sprawnej obs\u0142ugi.<\/p>\t\t\t\t\t\t\t\t<\/div>\n\t\t\t\t<\/div>\n\t\t\t\t<div class=\"elementor-element elementor-element-b5ccf2d elementor-hidden-desktop elementor-widget-divider--view-line elementor-widget elementor-widget-divider\" data-id=\"b5ccf2d\" data-element_type=\"widget\" data-widget_type=\"divider.default\">\n\t\t\t\t<div class=\"elementor-widget-container\">\n\t\t\t\t\t\t\t<div class=\"elementor-divider\">\n\t\t\t<span class=\"elementor-divider-separator\">\n\t\t\t\t\t\t<\/span>\n\t\t<\/div>\n\t\t\t\t\t\t<\/div>\n\t\t\t\t<\/div>\n\t\t\t\t\t<\/div>\n\t\t<\/div>\n\t\t\t\t<div class=\"elementor-column elementor-col-33 elementor-top-column elementor-element elementor-element-3bacd9ce\" data-id=\"3bacd9ce\" data-element_type=\"column\">\n\t\t\t<div class=\"elementor-widget-wrap elementor-element-populated\">\n\t\t\t\t\t\t<div class=\"elementor-element elementor-element-cd2b61c elementor-widget elementor-widget-heading\" data-id=\"cd2b61c\" data-element_type=\"widget\" data-widget_type=\"heading.default\">\n\t\t\t\t<div class=\"elementor-widget-container\">\n\t\t\t\t\t<h2 class=\"elementor-heading-title elementor-size-default\">Pomiary precyzyjne<\/h2>\t\t\t\t<\/div>\n\t\t\t\t<\/div>\n\t\t\t\t<div class=\"elementor-element elementor-element-9e70e09 elementor-widget elementor-widget-text-editor\" data-id=\"9e70e09\" data-element_type=\"widget\" data-widget_type=\"text-editor.default\">\n\t\t\t\t<div class=\"elementor-widget-container\">\n\t\t\t\t\t\t\t\t\t<p>Czy potrzebuj\u0105 Pa\u0144stwo dok\u0142adnych pomiar\u00f3w element\u00f3w geometrycznych nieregularnych powierzchni w plikach graficznych 3D? Oferujemy precyzyjne pomiary przy u\u017cyciu jednego z najlepszych przeno\u015bnych system\u00f3w wsp\u00f3\u0142rz\u0119dno\u015bciowych, FaroArm, zintegrowanego z najnowszymi programami CAD\/CAM, zapewniaj\u0105c weryfikacj\u0119 jako\u015bci produktu.<\/p>\t\t\t\t\t\t\t\t<\/div>\n\t\t\t\t<\/div>\n\t\t\t\t<div class=\"elementor-element elementor-element-0d10506 elementor-widget elementor-widget-image\" data-id=\"0d10506\" data-element_type=\"widget\" data-widget_type=\"image.default\">\n\t\t\t\t<div class=\"elementor-widget-container\">\n\t\t\t\t\t\t\t\t\t\t\t\t\t\t\t<img decoding=\"async\" width=\"600\" height=\"700\" src=\"https:\/\/www.borowskiengineering.com\/wp-content\/uploads\/2022\/07\/faro-arm.jpg\" class=\"attachment-large size-large wp-image-4574\" alt=\"\" srcset=\"https:\/\/www.borowskiengineering.com\/wp-content\/uploads\/2022\/07\/faro-arm.jpg 600w, https:\/\/www.borowskiengineering.com\/wp-content\/uploads\/2022\/07\/faro-arm-257x300.jpg 257w, https:\/\/www.borowskiengineering.com\/wp-content\/uploads\/2022\/07\/faro-arm-504x588.jpg 504w\" sizes=\"(max-width: 600px) 100vw, 600px\" \/>\t\t\t\t\t\t\t\t\t\t\t\t\t\t\t<\/div>\n\t\t\t\t<\/div>\n\t\t\t\t\t<\/div>\n\t\t<\/div>\n\t\t\t\t\t<\/div>\n\t\t<\/section>\n\t\t\t\t<\/div>\n\t\t","protected":false},"excerpt":{"rendered":"<p>Frezowanie Od prototypowania po pe\u0142n\u0105 produkcj\u0119 seryjn\u0105, nasza technologia frezowania CNC pozwala nam pracowa\u0107 z wysok\u0105 precyzj\u0105, wytwarzaj\u0105c niestandardowe cz\u0119\u015bci wysokiej jako\u015bci, kt\u00f3re spe\u0142ni\u0105 Pa\u0144stwa potrzeby i oczekiwania. Toczenie Od cz\u0119\u015bci CNC po kompleksowe rozwi\u0105zania in\u017cynieryjne, oferujemy naszym klientom najlepsze produkty wysokiej jako\u015bci w szerokiej gamie kszta\u0142t\u00f3w, rozmiar\u00f3w i z\u0142o\u017conych element\u00f3w w przyst\u0119pnych cenach. Niezale\u017cnie [&hellip;]<\/p>\n","protected":false},"author":1,"featured_media":0,"parent":0,"menu_order":0,"comment_status":"closed","ping_status":"closed","template":"","meta":{"_monsterinsights_skip_tracking":false,"_monsterinsights_sitenote_active":false,"_monsterinsights_sitenote_note":"","_monsterinsights_sitenote_category":0,"ocean_post_layout":"full-width","ocean_both_sidebars_style":"","ocean_both_sidebars_content_width":0,"ocean_both_sidebars_sidebars_width":0,"ocean_sidebar":"0","ocean_second_sidebar":"0","ocean_disable_margins":"enable","ocean_add_body_class":"","ocean_shortcode_before_top_bar":"","ocean_shortcode_after_top_bar":"","ocean_shortcode_before_header":"","ocean_shortcode_after_header":"","ocean_has_shortcode":"","ocean_shortcode_after_title":"","ocean_shortcode_before_footer_widgets":"","ocean_shortcode_after_footer_widgets":"","ocean_shortcode_before_footer_bottom":"","ocean_shortcode_after_footer_bottom":"","ocean_display_top_bar":"default","ocean_display_header":"default","ocean_header_style":"","ocean_center_header_left_menu":"0","ocean_custom_header_template":"0","ocean_custom_logo":0,"ocean_custom_retina_logo":0,"ocean_custom_logo_max_width":0,"ocean_custom_logo_tablet_max_width":0,"ocean_custom_logo_mobile_max_width":0,"ocean_custom_logo_max_height":0,"ocean_custom_logo_tablet_max_height":0,"ocean_custom_logo_mobile_max_height":0,"ocean_header_custom_menu":"0","ocean_menu_typo_font_family":"0","ocean_menu_typo_font_subset":"","ocean_menu_typo_font_size":0,"ocean_menu_typo_font_size_tablet":0,"ocean_menu_typo_font_size_mobile":0,"ocean_menu_typo_font_size_unit":"px","ocean_menu_typo_font_weight":"","ocean_menu_typo_font_weight_tablet":"","ocean_menu_typo_font_weight_mobile":"","ocean_menu_typo_transform":"","ocean_menu_typo_transform_tablet":"","ocean_menu_typo_transform_mobile":"","ocean_menu_typo_line_height":0,"ocean_menu_typo_line_height_tablet":0,"ocean_menu_typo_line_height_mobile":0,"ocean_menu_typo_line_height_unit":"","ocean_menu_typo_spacing":0,"ocean_menu_typo_spacing_tablet":0,"ocean_menu_typo_spacing_mobile":0,"ocean_menu_typo_spacing_unit":"","ocean_menu_link_color":"","ocean_menu_link_color_hover":"","ocean_menu_link_color_active":"","ocean_menu_link_background":"","ocean_menu_link_hover_background":"","ocean_menu_link_active_background":"","ocean_menu_social_links_bg":"","ocean_menu_social_hover_links_bg":"","ocean_menu_social_links_color":"","ocean_menu_social_hover_links_color":"","ocean_disable_title":"default","ocean_disable_heading":"default","ocean_post_title":"","ocean_post_subheading":"","ocean_post_title_style":"","ocean_post_title_background_color":"","ocean_post_title_background":0,"ocean_post_title_bg_image_position":"","ocean_post_title_bg_image_attachment":"","ocean_post_title_bg_image_repeat":"","ocean_post_title_bg_image_size":"","ocean_post_title_height":0,"ocean_post_title_bg_overlay":0.5,"ocean_post_title_bg_overlay_color":"","ocean_disable_breadcrumbs":"default","ocean_breadcrumbs_color":"","ocean_breadcrumbs_separator_color":"","ocean_breadcrumbs_links_color":"","ocean_breadcrumbs_links_hover_color":"","ocean_display_footer_widgets":"default","ocean_display_footer_bottom":"default","ocean_custom_footer_template":"0","footnotes":""},"class_list":["post-4581","page","type-page","status-publish","hentry","entry","owp-thumbs-layout-horizontal","owp-btn-normal","owp-tabs-layout-horizontal","has-no-thumbnails","has-product-nav"],"_links":{"self":[{"href":"https:\/\/www.borowskiengineering.com\/pl\/wp-json\/wp\/v2\/pages\/4581","targetHints":{"allow":["GET"]}}],"collection":[{"href":"https:\/\/www.borowskiengineering.com\/pl\/wp-json\/wp\/v2\/pages"}],"about":[{"href":"https:\/\/www.borowskiengineering.com\/pl\/wp-json\/wp\/v2\/types\/page"}],"author":[{"embeddable":true,"href":"https:\/\/www.borowskiengineering.com\/pl\/wp-json\/wp\/v2\/users\/1"}],"replies":[{"embeddable":true,"href":"https:\/\/www.borowskiengineering.com\/pl\/wp-json\/wp\/v2\/comments?post=4581"}],"version-history":[{"count":1,"href":"https:\/\/www.borowskiengineering.com\/pl\/wp-json\/wp\/v2\/pages\/4581\/revisions"}],"predecessor-version":[{"id":4582,"href":"https:\/\/www.borowskiengineering.com\/pl\/wp-json\/wp\/v2\/pages\/4581\/revisions\/4582"}],"wp:attachment":[{"href":"https:\/\/www.borowskiengineering.com\/pl\/wp-json\/wp\/v2\/media?parent=4581"}],"curies":[{"name":"wp","href":"https:\/\/api.w.org\/{rel}","templated":true}]}}