
{"id":4591,"date":"2022-06-13T22:02:28","date_gmt":"2022-06-13T20:02:28","guid":{"rendered":"https:\/\/www.borowskiengineering.com\/regulamin\/"},"modified":"2025-09-02T16:13:12","modified_gmt":"2025-09-02T14:13:12","slug":"regulamin","status":"publish","type":"page","link":"https:\/\/www.borowskiengineering.com\/pl\/regulamin\/","title":{"rendered":"Regulamin"},"content":{"rendered":"\t\t<div data-elementor-type=\"wp-page\" data-elementor-id=\"4591\" class=\"elementor elementor-4591 elementor-9\" data-elementor-post-type=\"page\">\n\t\t\t\t\t\t<section class=\"elementor-section elementor-top-section elementor-element elementor-element-1a3cff0b elementor-section-boxed elementor-section-height-default elementor-section-height-default\" data-id=\"1a3cff0b\" data-element_type=\"section\">\n\t\t\t\t\t\t<div class=\"elementor-container elementor-column-gap-default\">\n\t\t\t\t\t<div class=\"elementor-column elementor-col-100 elementor-top-column elementor-element elementor-element-30e8ed60\" data-id=\"30e8ed60\" data-element_type=\"column\">\n\t\t\t<div class=\"elementor-widget-wrap elementor-element-populated\">\n\t\t\t\t\t\t<div class=\"elementor-element elementor-element-743df71a elementor-widget elementor-widget-text-editor\" data-id=\"743df71a\" data-element_type=\"widget\" data-widget_type=\"text-editor.default\">\n\t\t\t\t<div class=\"elementor-widget-container\">\n\t\t\t\t\t\t\t\t\t<p><\/p>\n<h3>Informacje o dostawie<\/h3>\n<p><\/p>\n<p style=\"padding-left: 40px;\">Zam\u00f3wienia zostan\u0105 wys\u0142ane w ci\u0105gu 3 dni roboczych od potwierdzenia wysy\u0142ki. Koszty dostawy zale\u017c\u0105 od wagi i rozmiaru zam\u00f3wienia. Naszym wybranym i preferowanym kurierem dla dostaw na ca\u0142ym \u015bwiecie jest DPD, chyba \u017ce klient okre\u015bli inaczej.<br>Ceny nie zawieraj\u0105 podatku VAT ani op\u0142at celnych importowych i s\u0105<br>p\u0142atne przez klienta.<\/p>\n<p><\/p>\n<h2>Anulowanie zam\u00f3wie\u0144<\/h2>\n<p style=\"padding-left: 40px;\">Po z\u0142o\u017ceniu zam\u00f3wienia zastrzegamy sobie prawo do anulowania lub przyj\u0119cia zwrot\u00f3w (zgodnie z regulaminem).<\/p>\n<p><\/p>\n<div>\n<h2>Polityka prywatno\u015bci<\/h2>\n<p style=\"padding-left: 40px;\">Polityka prywatno\u015bci opisuje, w jaki spos\u00f3b Pa\u0144stwa dane osobowe s\u0105 zbierane, wykorzystywane i udost\u0119pniane podczas odwiedzania naszej strony internetowej lub dokonywania zakup\u00f3w w naszym sklepie internetowym. W Borowski Engineering dbamy o prywatno\u015b\u0107 naszych odwiedzaj\u0105cych przez ca\u0142y czas i zbieramy od Pa\u0144stwa tylko te dane i informacje, kt\u00f3re s\u0105 niezb\u0119dne do wysy\u0142ania wiadomo\u015bci lub sk\u0142adania zam\u00f3wie\u0144 za po\u015brednictwem naszej strony internetowej. Wszystkie Pa\u0144stwa dane s\u0105 przechowywane w celach prawnych, podatkowych i pocztowych. Nie przechowujemy informacji o p\u0142atno\u015bciach, jednak transakcje s\u0105 widoczne na naszych wyci\u0105gach bankowych.<\/p>\n<p style=\"padding-left: 40px;\">U\u017cywamy plik\u00f3w cookies na naszej stronie internetowej, aby zapewni\u0107 Pa\u0144stwu najbardziej odpowiednie do\u015bwiadczenie poprzez zapami\u0119tywanie preferencji i ponownych wizyt.<\/p>\n<\/div>\n<div>\n<h2>Wymiany<\/h2>\n<p style=\"padding-left: 40px;\">Wymieniamy produkty tylko w przypadku, gdy s\u0105 wadliwe lub uszkodzone. Je\u015bli potrzebuj\u0105 Pa\u0144stwo wymieni\u0107 produkt na taki sam, prosimy o wys\u0142anie wiadomo\u015bci e-mail na adres <a href=\"mailto:info@borowskiengineering.com\">info@borowskiengineering.com<\/a>.<\/p>\n<\/div>\n<div> <\/div>\n<div>\n<h2>Potrzebuj\u0105 Pa\u0144stwo dodatkowej pomocy?<\/h2>\n<\/div>\n<p><\/p>\n<p><\/p>\n<p style=\"padding-left: 40px;\">Prosimy o <span style=\"text-decoration: underline;\"><a href=\"https:\/\/www.borowskiengineering.com\/pl\/skontaktuj-sie-z-nami\/\" rel=\"nofollow \">wys\u0142anie nam wiadomo\u015bci e-mail<\/a><\/span> z pytaniami, a ch\u0119tnie na nie odpowiemy.<\/p>\n<p><\/p>\t\t\t\t\t\t\t\t<\/div>\n\t\t\t\t<\/div>\n\t\t\t\t\t<\/div>\n\t\t<\/div>\n\t\t\t\t\t<\/div>\n\t\t<\/section>\n\t\t\t\t<\/div>\n\t\t","protected":false},"excerpt":{"rendered":"<p>Informacje o dostawie Zam\u00f3wienia zostan\u0105 wys\u0142ane w ci\u0105gu 3 dni roboczych od potwierdzenia wysy\u0142ki. Koszty dostawy zale\u017c\u0105 od wagi i rozmiaru zam\u00f3wienia. Naszym wybranym i preferowanym kurierem dla dostaw na ca\u0142ym \u015bwiecie jest DPD, chyba \u017ce klient okre\u015bli inaczej.Ceny nie zawieraj\u0105 podatku VAT ani op\u0142at celnych importowych i s\u0105p\u0142atne przez klienta. Anulowanie zam\u00f3wie\u0144 Po z\u0142o\u017ceniu [&hellip;]<\/p>\n","protected":false},"author":1,"featured_media":0,"parent":0,"menu_order":0,"comment_status":"closed","ping_status":"closed","template":"","meta":{"_monsterinsights_skip_tracking":false,"_monsterinsights_sitenote_active":false,"_monsterinsights_sitenote_note":"","_monsterinsights_sitenote_category":0,"ocean_post_layout":"full-width","ocean_both_sidebars_style":"","ocean_both_sidebars_content_width":0,"ocean_both_sidebars_sidebars_width":0,"ocean_sidebar":"0","ocean_second_sidebar":"0","ocean_disable_margins":"enable","ocean_add_body_class":"","ocean_shortcode_before_top_bar":"","ocean_shortcode_after_top_bar":"","ocean_shortcode_before_header":"","ocean_shortcode_after_header":"","ocean_has_shortcode":"","ocean_shortcode_after_title":"","ocean_shortcode_before_footer_widgets":"","ocean_shortcode_after_footer_widgets":"","ocean_shortcode_before_footer_bottom":"","ocean_shortcode_after_footer_bottom":"","ocean_display_top_bar":"default","ocean_display_header":"default","ocean_header_style":"","ocean_center_header_left_menu":"0","ocean_custom_header_template":"0","ocean_custom_logo":0,"ocean_custom_retina_logo":0,"ocean_custom_logo_max_width":0,"ocean_custom_logo_tablet_max_width":0,"ocean_custom_logo_mobile_max_width":0,"ocean_custom_logo_max_height":0,"ocean_custom_logo_tablet_max_height":0,"ocean_custom_logo_mobile_max_height":0,"ocean_header_custom_menu":"0","ocean_menu_typo_font_family":"0","ocean_menu_typo_font_subset":"","ocean_menu_typo_font_size":0,"ocean_menu_typo_font_size_tablet":0,"ocean_menu_typo_font_size_mobile":0,"ocean_menu_typo_font_size_unit":"px","ocean_menu_typo_font_weight":"","ocean_menu_typo_font_weight_tablet":"","ocean_menu_typo_font_weight_mobile":"","ocean_menu_typo_transform":"","ocean_menu_typo_transform_tablet":"","ocean_menu_typo_transform_mobile":"","ocean_menu_typo_line_height":0,"ocean_menu_typo_line_height_tablet":0,"ocean_menu_typo_line_height_mobile":0,"ocean_menu_typo_line_height_unit":"","ocean_menu_typo_spacing":0,"ocean_menu_typo_spacing_tablet":0,"ocean_menu_typo_spacing_mobile":0,"ocean_menu_typo_spacing_unit":"","ocean_menu_link_color":"","ocean_menu_link_color_hover":"","ocean_menu_link_color_active":"","ocean_menu_link_background":"","ocean_menu_link_hover_background":"","ocean_menu_link_active_background":"","ocean_menu_social_links_bg":"","ocean_menu_social_hover_links_bg":"","ocean_menu_social_links_color":"","ocean_menu_social_hover_links_color":"","ocean_disable_title":"default","ocean_disable_heading":"default","ocean_post_title":"","ocean_post_subheading":"","ocean_post_title_style":"","ocean_post_title_background_color":"","ocean_post_title_background":0,"ocean_post_title_bg_image_position":"","ocean_post_title_bg_image_attachment":"","ocean_post_title_bg_image_repeat":"","ocean_post_title_bg_image_size":"","ocean_post_title_height":0,"ocean_post_title_bg_overlay":0.5,"ocean_post_title_bg_overlay_color":"","ocean_disable_breadcrumbs":"default","ocean_breadcrumbs_color":"","ocean_breadcrumbs_separator_color":"","ocean_breadcrumbs_links_color":"","ocean_breadcrumbs_links_hover_color":"","ocean_display_footer_widgets":"default","ocean_display_footer_bottom":"default","ocean_custom_footer_template":"0","footnotes":""},"class_list":["post-4591","page","type-page","status-publish","hentry","entry","owp-thumbs-layout-horizontal","owp-btn-normal","owp-tabs-layout-horizontal","has-no-thumbnails","has-product-nav"],"_links":{"self":[{"href":"https:\/\/www.borowskiengineering.com\/pl\/wp-json\/wp\/v2\/pages\/4591","targetHints":{"allow":["GET"]}}],"collection":[{"href":"https:\/\/www.borowskiengineering.com\/pl\/wp-json\/wp\/v2\/pages"}],"about":[{"href":"https:\/\/www.borowskiengineering.com\/pl\/wp-json\/wp\/v2\/types\/page"}],"author":[{"embeddable":true,"href":"https:\/\/www.borowskiengineering.com\/pl\/wp-json\/wp\/v2\/users\/1"}],"replies":[{"embeddable":true,"href":"https:\/\/www.borowskiengineering.com\/pl\/wp-json\/wp\/v2\/comments?post=4591"}],"version-history":[{"count":5,"href":"https:\/\/www.borowskiengineering.com\/pl\/wp-json\/wp\/v2\/pages\/4591\/revisions"}],"predecessor-version":[{"id":4599,"href":"https:\/\/www.borowskiengineering.com\/pl\/wp-json\/wp\/v2\/pages\/4591\/revisions\/4599"}],"wp:attachment":[{"href":"https:\/\/www.borowskiengineering.com\/pl\/wp-json\/wp\/v2\/media?parent=4591"}],"curies":[{"name":"wp","href":"https:\/\/api.w.org\/{rel}","templated":true}]}}