
{"id":4600,"date":"2022-06-13T22:02:11","date_gmt":"2022-06-13T20:02:11","guid":{"rendered":"https:\/\/www.borowskiengineering.com\/polityka-prywatnosci\/"},"modified":"2025-09-02T16:14:28","modified_gmt":"2025-09-02T14:14:28","slug":"polityka-prywatnosci","status":"publish","type":"page","link":"https:\/\/www.borowskiengineering.com\/pl\/polityka-prywatnosci\/","title":{"rendered":"Polityka Prywatno\u015bci"},"content":{"rendered":"\t\t<div data-elementor-type=\"wp-page\" data-elementor-id=\"4600\" class=\"elementor elementor-4600 elementor-3\" data-elementor-post-type=\"page\">\n\t\t\t\t\t\t<section class=\"elementor-section elementor-top-section elementor-element elementor-element-11cde781 elementor-section-boxed elementor-section-height-default elementor-section-height-default\" data-id=\"11cde781\" data-element_type=\"section\">\n\t\t\t\t\t\t<div class=\"elementor-container elementor-column-gap-default\">\n\t\t\t\t\t<div class=\"elementor-column elementor-col-100 elementor-top-column elementor-element elementor-element-190328a2\" data-id=\"190328a2\" data-element_type=\"column\">\n\t\t\t<div class=\"elementor-widget-wrap elementor-element-populated\">\n\t\t\t\t\t\t<div class=\"elementor-element elementor-element-2d0d4954 elementor-widget elementor-widget-text-editor\" data-id=\"2d0d4954\" data-element_type=\"widget\" data-widget_type=\"text-editor.default\">\n\t\t\t\t<div class=\"elementor-widget-container\">\n\t\t\t\t\t\t\t\t\t<p>Borowski Engineering (\u201emy&#8221;) szanujemy Twoj\u0105 prywatno\u015b\u0107 i zobowi\u0105zujemy si\u0119 do ochrony Twoich danych osobowych. Niniejsza polityka informuje, w jaki spos\u00f3b gromadzimy, chronimy i ujawniamy Twoje dane osobowe podczas odwiedzania naszej strony internetowej <a href=\"https:\/\/www.borowskiengineering.com\/pl\/\">https:\/\/www.borowskiengineering.com<\/a><\/p>\n<p><strong>Jakie dane osobowe od Ciebie zbieramy<\/strong><\/p>\n<p>Gromadzimy i przetwarzamy nast\u0119puj\u0105ce dane o Tobie:<\/p>\n<p>Podczas dokonywania zakupu zbieramy i przetwarzamy dane transakcyjne, kt\u00f3re mog\u0105 obejmowa\u0107 informacje o p\u0142atno\u015bci, dane karty, adres rozliczeniowy\/dostawy, zam\u00f3wienia i paragony, adresy e-mail oraz numer telefonu.<\/p>\n<p><strong>Jak wykorzystujemy Twoje dane osobowe<\/strong><\/p>\n<p>Mo\u017cemy wykorzystywa\u0107 Twoje dane osobowe tylko w \u015bci\u015ble okre\u015blonych warunkach. S\u0105 to tak zwane \u201ePrawnie uzasadnione podstawy przetwarzania&#8221; i musimy by\u0107 w stanie uzasadni\u0107 wykorzystanie Twoich danych osobowych na podstawie co najmniej jednej z nich. S\u0105 to: zgoda, zobowi\u0105zania umowne, obowi\u0105zki prawne oraz uzasadnione interesy.<\/p>\n<p><strong>Pliki Cookie<\/strong><\/p>\n<p>Nasza strona internetowa wykorzystuje pliki Cookie, aby odr\u00f3\u017cni\u0107 Ci\u0119 od innych u\u017cytkownik\u00f3w naszej strony. Pomaga nam to zapewni\u0107 dobre do\u015bwiadczenia podczas przegl\u0105dania naszej strony internetowej, a tak\u017ce umo\u017cliwia nam jej ulepszanie. Kontynuuj\u0105c przegl\u0105danie naszej strony internetowej, wyra\u017casz zgod\u0119 na wykorzystywanie przez nas plik\u00f3w Cookie.<\/p>\n<p><strong>Dodatkowe informacje<\/strong><\/p>\n<p>Je\u015bli chcesz uzyska\u0107 wi\u0119cej informacji lub masz pytanie dotycz\u0105ce Twoich danych osobowych lub plik\u00f3w Cookie, prosimy o kontakt mailowy: <a href=\"mailto:info@borowskiengineering.com\">info@borowskiengineering.com<\/a><\/p>\t\t\t\t\t\t\t\t<\/div>\n\t\t\t\t<\/div>\n\t\t\t\t\t<\/div>\n\t\t<\/div>\n\t\t\t\t\t<\/div>\n\t\t<\/section>\n\t\t\t\t<\/div>\n\t\t","protected":false},"excerpt":{"rendered":"<p>Borowski Engineering (\u201emy&#8221;) szanujemy Twoj\u0105 prywatno\u015b\u0107 i zobowi\u0105zujemy si\u0119 do ochrony Twoich danych osobowych. Niniejsza polityka informuje, w jaki spos\u00f3b gromadzimy, chronimy i ujawniamy Twoje dane osobowe podczas odwiedzania naszej strony internetowej https:\/\/www.borowskiengineering.com Jakie dane osobowe od Ciebie zbieramy Gromadzimy i przetwarzamy nast\u0119puj\u0105ce dane o Tobie: Podczas dokonywania zakupu zbieramy i przetwarzamy dane transakcyjne, kt\u00f3re [&hellip;]<\/p>\n","protected":false},"author":1,"featured_media":0,"parent":0,"menu_order":0,"comment_status":"closed","ping_status":"open","template":"elementor_header_footer","meta":{"_monsterinsights_skip_tracking":false,"_monsterinsights_sitenote_active":false,"_monsterinsights_sitenote_note":"","_monsterinsights_sitenote_category":0,"ocean_post_layout":"","ocean_both_sidebars_style":"","ocean_both_sidebars_content_width":0,"ocean_both_sidebars_sidebars_width":0,"ocean_sidebar":"","ocean_second_sidebar":"","ocean_disable_margins":"enable","ocean_add_body_class":"","ocean_shortcode_before_top_bar":"","ocean_shortcode_after_top_bar":"","ocean_shortcode_before_header":"","ocean_shortcode_after_header":"","ocean_has_shortcode":"","ocean_shortcode_after_title":"","ocean_shortcode_before_footer_widgets":"","ocean_shortcode_after_footer_widgets":"","ocean_shortcode_before_footer_bottom":"","ocean_shortcode_after_footer_bottom":"","ocean_display_top_bar":"default","ocean_display_header":"default","ocean_header_style":"","ocean_center_header_left_menu":"","ocean_custom_header_template":"","ocean_custom_logo":0,"ocean_custom_retina_logo":0,"ocean_custom_logo_max_width":0,"ocean_custom_logo_tablet_max_width":0,"ocean_custom_logo_mobile_max_width":0,"ocean_custom_logo_max_height":0,"ocean_custom_logo_tablet_max_height":0,"ocean_custom_logo_mobile_max_height":0,"ocean_header_custom_menu":"","ocean_menu_typo_font_family":"","ocean_menu_typo_font_subset":"","ocean_menu_typo_font_size":0,"ocean_menu_typo_font_size_tablet":0,"ocean_menu_typo_font_size_mobile":0,"ocean_menu_typo_font_size_unit":"px","ocean_menu_typo_font_weight":"","ocean_menu_typo_font_weight_tablet":"","ocean_menu_typo_font_weight_mobile":"","ocean_menu_typo_transform":"","ocean_menu_typo_transform_tablet":"","ocean_menu_typo_transform_mobile":"","ocean_menu_typo_line_height":0,"ocean_menu_typo_line_height_tablet":0,"ocean_menu_typo_line_height_mobile":0,"ocean_menu_typo_line_height_unit":"","ocean_menu_typo_spacing":0,"ocean_menu_typo_spacing_tablet":0,"ocean_menu_typo_spacing_mobile":0,"ocean_menu_typo_spacing_unit":"","ocean_menu_link_color":"","ocean_menu_link_color_hover":"","ocean_menu_link_color_active":"","ocean_menu_link_background":"","ocean_menu_link_hover_background":"","ocean_menu_link_active_background":"","ocean_menu_social_links_bg":"","ocean_menu_social_hover_links_bg":"","ocean_menu_social_links_color":"","ocean_menu_social_hover_links_color":"","ocean_disable_title":"default","ocean_disable_heading":"default","ocean_post_title":"","ocean_post_subheading":"","ocean_post_title_style":"","ocean_post_title_background_color":"","ocean_post_title_background":0,"ocean_post_title_bg_image_position":"","ocean_post_title_bg_image_attachment":"","ocean_post_title_bg_image_repeat":"","ocean_post_title_bg_image_size":"","ocean_post_title_height":0,"ocean_post_title_bg_overlay":0.5,"ocean_post_title_bg_overlay_color":"","ocean_disable_breadcrumbs":"default","ocean_breadcrumbs_color":"","ocean_breadcrumbs_separator_color":"","ocean_breadcrumbs_links_color":"","ocean_breadcrumbs_links_hover_color":"","ocean_display_footer_widgets":"default","ocean_display_footer_bottom":"default","ocean_custom_footer_template":"","footnotes":""},"class_list":["post-4600","page","type-page","status-publish","hentry","entry","owp-thumbs-layout-horizontal","owp-btn-normal","owp-tabs-layout-horizontal","has-no-thumbnails","has-product-nav"],"_links":{"self":[{"href":"https:\/\/www.borowskiengineering.com\/pl\/wp-json\/wp\/v2\/pages\/4600","targetHints":{"allow":["GET"]}}],"collection":[{"href":"https:\/\/www.borowskiengineering.com\/pl\/wp-json\/wp\/v2\/pages"}],"about":[{"href":"https:\/\/www.borowskiengineering.com\/pl\/wp-json\/wp\/v2\/types\/page"}],"author":[{"embeddable":true,"href":"https:\/\/www.borowskiengineering.com\/pl\/wp-json\/wp\/v2\/users\/1"}],"replies":[{"embeddable":true,"href":"https:\/\/www.borowskiengineering.com\/pl\/wp-json\/wp\/v2\/comments?post=4600"}],"version-history":[{"count":1,"href":"https:\/\/www.borowskiengineering.com\/pl\/wp-json\/wp\/v2\/pages\/4600\/revisions"}],"predecessor-version":[{"id":4601,"href":"https:\/\/www.borowskiengineering.com\/pl\/wp-json\/wp\/v2\/pages\/4600\/revisions\/4601"}],"wp:attachment":[{"href":"https:\/\/www.borowskiengineering.com\/pl\/wp-json\/wp\/v2\/media?parent=4600"}],"curies":[{"name":"wp","href":"https:\/\/api.w.org\/{rel}","templated":true}]}}