
{"id":4650,"date":"2025-06-27T15:08:03","date_gmt":"2025-06-27T13:08:03","guid":{"rendered":"https:\/\/www.borowskiengineering.com\/product\/volvo-s60-2-3-turbo-kia-sorento-2-5crdi-adapter-plate\/"},"modified":"2026-03-18T17:13:56","modified_gmt":"2026-03-18T15:13:56","slug":"volvo-s60-2-3-turbo-kia-sorento-2-5crdi-skrzynia-auto-adapter-i-plyta-konwertera-cnc","status":"publish","type":"product","link":"https:\/\/www.borowskiengineering.com\/pl\/produkt\/volvo-s60-2-3-turbo-kia-sorento-2-5crdi-skrzynia-auto-adapter-i-plyta-konwertera-cnc\/","title":{"rendered":"Volvo S60 2.3 Turbo &#8211; Kia Sorento 2.5CRDI Auto Adapter i P\u0142yta Konwertera CNC"},"content":{"rendered":"<p>Dla mi\u0142o\u015bnik\u00f3w Volvo, mamy wyj\u0105tkow\u0105 konwersj\u0119&#8230;<\/p>\n<p>Przedstawiamy zestaw do konwersji silnika Volvo S60 2.3 turbo 250KM z automatyczn\u0105 skrzyni\u0105 bieg\u00f3w Kia Sorento 2.5CRDI 170KM, wersja podwy\u017cszona.<\/p>\n<p>Wszystkie elementy wykonane s\u0105 ze specjalnej stali, kt\u00f3ra jest wysoce wytrzyma\u0142a i odporna na wysok\u0105 temperatur\u0119 oraz ci\u015bnienie.<\/p>\n<p>Zestaw zawiera:<\/p>\n<ul>\n<li>p\u0142yta adaptacyjna<\/li>\n<li>os\u0142on\u0119 konwertera<\/li>\n<li>wa\u0142 adaptacyjny<\/li>\n<li>pier\u015bcie\u0144 Segera<\/li>\n<\/ul>\n<div>Zaprojektowane w oprogramowaniu CAD\/CAM i wykonane w technologii CNC dla uzyskania najwy\u017cszej jako\u015bci wyko\u0144czenia i dopasowania.<\/div>\n<div>Wyprodukowano w UE.<\/div>\n<p>&nbsp;<\/p>\n","protected":false},"excerpt":{"rendered":"<p>Dla mi\u0142o\u015bnik\u00f3w Volvo, mamy wyj\u0105tkow\u0105 konwersj\u0119&#8230; Przedstawiamy zestaw do konwersji silnika Volvo S60 2.3 turbo 250KM z automatyczn\u0105 skrzyni\u0105 bieg\u00f3w Kia Sorento 2.5CRDI 170KM, wersja podwy\u017cszona. Wszystkie elementy wykonane s\u0105 ze specjalnej stali, kt\u00f3ra jest wysoce wytrzyma\u0142a i odporna na wysok\u0105 temperatur\u0119 oraz ci\u015bnienie. Zestaw zawiera: p\u0142yta adaptacyjna os\u0142on\u0119 konwertera wa\u0142 adaptacyjny pier\u015bcie\u0144 Segera Zaprojektowane [&hellip;]<\/p>\n","protected":false},"featured_media":4651,"comment_status":"closed","ping_status":"closed","template":"","meta":{"_monsterinsights_skip_tracking":false,"_monsterinsights_sitenote_active":false,"_monsterinsights_sitenote_note":"","_monsterinsights_sitenote_category":0,"ocean_post_layout":"","ocean_both_sidebars_style":"","ocean_both_sidebars_content_width":0,"ocean_both_sidebars_sidebars_width":0,"ocean_sidebar":"0","ocean_second_sidebar":"0","ocean_disable_margins":"enable","ocean_add_body_class":"","ocean_shortcode_before_top_bar":"","ocean_shortcode_after_top_bar":"","ocean_shortcode_before_header":"","ocean_shortcode_after_header":"","ocean_has_shortcode":"","ocean_shortcode_after_title":"","ocean_shortcode_before_footer_widgets":"","ocean_shortcode_after_footer_widgets":"","ocean_shortcode_before_footer_bottom":"","ocean_shortcode_after_footer_bottom":"","ocean_display_top_bar":"default","ocean_display_header":"default","ocean_header_style":"","ocean_center_header_left_menu":"0","ocean_custom_header_template":"0","ocean_custom_logo":0,"ocean_custom_retina_logo":0,"ocean_custom_logo_max_width":0,"ocean_custom_logo_tablet_max_width":0,"ocean_custom_logo_mobile_max_width":0,"ocean_custom_logo_max_height":0,"ocean_custom_logo_tablet_max_height":0,"ocean_custom_logo_mobile_max_height":0,"ocean_header_custom_menu":"0","ocean_menu_typo_font_family":"0","ocean_menu_typo_font_subset":"","ocean_menu_typo_font_size":0,"ocean_menu_typo_font_size_tablet":0,"ocean_menu_typo_font_size_mobile":0,"ocean_menu_typo_font_size_unit":"px","ocean_menu_typo_font_weight":"","ocean_menu_typo_font_weight_tablet":"","ocean_menu_typo_font_weight_mobile":"","ocean_menu_typo_transform":"","ocean_menu_typo_transform_tablet":"","ocean_menu_typo_transform_mobile":"","ocean_menu_typo_line_height":0,"ocean_menu_typo_line_height_tablet":0,"ocean_menu_typo_line_height_mobile":0,"ocean_menu_typo_line_height_unit":"","ocean_menu_typo_spacing":0,"ocean_menu_typo_spacing_tablet":0,"ocean_menu_typo_spacing_mobile":0,"ocean_menu_typo_spacing_unit":"","ocean_menu_link_color":"","ocean_menu_link_color_hover":"","ocean_menu_link_color_active":"","ocean_menu_link_background":"","ocean_menu_link_hover_background":"","ocean_menu_link_active_background":"","ocean_menu_social_links_bg":"","ocean_menu_social_hover_links_bg":"","ocean_menu_social_links_color":"","ocean_menu_social_hover_links_color":"","ocean_disable_title":"default","ocean_disable_heading":"default","ocean_post_title":"","ocean_post_subheading":"","ocean_post_title_style":"","ocean_post_title_background_color":"","ocean_post_title_background":0,"ocean_post_title_bg_image_position":"","ocean_post_title_bg_image_attachment":"","ocean_post_title_bg_image_repeat":"","ocean_post_title_bg_image_size":"","ocean_post_title_height":0,"ocean_post_title_bg_overlay":0.5,"ocean_post_title_bg_overlay_color":"","ocean_disable_breadcrumbs":"default","ocean_breadcrumbs_color":"","ocean_breadcrumbs_separator_color":"","ocean_breadcrumbs_links_color":"","ocean_breadcrumbs_links_hover_color":"","ocean_display_footer_widgets":"default","ocean_display_footer_bottom":"default","ocean_custom_footer_template":"0"},"product_brand":[],"product_cat":[355,377,378],"product_tag":[382,380,379],"class_list":{"0":"post-4650","1":"product","2":"type-product","3":"status-publish","4":"has-post-thumbnail","6":"product_cat-czesci-samochodowe","7":"product_cat-kia","8":"product_cat-volvo","9":"product_tag-adapter","10":"product_tag-kia-sorento","11":"product_tag-volvo-s60","13":"entry","14":"has-media","16":"first","17":"instock","18":"taxable","19":"shipping-taxable","20":"purchasable","21":"product-type-simple","22":"has-product-nav","23":"col","24":"span_1_of_3","25":"owp-content-center","26":"owp-thumbs-layout-horizontal","27":"owp-btn-normal","28":"owp-tabs-layout-horizontal"},"_links":{"self":[{"href":"https:\/\/www.borowskiengineering.com\/pl\/wp-json\/wp\/v2\/product\/4650","targetHints":{"allow":["GET"]}}],"collection":[{"href":"https:\/\/www.borowskiengineering.com\/pl\/wp-json\/wp\/v2\/product"}],"about":[{"href":"https:\/\/www.borowskiengineering.com\/pl\/wp-json\/wp\/v2\/types\/product"}],"replies":[{"embeddable":true,"href":"https:\/\/www.borowskiengineering.com\/pl\/wp-json\/wp\/v2\/comments?post=4650"}],"version-history":[{"count":5,"href":"https:\/\/www.borowskiengineering.com\/pl\/wp-json\/wp\/v2\/product\/4650\/revisions"}],"predecessor-version":[{"id":6476,"href":"https:\/\/www.borowskiengineering.com\/pl\/wp-json\/wp\/v2\/product\/4650\/revisions\/6476"}],"wp:featuredmedia":[{"embeddable":true,"href":"https:\/\/www.borowskiengineering.com\/pl\/wp-json\/wp\/v2\/media\/4651"}],"wp:attachment":[{"href":"https:\/\/www.borowskiengineering.com\/pl\/wp-json\/wp\/v2\/media?parent=4650"}],"wp:term":[{"taxonomy":"product_brand","embeddable":true,"href":"https:\/\/www.borowskiengineering.com\/pl\/wp-json\/wp\/v2\/product_brand?post=4650"},{"taxonomy":"product_cat","embeddable":true,"href":"https:\/\/www.borowskiengineering.com\/pl\/wp-json\/wp\/v2\/product_cat?post=4650"},{"taxonomy":"product_tag","embeddable":true,"href":"https:\/\/www.borowskiengineering.com\/pl\/wp-json\/wp\/v2\/product_tag?post=4650"}],"curies":[{"name":"wp","href":"https:\/\/api.w.org\/{rel}","templated":true}]}}