
{"id":4657,"date":"2025-07-01T17:31:21","date_gmt":"2025-07-01T15:31:21","guid":{"rendered":"https:\/\/www.borowskiengineering.com\/product\/bmw-6hp-xdrive-to-nissan-patrol-y60-y61-transfer-case\/"},"modified":"2026-03-18T17:12:31","modified_gmt":"2026-03-18T15:12:31","slug":"lacznik-adapter-bmw-6hp-8hp-xdrive-do-nissan-patrol-y61-reduktor","status":"publish","type":"product","link":"https:\/\/www.borowskiengineering.com\/pl\/produkt\/lacznik-adapter-bmw-6hp-8hp-xdrive-do-nissan-patrol-y61-reduktor\/","title":{"rendered":"\u0141\u0105cznik\/Adapter BMW 6HP &#038; 8HP xDrive do Nissan Patrol Y61 Reduktor"},"content":{"rendered":"<p>\u0141\u0105cznik \/ adapter do po\u0142\u0105czenia skrzyni automat BMW ZF6HP-26\/28 xDrive oraz ZF8HP-70 xDrive do Nissan Patrol Y61 reduktora.<\/p>\n<p>Grubo\u015b\u0107 adaptera: 143 mm, wykonany ze specjalnej stali o zwi\u0119kszonej wytrzyma\u0142o\u015bci, odpornej na ci\u015bnienie i wysok\u0105 temperatur\u0119. Obr\u00f3bka CNC po spawaniu gwarantuje idealn\u0105 r\u00f3wnoleg\u0142o\u015b\u0107 powierzchni przylegania, zapewniaj\u0105c w\u0142a\u015bciwe ustawienie wa\u0142u wyj\u015bciowego skrzyni bieg\u00f3w wzgl\u0119dem wa\u0142u wej\u015bciowego skrzyni rozdzielczej.<\/p>\n<p>Podstawa \u0142\u0105cz\u0105ca zosta\u0142a zaprojektowana w trzech wariantach wysoko\u015bci, co umo\u017cliwia monta\u017c skrzyni bieg\u00f3w w r\u00f3\u017cnych pozycjach (patrz zdj\u0119cia):<\/p>\n<ol>\n<li>standardowa wysoko\u015b\u0107 jak w oryginalnej lokalizacji<\/li>\n<li>obni\u017cona wysoko\u015b\u0107 o 1 cm &#8211; w celu obni\u017cenia skrzyni bieg\u00f3w<\/li>\n<li>podwy\u017cszona wysoko\u015b\u0107 o 2 cm &#8211; w celu podniesienia skrzyni bieg\u00f3w<\/li>\n<\/ol>\n<p>\u0141\u0105cznik montowany na oryginalnych poduszkach skrzyni Nissan Patrol.<\/p>\n<div>Wa\u0142ek \u0142\u0105cz\u0105cy wykonany ze specjalnej stali chromowo-molibdenowej, poddanej obr\u00f3bce cieplnej do twardo\u015bci 53-55 HRC dla najlepszej wydajno\u015bci. Wyposa\u017cony w rowki pod \u0142o\u017cysko i pier\u015bcie\u0144 Seegera dla dodatkowego wsparcia. <strong>Wszystko zawarte w zam\u00f3wieniu!<\/strong><\/div>\n<div>Gotowy do monta\u017cu.<\/div>\n<div><\/div>\n<div>W razie jakichkolwiek pyta\u0144, prosimy o kontakt. Mo\u017cemy wykona\u0107 dowolny adapter na zam\u00f3wienie.<\/div>\n","protected":false},"excerpt":{"rendered":"<p>\u0141\u0105cznik \/ adapter do po\u0142\u0105czenia skrzyni automat BMW ZF6HP-26\/28 xDrive oraz ZF8HP-70 xDrive do Nissan Patrol Y61 reduktora. Grubo\u015b\u0107 adaptera: 143 mm, wykonany ze specjalnej stali o zwi\u0119kszonej wytrzyma\u0142o\u015bci, odpornej na ci\u015bnienie i wysok\u0105 temperatur\u0119. Obr\u00f3bka CNC po spawaniu gwarantuje idealn\u0105 r\u00f3wnoleg\u0142o\u015b\u0107 powierzchni przylegania, zapewniaj\u0105c w\u0142a\u015bciwe ustawienie wa\u0142u wyj\u015bciowego skrzyni bieg\u00f3w wzgl\u0119dem wa\u0142u wej\u015bciowego skrzyni [&hellip;]<\/p>\n","protected":false},"featured_media":6656,"comment_status":"closed","ping_status":"closed","template":"","meta":{"_monsterinsights_skip_tracking":false,"_monsterinsights_sitenote_active":false,"_monsterinsights_sitenote_note":"","_monsterinsights_sitenote_category":0,"ocean_post_layout":"","ocean_both_sidebars_style":"","ocean_both_sidebars_content_width":0,"ocean_both_sidebars_sidebars_width":0,"ocean_sidebar":"0","ocean_second_sidebar":"0","ocean_disable_margins":"enable","ocean_add_body_class":"","ocean_shortcode_before_top_bar":"","ocean_shortcode_after_top_bar":"","ocean_shortcode_before_header":"","ocean_shortcode_after_header":"","ocean_has_shortcode":"","ocean_shortcode_after_title":"","ocean_shortcode_before_footer_widgets":"","ocean_shortcode_after_footer_widgets":"","ocean_shortcode_before_footer_bottom":"","ocean_shortcode_after_footer_bottom":"","ocean_display_top_bar":"default","ocean_display_header":"default","ocean_header_style":"","ocean_center_header_left_menu":"0","ocean_custom_header_template":"0","ocean_custom_logo":0,"ocean_custom_retina_logo":0,"ocean_custom_logo_max_width":0,"ocean_custom_logo_tablet_max_width":0,"ocean_custom_logo_mobile_max_width":0,"ocean_custom_logo_max_height":0,"ocean_custom_logo_tablet_max_height":0,"ocean_custom_logo_mobile_max_height":0,"ocean_header_custom_menu":"0","ocean_menu_typo_font_family":"0","ocean_menu_typo_font_subset":"","ocean_menu_typo_font_size":0,"ocean_menu_typo_font_size_tablet":0,"ocean_menu_typo_font_size_mobile":0,"ocean_menu_typo_font_size_unit":"px","ocean_menu_typo_font_weight":"","ocean_menu_typo_font_weight_tablet":"","ocean_menu_typo_font_weight_mobile":"","ocean_menu_typo_transform":"","ocean_menu_typo_transform_tablet":"","ocean_menu_typo_transform_mobile":"","ocean_menu_typo_line_height":0,"ocean_menu_typo_line_height_tablet":0,"ocean_menu_typo_line_height_mobile":0,"ocean_menu_typo_line_height_unit":"","ocean_menu_typo_spacing":0,"ocean_menu_typo_spacing_tablet":0,"ocean_menu_typo_spacing_mobile":0,"ocean_menu_typo_spacing_unit":"","ocean_menu_link_color":"","ocean_menu_link_color_hover":"","ocean_menu_link_color_active":"","ocean_menu_link_background":"","ocean_menu_link_hover_background":"","ocean_menu_link_active_background":"","ocean_menu_social_links_bg":"","ocean_menu_social_hover_links_bg":"","ocean_menu_social_links_color":"","ocean_menu_social_hover_links_color":"","ocean_disable_title":"default","ocean_disable_heading":"default","ocean_post_title":"","ocean_post_subheading":"","ocean_post_title_style":"","ocean_post_title_background_color":"","ocean_post_title_background":0,"ocean_post_title_bg_image_position":"","ocean_post_title_bg_image_attachment":"","ocean_post_title_bg_image_repeat":"","ocean_post_title_bg_image_size":"","ocean_post_title_height":0,"ocean_post_title_bg_overlay":0.5,"ocean_post_title_bg_overlay_color":"","ocean_disable_breadcrumbs":"default","ocean_breadcrumbs_color":"","ocean_breadcrumbs_separator_color":"","ocean_breadcrumbs_links_color":"","ocean_breadcrumbs_links_hover_color":"","ocean_display_footer_widgets":"default","ocean_display_footer_bottom":"default","ocean_custom_footer_template":"0"},"product_brand":[],"product_cat":[354,355,370],"product_tag":[382,385,595,386,384],"class_list":{"0":"post-4657","1":"product","2":"type-product","3":"status-publish","4":"has-post-thumbnail","6":"product_cat-bmw","7":"product_cat-czesci-samochodowe","8":"product_cat-nissan","9":"product_tag-adapter","10":"product_tag-bmw-6hp","11":"product_tag-bmw-8hp","12":"product_tag-nissan-patrol-y61","13":"product_tag-xdrive","15":"entry","16":"has-media","18":"first","19":"instock","20":"taxable","21":"shipping-taxable","22":"purchasable","23":"product-type-simple","24":"has-product-nav","25":"col","26":"span_1_of_3","27":"owp-content-center","28":"owp-thumbs-layout-horizontal","29":"owp-btn-normal","30":"owp-tabs-layout-horizontal"},"_links":{"self":[{"href":"https:\/\/www.borowskiengineering.com\/pl\/wp-json\/wp\/v2\/product\/4657","targetHints":{"allow":["GET"]}}],"collection":[{"href":"https:\/\/www.borowskiengineering.com\/pl\/wp-json\/wp\/v2\/product"}],"about":[{"href":"https:\/\/www.borowskiengineering.com\/pl\/wp-json\/wp\/v2\/types\/product"}],"replies":[{"embeddable":true,"href":"https:\/\/www.borowskiengineering.com\/pl\/wp-json\/wp\/v2\/comments?post=4657"}],"version-history":[{"count":5,"href":"https:\/\/www.borowskiengineering.com\/pl\/wp-json\/wp\/v2\/product\/4657\/revisions"}],"predecessor-version":[{"id":6475,"href":"https:\/\/www.borowskiengineering.com\/pl\/wp-json\/wp\/v2\/product\/4657\/revisions\/6475"}],"wp:featuredmedia":[{"embeddable":true,"href":"https:\/\/www.borowskiengineering.com\/pl\/wp-json\/wp\/v2\/media\/6656"}],"wp:attachment":[{"href":"https:\/\/www.borowskiengineering.com\/pl\/wp-json\/wp\/v2\/media?parent=4657"}],"wp:term":[{"taxonomy":"product_brand","embeddable":true,"href":"https:\/\/www.borowskiengineering.com\/pl\/wp-json\/wp\/v2\/product_brand?post=4657"},{"taxonomy":"product_cat","embeddable":true,"href":"https:\/\/www.borowskiengineering.com\/pl\/wp-json\/wp\/v2\/product_cat?post=4657"},{"taxonomy":"product_tag","embeddable":true,"href":"https:\/\/www.borowskiengineering.com\/pl\/wp-json\/wp\/v2\/product_tag?post=4657"}],"curies":[{"name":"wp","href":"https:\/\/api.w.org\/{rel}","templated":true}]}}