
{"id":4667,"date":"2025-07-05T19:57:29","date_gmt":"2025-07-05T17:57:29","guid":{"rendered":"https:\/\/www.borowskiengineering.com\/product\/adapter-for-bmw-gs-37dz-xdrive-manual-to-nissan-patrol-y60-y61-transfer-case\/"},"modified":"2025-09-25T14:31:47","modified_gmt":"2025-09-25T12:31:47","slug":"adapter-lacznik-do-bmw-gs6x37dz-xdrive-manual-nissan-patrol-y61-reduktor","status":"publish","type":"product","link":"https:\/\/www.borowskiengineering.com\/pl\/produkt\/adapter-lacznik-do-bmw-gs6x37dz-xdrive-manual-nissan-patrol-y61-reduktor\/","title":{"rendered":"\u0141\u0105cznik\/Adapter BMW GS6X37DZ xDrive Manual &#8211; Nissan Patrol Y61 Reduktor"},"content":{"rendered":"<p>Adapter \/ \u0142\u0105cznik do po\u0142\u0105czenia manualnej skrzyni bieg\u00f3w BMW GS6X37DZ xDrive (4&#215;4) z reduktorem Nissan Patrol Y61.<\/p>\n<p>Wykonany ze specjalnej stali, kt\u00f3ra jest wyj\u0105tkowo mocna i wytrzymuje nacisk i ciep\u0142o.<\/p>\n<p>Obrobiony na maszynie CNC po spawaniu, aby zagwarantowa\u0107 r\u00f3wnoleg\u0142o\u015b\u0107 pomi\u0119dzy powierzchniami styku, co zapewni wyr\u00f3wnanie mi\u0119dzy wa\u0142em wyj\u015bciowym skrzyni bieg\u00f3w a wa\u0142em wej\u015bciowym reduktora. Perfekcyjne gniazdo na \u0142o\u017cysko i pier\u015bcie\u0144 Segera w celu zapewnienia dodatkowego wsparcia.<\/p>\n<p>W zestawie wa\u0142ek \u0142\u0105cz\u0105cy wykonany ze specjalnej stali chromowo-molibdenowej, kt\u00f3ra zosta\u0142a poddana obr\u00f3bce cieplnej do 53-55 HRC w celu uzyskania najlepszej wydajno\u015bci oraz dr\u0105\u017cek zmiany bieg\u00f3w, kt\u00f3ry jest wystarczaj\u0105co d\u0142ugi, aby dokona\u0107 wszelkich modyfikacji d\u0142ugo\u015bci wed\u0142ug w\u0142asnych preferencji.<\/p>\n<p>Podstawa\/\u015bciana \u0142\u0105cz\u0105ca jest zaprojektowana w trzech wariantach wysoko\u015bci, co umo\u017cliwia monta\u017c skrzyni bieg\u00f3w w r\u00f3\u017cnych pozycjach (patrz zdj\u0119cia):<\/p>\n<p>-wysoko\u015b\u0107 magazynowa\/standardowa, jak w oryginalnej lokalizacji<\/p>\n<p>-nizsza wysoko\u015b\u0107 1 cm &#8211; w celu obni\u017cenia skrzyni bieg\u00f3w<\/p>\n<p>-wy\u017csza wysoko\u015b\u0107 2 cm &#8211; w celu podniesienia skrzyni bieg\u00f3w<\/p>\n<p>\u0141\u0105cznik montowany na oryginalnych poduszkach skrzyni Nissan Patrol.<\/p>\n<div><\/div>\n<div>W razie jakichkolwiek pyta\u0144, prosimy o kontakt. Mo\u017cemy wykona\u0107 dowolny adapter wed\u0142ug Pa\u0144stwa specyfikacji.<\/div>\n<p>&nbsp;<\/p>\n<div><\/div>\n<div><\/div>\n","protected":false},"excerpt":{"rendered":"<p>Adapter \/ \u0142\u0105cznik do po\u0142\u0105czenia manualnej skrzyni bieg\u00f3w BMW GS6X37DZ xDrive (4&#215;4) z reduktorem Nissan Patrol Y61. Wykonany ze specjalnej stali, kt\u00f3ra jest wyj\u0105tkowo mocna i wytrzymuje nacisk i ciep\u0142o. Obrobiony na maszynie CNC po spawaniu, aby zagwarantowa\u0107 r\u00f3wnoleg\u0142o\u015b\u0107 pomi\u0119dzy powierzchniami styku, co zapewni wyr\u00f3wnanie mi\u0119dzy wa\u0142em wyj\u015bciowym skrzyni bieg\u00f3w a wa\u0142em wej\u015bciowym reduktora. Perfekcyjne [&hellip;]<\/p>\n","protected":false},"featured_media":4669,"comment_status":"closed","ping_status":"closed","template":"","meta":{"_monsterinsights_skip_tracking":false,"_monsterinsights_sitenote_active":false,"_monsterinsights_sitenote_note":"","_monsterinsights_sitenote_category":0,"ocean_post_layout":"","ocean_both_sidebars_style":"","ocean_both_sidebars_content_width":0,"ocean_both_sidebars_sidebars_width":0,"ocean_sidebar":"0","ocean_second_sidebar":"0","ocean_disable_margins":"enable","ocean_add_body_class":"","ocean_shortcode_before_top_bar":"","ocean_shortcode_after_top_bar":"","ocean_shortcode_before_header":"","ocean_shortcode_after_header":"","ocean_has_shortcode":"","ocean_shortcode_after_title":"","ocean_shortcode_before_footer_widgets":"","ocean_shortcode_after_footer_widgets":"","ocean_shortcode_before_footer_bottom":"","ocean_shortcode_after_footer_bottom":"","ocean_display_top_bar":"default","ocean_display_header":"default","ocean_header_style":"","ocean_center_header_left_menu":"0","ocean_custom_header_template":"0","ocean_custom_logo":0,"ocean_custom_retina_logo":0,"ocean_custom_logo_max_width":0,"ocean_custom_logo_tablet_max_width":0,"ocean_custom_logo_mobile_max_width":0,"ocean_custom_logo_max_height":0,"ocean_custom_logo_tablet_max_height":0,"ocean_custom_logo_mobile_max_height":0,"ocean_header_custom_menu":"0","ocean_menu_typo_font_family":"0","ocean_menu_typo_font_subset":"","ocean_menu_typo_font_size":0,"ocean_menu_typo_font_size_tablet":0,"ocean_menu_typo_font_size_mobile":0,"ocean_menu_typo_font_size_unit":"px","ocean_menu_typo_font_weight":"","ocean_menu_typo_font_weight_tablet":"","ocean_menu_typo_font_weight_mobile":"","ocean_menu_typo_transform":"","ocean_menu_typo_transform_tablet":"","ocean_menu_typo_transform_mobile":"","ocean_menu_typo_line_height":0,"ocean_menu_typo_line_height_tablet":0,"ocean_menu_typo_line_height_mobile":0,"ocean_menu_typo_line_height_unit":"","ocean_menu_typo_spacing":0,"ocean_menu_typo_spacing_tablet":0,"ocean_menu_typo_spacing_mobile":0,"ocean_menu_typo_spacing_unit":"","ocean_menu_link_color":"","ocean_menu_link_color_hover":"","ocean_menu_link_color_active":"","ocean_menu_link_background":"","ocean_menu_link_hover_background":"","ocean_menu_link_active_background":"","ocean_menu_social_links_bg":"","ocean_menu_social_hover_links_bg":"","ocean_menu_social_links_color":"","ocean_menu_social_hover_links_color":"","ocean_disable_title":"default","ocean_disable_heading":"default","ocean_post_title":"","ocean_post_subheading":"","ocean_post_title_style":"","ocean_post_title_background_color":"","ocean_post_title_background":0,"ocean_post_title_bg_image_position":"","ocean_post_title_bg_image_attachment":"","ocean_post_title_bg_image_repeat":"","ocean_post_title_bg_image_size":"","ocean_post_title_height":0,"ocean_post_title_bg_overlay":0.5,"ocean_post_title_bg_overlay_color":"","ocean_disable_breadcrumbs":"default","ocean_breadcrumbs_color":"","ocean_breadcrumbs_separator_color":"","ocean_breadcrumbs_links_color":"","ocean_breadcrumbs_links_hover_color":"","ocean_display_footer_widgets":"default","ocean_display_footer_bottom":"default","ocean_custom_footer_template":"0"},"product_brand":[],"product_cat":[354,355,370],"product_tag":[382,387,388,386],"class_list":{"0":"post-4667","1":"product","2":"type-product","3":"status-publish","4":"has-post-thumbnail","6":"product_cat-bmw","7":"product_cat-czesci-samochodowe","8":"product_cat-nissan","9":"product_tag-adapter","10":"product_tag-bmw-gs6-37dz","11":"product_tag-bmw-manualna","12":"product_tag-nissan-patrol-y61","14":"entry","15":"has-media","17":"first","18":"instock","19":"taxable","20":"shipping-taxable","21":"purchasable","22":"product-type-simple","23":"has-product-nav","24":"col","25":"span_1_of_3","26":"owp-content-center","27":"owp-thumbs-layout-horizontal","28":"owp-btn-normal","29":"owp-tabs-layout-horizontal"},"_links":{"self":[{"href":"https:\/\/www.borowskiengineering.com\/pl\/wp-json\/wp\/v2\/product\/4667","targetHints":{"allow":["GET"]}}],"collection":[{"href":"https:\/\/www.borowskiengineering.com\/pl\/wp-json\/wp\/v2\/product"}],"about":[{"href":"https:\/\/www.borowskiengineering.com\/pl\/wp-json\/wp\/v2\/types\/product"}],"replies":[{"embeddable":true,"href":"https:\/\/www.borowskiengineering.com\/pl\/wp-json\/wp\/v2\/comments?post=4667"}],"version-history":[{"count":4,"href":"https:\/\/www.borowskiengineering.com\/pl\/wp-json\/wp\/v2\/product\/4667\/revisions"}],"predecessor-version":[{"id":5591,"href":"https:\/\/www.borowskiengineering.com\/pl\/wp-json\/wp\/v2\/product\/4667\/revisions\/5591"}],"wp:featuredmedia":[{"embeddable":true,"href":"https:\/\/www.borowskiengineering.com\/pl\/wp-json\/wp\/v2\/media\/4669"}],"wp:attachment":[{"href":"https:\/\/www.borowskiengineering.com\/pl\/wp-json\/wp\/v2\/media?parent=4667"}],"wp:term":[{"taxonomy":"product_brand","embeddable":true,"href":"https:\/\/www.borowskiengineering.com\/pl\/wp-json\/wp\/v2\/product_brand?post=4667"},{"taxonomy":"product_cat","embeddable":true,"href":"https:\/\/www.borowskiengineering.com\/pl\/wp-json\/wp\/v2\/product_cat?post=4667"},{"taxonomy":"product_tag","embeddable":true,"href":"https:\/\/www.borowskiengineering.com\/pl\/wp-json\/wp\/v2\/product_tag?post=4667"}],"curies":[{"name":"wp","href":"https:\/\/api.w.org\/{rel}","templated":true}]}}