
{"id":4713,"date":"2025-06-10T16:26:59","date_gmt":"2025-06-10T14:26:59","guid":{"rendered":"https:\/\/www.borowskiengineering.com\/product\/bmw-m57-narrow-block-iveco-daily-2-3d-custom-made-flywheel\/"},"modified":"2026-03-18T17:21:42","modified_gmt":"2026-03-18T15:21:42","slug":"bmw-m57-waski-dzwon-iveco-daily-2-3d-kolo-zamachowe-cnc","status":"publish","type":"product","link":"https:\/\/www.borowskiengineering.com\/pl\/produkt\/bmw-m57-waski-dzwon-iveco-daily-2-3d-kolo-zamachowe-cnc\/","title":{"rendered":"BMW M57 W\u0105ski Dzwon &#8211; IVECO Daily 2.3D Ko\u0142o Zamachowe CNC"},"content":{"rendered":"<p>Customowe ko\u0142o zamachowe do konwersji silnika BMW M57 w\u0105ski dzwon (przed liftingiem) z manualn\u0105 skrzyni\u0105 bieg\u00f3w Iveco Daily 2.3D od 2014r.<\/p>\n<p>Wykonane zosta\u0142o ze stali S355, kt\u00f3ra charakteryzuje si\u0119 wysok\u0105 g\u0119sto\u015bci\u0105, pozwalaj\u0105c\u0105 wytzyma\u0107 wibracje i napr\u0119\u017cenia podczas pracy silnika.<\/p>\n<p>Nasze ko\u0142a zamachowe s\u0105 projektowane przy u\u017cyciu FARO ARM oraz oprogramowania CAM\/CAD, co gwarantuje najwy\u017csz\u0105 precyzj\u0119. W procesie produkcji wykorzystujemy kombinacj\u0119 frezowania, toczenia i wiercenia, aby dostarczy\u0107 element, kt\u00f3ry jest precyzyjnie wykonany, wydajny i niezawodny. Ka\u017cde ko\u0142o zamachowe jest wywa\u017cane po procesie produkcji.<\/p>\n<p>&nbsp;<\/p>\n<p>Kompatybilno\u015b\u0107 sprz\u0119g\u0142a: docisk i tarcza sprz\u0119g\u0142a Iveco 2.3D.<\/p>\n<p>Wyprodukowano w UE. Wysy\u0142ka na ca\u0142y \u015bwiat.<br \/>\nMo\u017cemy zaprojektowa\u0107 i wykona\u0107 dowoln\u0105 p\u0142yt\u0119 adaptacyjn\u0105 lub ko\u0142o zamachowe wed\u0142ug Pa\u0144stwa wymaga\u0144.<br \/>\nZapraszamy do kontaktu.<\/p>\n","protected":false},"excerpt":{"rendered":"<p>Customowe ko\u0142o zamachowe do konwersji silnika BMW M57 w\u0105ski dzwon (przed liftingiem) z manualn\u0105 skrzyni\u0105 bieg\u00f3w Iveco Daily 2.3D od 2014r. Wykonane zosta\u0142o ze stali S355, kt\u00f3ra charakteryzuje si\u0119 wysok\u0105 g\u0119sto\u015bci\u0105, pozwalaj\u0105c\u0105 wytzyma\u0107 wibracje i napr\u0119\u017cenia podczas pracy silnika. Nasze ko\u0142a zamachowe s\u0105 projektowane przy u\u017cyciu FARO ARM oraz oprogramowania CAM\/CAD, co gwarantuje najwy\u017csz\u0105 precyzj\u0119. [&hellip;]<\/p>\n","protected":false},"featured_media":4715,"comment_status":"closed","ping_status":"closed","template":"","meta":{"_monsterinsights_skip_tracking":false,"_monsterinsights_sitenote_active":false,"_monsterinsights_sitenote_note":"","_monsterinsights_sitenote_category":0,"ocean_post_layout":"","ocean_both_sidebars_style":"","ocean_both_sidebars_content_width":0,"ocean_both_sidebars_sidebars_width":0,"ocean_sidebar":"0","ocean_second_sidebar":"0","ocean_disable_margins":"enable","ocean_add_body_class":"","ocean_shortcode_before_top_bar":"","ocean_shortcode_after_top_bar":"","ocean_shortcode_before_header":"","ocean_shortcode_after_header":"","ocean_has_shortcode":"","ocean_shortcode_after_title":"","ocean_shortcode_before_footer_widgets":"","ocean_shortcode_after_footer_widgets":"","ocean_shortcode_before_footer_bottom":"","ocean_shortcode_after_footer_bottom":"","ocean_display_top_bar":"default","ocean_display_header":"default","ocean_header_style":"","ocean_center_header_left_menu":"0","ocean_custom_header_template":"0","ocean_custom_logo":0,"ocean_custom_retina_logo":0,"ocean_custom_logo_max_width":0,"ocean_custom_logo_tablet_max_width":0,"ocean_custom_logo_mobile_max_width":0,"ocean_custom_logo_max_height":0,"ocean_custom_logo_tablet_max_height":0,"ocean_custom_logo_mobile_max_height":0,"ocean_header_custom_menu":"0","ocean_menu_typo_font_family":"0","ocean_menu_typo_font_subset":"","ocean_menu_typo_font_size":0,"ocean_menu_typo_font_size_tablet":0,"ocean_menu_typo_font_size_mobile":0,"ocean_menu_typo_font_size_unit":"px","ocean_menu_typo_font_weight":"","ocean_menu_typo_font_weight_tablet":"","ocean_menu_typo_font_weight_mobile":"","ocean_menu_typo_transform":"","ocean_menu_typo_transform_tablet":"","ocean_menu_typo_transform_mobile":"","ocean_menu_typo_line_height":0,"ocean_menu_typo_line_height_tablet":0,"ocean_menu_typo_line_height_mobile":0,"ocean_menu_typo_line_height_unit":"","ocean_menu_typo_spacing":0,"ocean_menu_typo_spacing_tablet":0,"ocean_menu_typo_spacing_mobile":0,"ocean_menu_typo_spacing_unit":"","ocean_menu_link_color":"","ocean_menu_link_color_hover":"","ocean_menu_link_color_active":"","ocean_menu_link_background":"","ocean_menu_link_hover_background":"","ocean_menu_link_active_background":"","ocean_menu_social_links_bg":"","ocean_menu_social_hover_links_bg":"","ocean_menu_social_links_color":"","ocean_menu_social_hover_links_color":"","ocean_disable_title":"default","ocean_disable_heading":"default","ocean_post_title":"","ocean_post_subheading":"","ocean_post_title_style":"","ocean_post_title_background_color":"","ocean_post_title_background":0,"ocean_post_title_bg_image_position":"","ocean_post_title_bg_image_attachment":"","ocean_post_title_bg_image_repeat":"","ocean_post_title_bg_image_size":"","ocean_post_title_height":0,"ocean_post_title_bg_overlay":0.5,"ocean_post_title_bg_overlay_color":"","ocean_disable_breadcrumbs":"default","ocean_breadcrumbs_color":"","ocean_breadcrumbs_separator_color":"","ocean_breadcrumbs_links_color":"","ocean_breadcrumbs_links_hover_color":"","ocean_display_footer_widgets":"default","ocean_display_footer_bottom":"default","ocean_custom_footer_template":"0"},"product_brand":[],"product_cat":[354,355,403],"product_tag":[359,405,533],"class_list":{"0":"post-4713","1":"product","2":"type-product","3":"status-publish","4":"has-post-thumbnail","6":"product_cat-bmw","7":"product_cat-czesci-samochodowe","8":"product_cat-iveco","9":"product_tag-bmw-m57","10":"product_tag-iveco-daily-2-3d","11":"product_tag-kolo-zamachowe","13":"entry","14":"has-media","16":"first","17":"onbackorder","18":"taxable","19":"shipping-taxable","20":"purchasable","21":"product-type-simple","22":"has-product-nav","23":"col","24":"span_1_of_3","25":"owp-content-center","26":"owp-thumbs-layout-horizontal","27":"owp-btn-normal","28":"owp-tabs-layout-horizontal"},"_links":{"self":[{"href":"https:\/\/www.borowskiengineering.com\/pl\/wp-json\/wp\/v2\/product\/4713","targetHints":{"allow":["GET"]}}],"collection":[{"href":"https:\/\/www.borowskiengineering.com\/pl\/wp-json\/wp\/v2\/product"}],"about":[{"href":"https:\/\/www.borowskiengineering.com\/pl\/wp-json\/wp\/v2\/types\/product"}],"replies":[{"embeddable":true,"href":"https:\/\/www.borowskiengineering.com\/pl\/wp-json\/wp\/v2\/comments?post=4713"}],"version-history":[{"count":3,"href":"https:\/\/www.borowskiengineering.com\/pl\/wp-json\/wp\/v2\/product\/4713\/revisions"}],"predecessor-version":[{"id":6481,"href":"https:\/\/www.borowskiengineering.com\/pl\/wp-json\/wp\/v2\/product\/4713\/revisions\/6481"}],"wp:featuredmedia":[{"embeddable":true,"href":"https:\/\/www.borowskiengineering.com\/pl\/wp-json\/wp\/v2\/media\/4715"}],"wp:attachment":[{"href":"https:\/\/www.borowskiengineering.com\/pl\/wp-json\/wp\/v2\/media?parent=4713"}],"wp:term":[{"taxonomy":"product_brand","embeddable":true,"href":"https:\/\/www.borowskiengineering.com\/pl\/wp-json\/wp\/v2\/product_brand?post=4713"},{"taxonomy":"product_cat","embeddable":true,"href":"https:\/\/www.borowskiengineering.com\/pl\/wp-json\/wp\/v2\/product_cat?post=4713"},{"taxonomy":"product_tag","embeddable":true,"href":"https:\/\/www.borowskiengineering.com\/pl\/wp-json\/wp\/v2\/product_tag?post=4713"}],"curies":[{"name":"wp","href":"https:\/\/api.w.org\/{rel}","templated":true}]}}