
{"id":4754,"date":"2025-04-22T07:44:33","date_gmt":"2025-04-22T05:44:33","guid":{"rendered":"https:\/\/www.borowskiengineering.com\/product\/m57-narrow-block-to-toyota-r150f-custom-made-flywheel\/"},"modified":"2026-03-18T17:39:34","modified_gmt":"2026-03-18T15:39:34","slug":"bmw-m57-waski-dzwon-toyota-r150-3-0td-4x4-kolo-zamachowe-cnc","status":"publish","type":"product","link":"https:\/\/www.borowskiengineering.com\/pl\/produkt\/bmw-m57-waski-dzwon-toyota-r150-3-0td-4x4-kolo-zamachowe-cnc\/","title":{"rendered":"BMW M57 W\u0105ski Dzwon &#8211; Toyota R150 3.0TD 4&#215;4 Ko\u0142o Zamachowe CNC"},"content":{"rendered":"<p>Ko\u0142o zamachowe wykonane do konwersji silnika BMW M57 w\u0105ski dzwon (pre-lift) z manualn\u0105 skrzyni\u0105 bieg\u00f3w Toyota R150 5-biegow\u0105 4&#215;4.<\/p>\n<p>Skrzynia ta wyst\u0119puje w:<\/p>\n<ul>\n<li>4Runner\/Hilux Surf 3.0TD 1989-1995<\/li>\n<li>Land Cruiser II<\/li>\n<\/ul>\n<p>Kompatybilne ze sprz\u0119g\u0142em &#8222;Xtreme outback performance&#8221; (nie do\u0142\u0105czone) &#8211; szczeg\u00f3\u0142y na ostatnim zdj\u0119ciu.<\/p>\n<p>Przy produkcji naszych element\u00f3w wykorzystujemy precyzyjne rami\u0119 pomiarowe i technologi\u0119 CNC, co zapewnia idealne dopasowanie mi\u0119dzy silnikiem a skrzyni\u0105 bieg\u00f3w.<\/p>\n<p>Je\u015bli potrzebujesz p\u0142yty adaptacyjnej do tej konwersji, kliknij w link:<\/p>\n<p><span style=\"color: #800080;\">https:\/\/www.borowskiengineering.com\/product\/m57-pre-lift-to-toyota-r150-adapter-plate\/<\/span><\/p>\n<p>W razie jakichkolwiek pyta\u0144 prosimy o kontakt.<\/p>\n","protected":false},"excerpt":{"rendered":"<p>Ko\u0142o zamachowe wykonane do konwersji silnika BMW M57 w\u0105ski dzwon (pre-lift) z manualn\u0105 skrzyni\u0105 bieg\u00f3w Toyota R150 5-biegow\u0105 4&#215;4. Skrzynia ta wyst\u0119puje w: 4Runner\/Hilux Surf 3.0TD 1989-1995 Land Cruiser II Kompatybilne ze sprz\u0119g\u0142em &#8222;Xtreme outback performance&#8221; (nie do\u0142\u0105czone) &#8211; szczeg\u00f3\u0142y na ostatnim zdj\u0119ciu. Przy produkcji naszych element\u00f3w wykorzystujemy precyzyjne rami\u0119 pomiarowe i technologi\u0119 CNC, co [&hellip;]<\/p>\n","protected":false},"featured_media":4757,"comment_status":"closed","ping_status":"closed","template":"","meta":{"_monsterinsights_skip_tracking":false,"_monsterinsights_sitenote_active":false,"_monsterinsights_sitenote_note":"","_monsterinsights_sitenote_category":0,"ocean_post_layout":"","ocean_both_sidebars_style":"","ocean_both_sidebars_content_width":0,"ocean_both_sidebars_sidebars_width":0,"ocean_sidebar":"0","ocean_second_sidebar":"0","ocean_disable_margins":"enable","ocean_add_body_class":"","ocean_shortcode_before_top_bar":"","ocean_shortcode_after_top_bar":"","ocean_shortcode_before_header":"","ocean_shortcode_after_header":"","ocean_has_shortcode":"","ocean_shortcode_after_title":"","ocean_shortcode_before_footer_widgets":"","ocean_shortcode_after_footer_widgets":"","ocean_shortcode_before_footer_bottom":"","ocean_shortcode_after_footer_bottom":"","ocean_display_top_bar":"default","ocean_display_header":"default","ocean_header_style":"","ocean_center_header_left_menu":"0","ocean_custom_header_template":"0","ocean_custom_logo":0,"ocean_custom_retina_logo":0,"ocean_custom_logo_max_width":0,"ocean_custom_logo_tablet_max_width":0,"ocean_custom_logo_mobile_max_width":0,"ocean_custom_logo_max_height":0,"ocean_custom_logo_tablet_max_height":0,"ocean_custom_logo_mobile_max_height":0,"ocean_header_custom_menu":"0","ocean_menu_typo_font_family":"0","ocean_menu_typo_font_subset":"","ocean_menu_typo_font_size":0,"ocean_menu_typo_font_size_tablet":0,"ocean_menu_typo_font_size_mobile":0,"ocean_menu_typo_font_size_unit":"px","ocean_menu_typo_font_weight":"","ocean_menu_typo_font_weight_tablet":"","ocean_menu_typo_font_weight_mobile":"","ocean_menu_typo_transform":"","ocean_menu_typo_transform_tablet":"","ocean_menu_typo_transform_mobile":"","ocean_menu_typo_line_height":0,"ocean_menu_typo_line_height_tablet":0,"ocean_menu_typo_line_height_mobile":0,"ocean_menu_typo_line_height_unit":"","ocean_menu_typo_spacing":0,"ocean_menu_typo_spacing_tablet":0,"ocean_menu_typo_spacing_mobile":0,"ocean_menu_typo_spacing_unit":"","ocean_menu_link_color":"","ocean_menu_link_color_hover":"","ocean_menu_link_color_active":"","ocean_menu_link_background":"","ocean_menu_link_hover_background":"","ocean_menu_link_active_background":"","ocean_menu_social_links_bg":"","ocean_menu_social_hover_links_bg":"","ocean_menu_social_links_color":"","ocean_menu_social_hover_links_color":"","ocean_disable_title":"default","ocean_disable_heading":"default","ocean_post_title":"","ocean_post_subheading":"","ocean_post_title_style":"","ocean_post_title_background_color":"","ocean_post_title_background":0,"ocean_post_title_bg_image_position":"","ocean_post_title_bg_image_attachment":"","ocean_post_title_bg_image_repeat":"","ocean_post_title_bg_image_size":"","ocean_post_title_height":0,"ocean_post_title_bg_overlay":0.5,"ocean_post_title_bg_overlay_color":"","ocean_disable_breadcrumbs":"default","ocean_breadcrumbs_color":"","ocean_breadcrumbs_separator_color":"","ocean_breadcrumbs_links_color":"","ocean_breadcrumbs_links_hover_color":"","ocean_display_footer_widgets":"default","ocean_display_footer_bottom":"default","ocean_custom_footer_template":"0"},"product_brand":[],"product_cat":[354,355,419],"product_tag":[533,404,421],"class_list":{"0":"post-4754","1":"product","2":"type-product","3":"status-publish","4":"has-post-thumbnail","6":"product_cat-bmw","7":"product_cat-czesci-samochodowe","8":"product_cat-toyota","9":"product_tag-kolo-zamachowe","10":"product_tag-m57","11":"product_tag-toyota-r150","13":"entry","14":"has-media","16":"first","17":"instock","18":"taxable","19":"shipping-taxable","20":"purchasable","21":"product-type-simple","22":"has-product-nav","23":"col","24":"span_1_of_3","25":"owp-content-center","26":"owp-thumbs-layout-horizontal","27":"owp-btn-normal","28":"owp-tabs-layout-horizontal"},"_links":{"self":[{"href":"https:\/\/www.borowskiengineering.com\/pl\/wp-json\/wp\/v2\/product\/4754","targetHints":{"allow":["GET"]}}],"collection":[{"href":"https:\/\/www.borowskiengineering.com\/pl\/wp-json\/wp\/v2\/product"}],"about":[{"href":"https:\/\/www.borowskiengineering.com\/pl\/wp-json\/wp\/v2\/types\/product"}],"replies":[{"embeddable":true,"href":"https:\/\/www.borowskiengineering.com\/pl\/wp-json\/wp\/v2\/comments?post=4754"}],"version-history":[{"count":4,"href":"https:\/\/www.borowskiengineering.com\/pl\/wp-json\/wp\/v2\/product\/4754\/revisions"}],"predecessor-version":[{"id":5739,"href":"https:\/\/www.borowskiengineering.com\/pl\/wp-json\/wp\/v2\/product\/4754\/revisions\/5739"}],"wp:featuredmedia":[{"embeddable":true,"href":"https:\/\/www.borowskiengineering.com\/pl\/wp-json\/wp\/v2\/media\/4757"}],"wp:attachment":[{"href":"https:\/\/www.borowskiengineering.com\/pl\/wp-json\/wp\/v2\/media?parent=4754"}],"wp:term":[{"taxonomy":"product_brand","embeddable":true,"href":"https:\/\/www.borowskiengineering.com\/pl\/wp-json\/wp\/v2\/product_brand?post=4754"},{"taxonomy":"product_cat","embeddable":true,"href":"https:\/\/www.borowskiengineering.com\/pl\/wp-json\/wp\/v2\/product_cat?post=4754"},{"taxonomy":"product_tag","embeddable":true,"href":"https:\/\/www.borowskiengineering.com\/pl\/wp-json\/wp\/v2\/product_tag?post=4754"}],"curies":[{"name":"wp","href":"https:\/\/api.w.org\/{rel}","templated":true}]}}