
{"id":4790,"date":"2025-05-02T14:30:39","date_gmt":"2025-05-02T12:30:39","guid":{"rendered":"https:\/\/www.borowskiengineering.com\/product\/vw-1-9tdi-awx-to-mitsubishi-pajero-2-8td-adapter-plate-cnc\/"},"modified":"2025-10-01T09:45:37","modified_gmt":"2025-10-01T07:45:37","slug":"vw-1-9tdi-awx-mitsubishi-pajero-2-8td-adapter-oraz-plyta-oslonowa-cnc","status":"publish","type":"product","link":"https:\/\/www.borowskiengineering.com\/pl\/produkt\/vw-1-9tdi-awx-mitsubishi-pajero-2-8td-adapter-oraz-plyta-oslonowa-cnc\/","title":{"rendered":"VW 1.9TDI AWX &#8211; Mitsubishi Pajero 2.8TD Adapter i P\u0142yta Os\u0142onowa CNC"},"content":{"rendered":"<p>Adapter oraz p\u0142yta os\u0142onowa do konwersji silnika VW 1.9TDI AWX z manualn\u0105 skrzyni\u0105 bieg\u00f3w Mitsubishi Pajero 2.8TD.<\/p>\n<p>Grubo\u015b\u0107: &#8211; p\u0142yta adaptacyjna 12 mm, &#8211; p\u0142yta os\u0142onowa 2 mm.<\/p>\n<p>Obie wykonane ze stali S355, kt\u00f3ra jest wyj\u0105tkowo wytrzyma\u0142a i odporna na ci\u015bnienie oraz wysok\u0105 temperatur\u0119.<\/p>\n<p>Do produkcji naszych element\u00f3w u\u017cywamy precyzyjnych narz\u0119dzi pomiarowych oraz oprogramowania CAD\/CAM i technologii CNC, zapewniaj\u0105c wysokiej jako\u015bci wyko\u0144czenie i idealne dopasowanie, kt\u00f3re gwarantuje precyzyjna wsp\u00f3\u0142osiowo\u015b\u0107 wa\u0142u korbowego silnika z wa\u0142em wej\u015bciowym skrzyni bieg\u00f3w.<\/p>\n<div><\/div>\n<div>Wyprodukowano w Polsce.<\/div>\n<div><\/div>\n","protected":false},"excerpt":{"rendered":"<p>Adapter oraz p\u0142yta os\u0142onowa do konwersji silnika VW 1.9TDI AWX z manualn\u0105 skrzyni\u0105 bieg\u00f3w Mitsubishi Pajero 2.8TD. Grubo\u015b\u0107: &#8211; p\u0142yta adaptacyjna 12 mm, &#8211; p\u0142yta os\u0142onowa 2 mm. Obie wykonane ze stali S355, kt\u00f3ra jest wyj\u0105tkowo wytrzyma\u0142a i odporna na ci\u015bnienie oraz wysok\u0105 temperatur\u0119. Do produkcji naszych element\u00f3w u\u017cywamy precyzyjnych narz\u0119dzi pomiarowych oraz oprogramowania CAD\/CAM [&hellip;]<\/p>\n","protected":false},"featured_media":4792,"comment_status":"closed","ping_status":"closed","template":"","meta":{"_monsterinsights_skip_tracking":false,"_monsterinsights_sitenote_active":false,"_monsterinsights_sitenote_note":"","_monsterinsights_sitenote_category":0,"ocean_post_layout":"","ocean_both_sidebars_style":"","ocean_both_sidebars_content_width":0,"ocean_both_sidebars_sidebars_width":0,"ocean_sidebar":"0","ocean_second_sidebar":"0","ocean_disable_margins":"enable","ocean_add_body_class":"","ocean_shortcode_before_top_bar":"","ocean_shortcode_after_top_bar":"","ocean_shortcode_before_header":"","ocean_shortcode_after_header":"","ocean_has_shortcode":"","ocean_shortcode_after_title":"","ocean_shortcode_before_footer_widgets":"","ocean_shortcode_after_footer_widgets":"","ocean_shortcode_before_footer_bottom":"","ocean_shortcode_after_footer_bottom":"","ocean_display_top_bar":"default","ocean_display_header":"default","ocean_header_style":"","ocean_center_header_left_menu":"0","ocean_custom_header_template":"0","ocean_custom_logo":0,"ocean_custom_retina_logo":0,"ocean_custom_logo_max_width":0,"ocean_custom_logo_tablet_max_width":0,"ocean_custom_logo_mobile_max_width":0,"ocean_custom_logo_max_height":0,"ocean_custom_logo_tablet_max_height":0,"ocean_custom_logo_mobile_max_height":0,"ocean_header_custom_menu":"0","ocean_menu_typo_font_family":"0","ocean_menu_typo_font_subset":"","ocean_menu_typo_font_size":0,"ocean_menu_typo_font_size_tablet":0,"ocean_menu_typo_font_size_mobile":0,"ocean_menu_typo_font_size_unit":"px","ocean_menu_typo_font_weight":"","ocean_menu_typo_font_weight_tablet":"","ocean_menu_typo_font_weight_mobile":"","ocean_menu_typo_transform":"","ocean_menu_typo_transform_tablet":"","ocean_menu_typo_transform_mobile":"","ocean_menu_typo_line_height":0,"ocean_menu_typo_line_height_tablet":0,"ocean_menu_typo_line_height_mobile":0,"ocean_menu_typo_line_height_unit":"","ocean_menu_typo_spacing":0,"ocean_menu_typo_spacing_tablet":0,"ocean_menu_typo_spacing_mobile":0,"ocean_menu_typo_spacing_unit":"","ocean_menu_link_color":"","ocean_menu_link_color_hover":"","ocean_menu_link_color_active":"","ocean_menu_link_background":"","ocean_menu_link_hover_background":"","ocean_menu_link_active_background":"","ocean_menu_social_links_bg":"","ocean_menu_social_hover_links_bg":"","ocean_menu_social_links_color":"","ocean_menu_social_hover_links_color":"","ocean_disable_title":"default","ocean_disable_heading":"default","ocean_post_title":"","ocean_post_subheading":"","ocean_post_title_style":"","ocean_post_title_background_color":"","ocean_post_title_background":0,"ocean_post_title_bg_image_position":"","ocean_post_title_bg_image_attachment":"","ocean_post_title_bg_image_repeat":"","ocean_post_title_bg_image_size":"","ocean_post_title_height":0,"ocean_post_title_bg_overlay":0.5,"ocean_post_title_bg_overlay_color":"","ocean_disable_breadcrumbs":"default","ocean_breadcrumbs_color":"","ocean_breadcrumbs_separator_color":"","ocean_breadcrumbs_links_color":"","ocean_breadcrumbs_links_hover_color":"","ocean_display_footer_widgets":"default","ocean_display_footer_bottom":"default","ocean_custom_footer_template":"0"},"product_brand":[],"product_cat":[355,371,394],"product_tag":[382,436,435],"class_list":{"0":"post-4790","1":"product","2":"type-product","3":"status-publish","4":"has-post-thumbnail","6":"product_cat-czesci-samochodowe","7":"product_cat-mitsubishi","8":"product_cat-volkswagen","9":"product_tag-adapter","10":"product_tag-mitsubishi-pajero-2-8td","11":"product_tag-vw1-9tdi-awx","13":"entry","14":"has-media","16":"first","17":"instock","18":"taxable","19":"shipping-taxable","20":"purchasable","21":"product-type-simple","22":"has-product-nav","23":"col","24":"span_1_of_3","25":"owp-content-center","26":"owp-thumbs-layout-horizontal","27":"owp-btn-normal","28":"owp-tabs-layout-horizontal"},"_links":{"self":[{"href":"https:\/\/www.borowskiengineering.com\/pl\/wp-json\/wp\/v2\/product\/4790","targetHints":{"allow":["GET"]}}],"collection":[{"href":"https:\/\/www.borowskiengineering.com\/pl\/wp-json\/wp\/v2\/product"}],"about":[{"href":"https:\/\/www.borowskiengineering.com\/pl\/wp-json\/wp\/v2\/types\/product"}],"replies":[{"embeddable":true,"href":"https:\/\/www.borowskiengineering.com\/pl\/wp-json\/wp\/v2\/comments?post=4790"}],"version-history":[{"count":3,"href":"https:\/\/www.borowskiengineering.com\/pl\/wp-json\/wp\/v2\/product\/4790\/revisions"}],"predecessor-version":[{"id":5716,"href":"https:\/\/www.borowskiengineering.com\/pl\/wp-json\/wp\/v2\/product\/4790\/revisions\/5716"}],"wp:featuredmedia":[{"embeddable":true,"href":"https:\/\/www.borowskiengineering.com\/pl\/wp-json\/wp\/v2\/media\/4792"}],"wp:attachment":[{"href":"https:\/\/www.borowskiengineering.com\/pl\/wp-json\/wp\/v2\/media?parent=4790"}],"wp:term":[{"taxonomy":"product_brand","embeddable":true,"href":"https:\/\/www.borowskiengineering.com\/pl\/wp-json\/wp\/v2\/product_brand?post=4790"},{"taxonomy":"product_cat","embeddable":true,"href":"https:\/\/www.borowskiengineering.com\/pl\/wp-json\/wp\/v2\/product_cat?post=4790"},{"taxonomy":"product_tag","embeddable":true,"href":"https:\/\/www.borowskiengineering.com\/pl\/wp-json\/wp\/v2\/product_tag?post=4790"}],"curies":[{"name":"wp","href":"https:\/\/api.w.org\/{rel}","templated":true}]}}