
{"id":4798,"date":"2025-05-02T15:37:21","date_gmt":"2025-05-02T13:37:21","guid":{"rendered":"https:\/\/www.borowskiengineering.com\/product\/bmw-m57-narrow-block-to-vw-crafter-2-0tdi-adapter-plate-cnc\/"},"modified":"2026-03-18T17:36:23","modified_gmt":"2026-03-18T15:36:23","slug":"bmw-m57-waski-dzwon-vw-crafter-cr-2-0-tdi-adapter-i-plyta-oslonowa-cnc","status":"publish","type":"product","link":"https:\/\/www.borowskiengineering.com\/pl\/produkt\/bmw-m57-waski-dzwon-vw-crafter-cr-2-0-tdi-adapter-i-plyta-oslonowa-cnc\/","title":{"rendered":"BMW M57 W\u0105ski Dzwon &#8211; VW Crafter CR 2.0 TDI Adapter i P\u0142yta Os\u0142onowa CNC"},"content":{"rendered":"<p>Kryza\/adapter wraz z p\u0142yt\u0105 os\u0142onow\u0105 do konwersji silnika BMW M57 w\u0105ski dzwon (pre-lift) z manualn\u0105 6-biegow\u0105 skrzyni\u0105 VW Crafter CR 2.0 TDI 2011-2017.<\/p>\n<p>Grubo\u015b\u0107: &#8211; p\u0142yta adaptacyjna 12mm, &#8211; p\u0142yta os\u0142onowa 2mm.<\/p>\n<p>Obie wykonane ze stali S355, wyj\u0105tkowo wytrzyma\u0142ej i odpornej na ci\u015bnienie oraz wysok\u0105 temperatur\u0119.<\/p>\n<div>Zaprojektowana w oprogramowaniu CAD\/CAM i wykonana w technologii CNC, zapewniaj\u0105ca wysokiej jako\u015bci wyko\u0144czenie i idealne dopasowanie, gwarantuj\u0105ce precyzyjn\u0105 wsp\u00f3\u0142osiowo\u015b\u0107 wa\u0142u korbowego silnika z wa\u0142em wej\u015bciowym skrzyni bieg\u00f3w.<\/div>\n<div><\/div>\n<div>Do wykonania tego swapu potrzebne s\u0105:<\/div>\n<ul>\n<li>Dwumasowe ko\u0142o zamachowe BMW M57<\/li>\n<li>Docisk sprz\u0119g\u0142a BMW<\/li>\n<li>Tarcza sprz\u0119g\u0142a VW Crafter<\/li>\n<\/ul>\n<div><strong>Ostatnie zdj\u0119cie to wskaz\u00f3wka czy Tw\u00f3j BMW M57 to w\u0105ski (pre-lift) czy szeroki (lift) dzwon. Zmierz dystans pomi\u0119dzy pinami ustalj\u0105cymi.<\/strong><\/div>\n<div>\n<div><\/div>\n<\/div>\n<div>Wyprodukowano w Polsce.<\/div>\n<div><\/div>\n","protected":false},"excerpt":{"rendered":"<p>Kryza\/adapter wraz z p\u0142yt\u0105 os\u0142onow\u0105 do konwersji silnika BMW M57 w\u0105ski dzwon (pre-lift) z manualn\u0105 6-biegow\u0105 skrzyni\u0105 VW Crafter CR 2.0 TDI 2011-2017. Grubo\u015b\u0107: &#8211; p\u0142yta adaptacyjna 12mm, &#8211; p\u0142yta os\u0142onowa 2mm. Obie wykonane ze stali S355, wyj\u0105tkowo wytrzyma\u0142ej i odpornej na ci\u015bnienie oraz wysok\u0105 temperatur\u0119. Zaprojektowana w oprogramowaniu CAD\/CAM i wykonana w technologii CNC, [&hellip;]<\/p>\n","protected":false},"featured_media":4799,"comment_status":"closed","ping_status":"closed","template":"","meta":{"_monsterinsights_skip_tracking":false,"_monsterinsights_sitenote_active":false,"_monsterinsights_sitenote_note":"","_monsterinsights_sitenote_category":0,"ocean_post_layout":"","ocean_both_sidebars_style":"","ocean_both_sidebars_content_width":0,"ocean_both_sidebars_sidebars_width":0,"ocean_sidebar":"0","ocean_second_sidebar":"0","ocean_disable_margins":"enable","ocean_add_body_class":"","ocean_shortcode_before_top_bar":"","ocean_shortcode_after_top_bar":"","ocean_shortcode_before_header":"","ocean_shortcode_after_header":"","ocean_has_shortcode":"","ocean_shortcode_after_title":"","ocean_shortcode_before_footer_widgets":"","ocean_shortcode_after_footer_widgets":"","ocean_shortcode_before_footer_bottom":"","ocean_shortcode_after_footer_bottom":"","ocean_display_top_bar":"default","ocean_display_header":"default","ocean_header_style":"","ocean_center_header_left_menu":"0","ocean_custom_header_template":"0","ocean_custom_logo":0,"ocean_custom_retina_logo":0,"ocean_custom_logo_max_width":0,"ocean_custom_logo_tablet_max_width":0,"ocean_custom_logo_mobile_max_width":0,"ocean_custom_logo_max_height":0,"ocean_custom_logo_tablet_max_height":0,"ocean_custom_logo_mobile_max_height":0,"ocean_header_custom_menu":"0","ocean_menu_typo_font_family":"0","ocean_menu_typo_font_subset":"","ocean_menu_typo_font_size":0,"ocean_menu_typo_font_size_tablet":0,"ocean_menu_typo_font_size_mobile":0,"ocean_menu_typo_font_size_unit":"px","ocean_menu_typo_font_weight":"","ocean_menu_typo_font_weight_tablet":"","ocean_menu_typo_font_weight_mobile":"","ocean_menu_typo_transform":"","ocean_menu_typo_transform_tablet":"","ocean_menu_typo_transform_mobile":"","ocean_menu_typo_line_height":0,"ocean_menu_typo_line_height_tablet":0,"ocean_menu_typo_line_height_mobile":0,"ocean_menu_typo_line_height_unit":"","ocean_menu_typo_spacing":0,"ocean_menu_typo_spacing_tablet":0,"ocean_menu_typo_spacing_mobile":0,"ocean_menu_typo_spacing_unit":"","ocean_menu_link_color":"","ocean_menu_link_color_hover":"","ocean_menu_link_color_active":"","ocean_menu_link_background":"","ocean_menu_link_hover_background":"","ocean_menu_link_active_background":"","ocean_menu_social_links_bg":"","ocean_menu_social_hover_links_bg":"","ocean_menu_social_links_color":"","ocean_menu_social_hover_links_color":"","ocean_disable_title":"default","ocean_disable_heading":"default","ocean_post_title":"","ocean_post_subheading":"","ocean_post_title_style":"","ocean_post_title_background_color":"","ocean_post_title_background":0,"ocean_post_title_bg_image_position":"","ocean_post_title_bg_image_attachment":"","ocean_post_title_bg_image_repeat":"","ocean_post_title_bg_image_size":"","ocean_post_title_height":0,"ocean_post_title_bg_overlay":0.5,"ocean_post_title_bg_overlay_color":"","ocean_disable_breadcrumbs":"default","ocean_breadcrumbs_color":"","ocean_breadcrumbs_separator_color":"","ocean_breadcrumbs_links_color":"","ocean_breadcrumbs_links_hover_color":"","ocean_display_footer_widgets":"default","ocean_display_footer_bottom":"default","ocean_custom_footer_template":"0"},"product_brand":[],"product_cat":[354,355,394],"product_tag":[382,359,437],"class_list":{"0":"post-4798","1":"product","2":"type-product","3":"status-publish","4":"has-post-thumbnail","6":"product_cat-bmw","7":"product_cat-czesci-samochodowe","8":"product_cat-volkswagen","9":"product_tag-adapter","10":"product_tag-bmw-m57","11":"product_tag-vw-crafter","13":"entry","14":"has-media","16":"first","17":"instock","18":"taxable","19":"shipping-taxable","20":"purchasable","21":"product-type-simple","22":"has-product-nav","23":"col","24":"span_1_of_3","25":"owp-content-center","26":"owp-thumbs-layout-horizontal","27":"owp-btn-normal","28":"owp-tabs-layout-horizontal"},"_links":{"self":[{"href":"https:\/\/www.borowskiengineering.com\/pl\/wp-json\/wp\/v2\/product\/4798","targetHints":{"allow":["GET"]}}],"collection":[{"href":"https:\/\/www.borowskiengineering.com\/pl\/wp-json\/wp\/v2\/product"}],"about":[{"href":"https:\/\/www.borowskiengineering.com\/pl\/wp-json\/wp\/v2\/types\/product"}],"replies":[{"embeddable":true,"href":"https:\/\/www.borowskiengineering.com\/pl\/wp-json\/wp\/v2\/comments?post=4798"}],"version-history":[{"count":4,"href":"https:\/\/www.borowskiengineering.com\/pl\/wp-json\/wp\/v2\/product\/4798\/revisions"}],"predecessor-version":[{"id":6486,"href":"https:\/\/www.borowskiengineering.com\/pl\/wp-json\/wp\/v2\/product\/4798\/revisions\/6486"}],"wp:featuredmedia":[{"embeddable":true,"href":"https:\/\/www.borowskiengineering.com\/pl\/wp-json\/wp\/v2\/media\/4799"}],"wp:attachment":[{"href":"https:\/\/www.borowskiengineering.com\/pl\/wp-json\/wp\/v2\/media?parent=4798"}],"wp:term":[{"taxonomy":"product_brand","embeddable":true,"href":"https:\/\/www.borowskiengineering.com\/pl\/wp-json\/wp\/v2\/product_brand?post=4798"},{"taxonomy":"product_cat","embeddable":true,"href":"https:\/\/www.borowskiengineering.com\/pl\/wp-json\/wp\/v2\/product_cat?post=4798"},{"taxonomy":"product_tag","embeddable":true,"href":"https:\/\/www.borowskiengineering.com\/pl\/wp-json\/wp\/v2\/product_tag?post=4798"}],"curies":[{"name":"wp","href":"https:\/\/api.w.org\/{rel}","templated":true}]}}