
{"id":4835,"date":"2025-04-12T17:15:27","date_gmt":"2025-04-12T15:15:27","guid":{"rendered":"https:\/\/www.borowskiengineering.com\/product\/bmw-m57-wide-block-to-nissan-navara-d40-2010-15-adapter-plate-cnc\/"},"modified":"2026-03-18T17:48:52","modified_gmt":"2026-03-18T15:48:52","slug":"bmw-m57-szeroki-dzwon-nissan-navara-d40-pathfinder-r51-2010-15-adapter-kryza-cnc","status":"publish","type":"product","link":"https:\/\/www.borowskiengineering.com\/pl\/produkt\/bmw-m57-szeroki-dzwon-nissan-navara-d40-pathfinder-r51-2010-15-adapter-kryza-cnc\/","title":{"rendered":"BMW M57 Szeroki Dzwon &#8211; Nissan Navara D40\/Pathfinder R51 2010-15 Adapter\/Kryza CNC"},"content":{"rendered":"<p><span style=\"font-size: large;\">Adapter do po\u0142\u0105czenia silnika BMW M57 szeroki dzwon (lift) z Nissan Navara D40 poliftowa (2010-2015) 2.5DCI o mocy 192KM oraz V3.0DCI o mocy 240KM.<\/span><\/p>\n<div>\n<div>\n<p><span style=\"font-family: Arial; font-size: large;\">Nissan Navara jest bli\u017aniaczym modelem Nissana Pathfinder R51 2.5DCI.<\/span><\/p>\n<div>\n<div><span style=\"font-family: Arial;\">Materia\u0142 &#8211; stal.<\/span><\/div>\n<div><span style=\"font-family: Arial;\">Grubo\u015b\u0107 &#8211; 12mm<\/span><\/div>\n<div><\/div>\n<div>\n<div><span style=\"font-family: Arial; font-size: large;\">Do wykonania konwersji potrzebujesz:<\/span><\/div>\n<div><span style=\"font-family: Arial; font-size: large;\">* Ko\u0142o zamachowe BMW M57<\/span><\/div>\n<div><span style=\"font-family: Arial; font-size: large;\">* Docisk sprz\u0119g\u0142a BMW M57<\/span><\/div>\n<div><span style=\"font-family: Arial; font-size: large;\">* Tarcza sprz\u0119g\u0142a Navara<\/span><\/div>\n<div><\/div>\n<div>\n<div>Zaprojektowano w oprogramowaniu CAD\/CAM i wykonano na maszynach CNC z wysokiej jako\u015bci wyko\u0144czeniem i dopasowaniem.<\/div>\n<div>Wyprodukowano w UE.<\/div>\n<div>Wysy\u0142ka na ca\u0142y \u015bwiat.<\/div>\n<div><\/div>\n<div><b><span style=\"font-family: Arial;\">Nie masz pewno\u015bci, czy Tw\u00f3j silnik to model 'pre-lift&#8217; czy 'lift&#8217;? Bez obaw, sprawd\u017a na ostatnim zdj\u0119ciu i zmierz odleg\u0142o\u015b\u0107 mi\u0119dzy dwoma pinami ustalaj\u0105cymi, a otrzymasz odpowied\u017a. <\/span><br \/>\n<\/b><\/div>\n<div><\/div>\n<\/div>\n<\/div>\n<\/div>\n<\/div>\n<\/div>\n","protected":false},"excerpt":{"rendered":"<p>Adapter do po\u0142\u0105czenia silnika BMW M57 szeroki dzwon (lift) z Nissan Navara D40 poliftowa (2010-2015) 2.5DCI o mocy 192KM oraz V3.0DCI o mocy 240KM. Nissan Navara jest bli\u017aniaczym modelem Nissana Pathfinder R51 2.5DCI. Materia\u0142 &#8211; stal. Grubo\u015b\u0107 &#8211; 12mm Do wykonania konwersji potrzebujesz: * Ko\u0142o zamachowe BMW M57 * Docisk sprz\u0119g\u0142a BMW M57 * Tarcza [&hellip;]<\/p>\n","protected":false},"featured_media":4840,"comment_status":"closed","ping_status":"closed","template":"","meta":{"_monsterinsights_skip_tracking":false,"_monsterinsights_sitenote_active":false,"_monsterinsights_sitenote_note":"","_monsterinsights_sitenote_category":0,"ocean_post_layout":"","ocean_both_sidebars_style":"","ocean_both_sidebars_content_width":0,"ocean_both_sidebars_sidebars_width":0,"ocean_sidebar":"0","ocean_second_sidebar":"0","ocean_disable_margins":"enable","ocean_add_body_class":"","ocean_shortcode_before_top_bar":"","ocean_shortcode_after_top_bar":"","ocean_shortcode_before_header":"","ocean_shortcode_after_header":"","ocean_has_shortcode":"","ocean_shortcode_after_title":"","ocean_shortcode_before_footer_widgets":"","ocean_shortcode_after_footer_widgets":"","ocean_shortcode_before_footer_bottom":"","ocean_shortcode_after_footer_bottom":"","ocean_display_top_bar":"default","ocean_display_header":"default","ocean_header_style":"","ocean_center_header_left_menu":"0","ocean_custom_header_template":"0","ocean_custom_logo":0,"ocean_custom_retina_logo":0,"ocean_custom_logo_max_width":0,"ocean_custom_logo_tablet_max_width":0,"ocean_custom_logo_mobile_max_width":0,"ocean_custom_logo_max_height":0,"ocean_custom_logo_tablet_max_height":0,"ocean_custom_logo_mobile_max_height":0,"ocean_header_custom_menu":"0","ocean_menu_typo_font_family":"0","ocean_menu_typo_font_subset":"","ocean_menu_typo_font_size":0,"ocean_menu_typo_font_size_tablet":0,"ocean_menu_typo_font_size_mobile":0,"ocean_menu_typo_font_size_unit":"px","ocean_menu_typo_font_weight":"","ocean_menu_typo_font_weight_tablet":"","ocean_menu_typo_font_weight_mobile":"","ocean_menu_typo_transform":"","ocean_menu_typo_transform_tablet":"","ocean_menu_typo_transform_mobile":"","ocean_menu_typo_line_height":0,"ocean_menu_typo_line_height_tablet":0,"ocean_menu_typo_line_height_mobile":0,"ocean_menu_typo_line_height_unit":"","ocean_menu_typo_spacing":0,"ocean_menu_typo_spacing_tablet":0,"ocean_menu_typo_spacing_mobile":0,"ocean_menu_typo_spacing_unit":"","ocean_menu_link_color":"","ocean_menu_link_color_hover":"","ocean_menu_link_color_active":"","ocean_menu_link_background":"","ocean_menu_link_hover_background":"","ocean_menu_link_active_background":"","ocean_menu_social_links_bg":"","ocean_menu_social_hover_links_bg":"","ocean_menu_social_links_color":"","ocean_menu_social_hover_links_color":"","ocean_disable_title":"default","ocean_disable_heading":"default","ocean_post_title":"","ocean_post_subheading":"","ocean_post_title_style":"","ocean_post_title_background_color":"","ocean_post_title_background":0,"ocean_post_title_bg_image_position":"","ocean_post_title_bg_image_attachment":"","ocean_post_title_bg_image_repeat":"","ocean_post_title_bg_image_size":"","ocean_post_title_height":0,"ocean_post_title_bg_overlay":0.5,"ocean_post_title_bg_overlay_color":"","ocean_disable_breadcrumbs":"default","ocean_breadcrumbs_color":"","ocean_breadcrumbs_separator_color":"","ocean_breadcrumbs_links_color":"","ocean_breadcrumbs_links_hover_color":"","ocean_display_footer_widgets":"default","ocean_display_footer_bottom":"default","ocean_custom_footer_template":"0"},"product_brand":[],"product_cat":[354,355,370],"product_tag":[382,450,395,397],"class_list":{"0":"post-4835","1":"product","2":"type-product","3":"status-publish","4":"has-post-thumbnail","6":"product_cat-bmw","7":"product_cat-czesci-samochodowe","8":"product_cat-nissan","9":"product_tag-adapter","10":"product_tag-m57-lift","11":"product_tag-nissan-navara-d40","12":"product_tag-nissan-pathfinder-r51","14":"entry","15":"has-media","17":"first","18":"instock","19":"taxable","20":"shipping-taxable","21":"purchasable","22":"product-type-simple","23":"has-product-nav","24":"col","25":"span_1_of_3","26":"owp-content-center","27":"owp-thumbs-layout-horizontal","28":"owp-btn-normal","29":"owp-tabs-layout-horizontal"},"_links":{"self":[{"href":"https:\/\/www.borowskiengineering.com\/pl\/wp-json\/wp\/v2\/product\/4835","targetHints":{"allow":["GET"]}}],"collection":[{"href":"https:\/\/www.borowskiengineering.com\/pl\/wp-json\/wp\/v2\/product"}],"about":[{"href":"https:\/\/www.borowskiengineering.com\/pl\/wp-json\/wp\/v2\/types\/product"}],"replies":[{"embeddable":true,"href":"https:\/\/www.borowskiengineering.com\/pl\/wp-json\/wp\/v2\/comments?post=4835"}],"version-history":[{"count":3,"href":"https:\/\/www.borowskiengineering.com\/pl\/wp-json\/wp\/v2\/product\/4835\/revisions"}],"predecessor-version":[{"id":6490,"href":"https:\/\/www.borowskiengineering.com\/pl\/wp-json\/wp\/v2\/product\/4835\/revisions\/6490"}],"wp:featuredmedia":[{"embeddable":true,"href":"https:\/\/www.borowskiengineering.com\/pl\/wp-json\/wp\/v2\/media\/4840"}],"wp:attachment":[{"href":"https:\/\/www.borowskiengineering.com\/pl\/wp-json\/wp\/v2\/media?parent=4835"}],"wp:term":[{"taxonomy":"product_brand","embeddable":true,"href":"https:\/\/www.borowskiengineering.com\/pl\/wp-json\/wp\/v2\/product_brand?post=4835"},{"taxonomy":"product_cat","embeddable":true,"href":"https:\/\/www.borowskiengineering.com\/pl\/wp-json\/wp\/v2\/product_cat?post=4835"},{"taxonomy":"product_tag","embeddable":true,"href":"https:\/\/www.borowskiengineering.com\/pl\/wp-json\/wp\/v2\/product_tag?post=4835"}],"curies":[{"name":"wp","href":"https:\/\/api.w.org\/{rel}","templated":true}]}}