
{"id":4851,"date":"2025-02-13T11:25:31","date_gmt":"2025-02-13T09:25:31","guid":{"rendered":"https:\/\/www.borowskiengineering.com\/product\/bmw-m57-pre-lift-to-mercedes-benz-sprinter-6-speed-manual-gearbox-2010\/"},"modified":"2026-03-18T17:53:47","modified_gmt":"2026-03-18T15:53:47","slug":"bmw-m57-waski-dzwon-mercedes-sprinter-2010-22-6-biegowy-manual-adapter-kryza-cnc","status":"publish","type":"product","link":"https:\/\/www.borowskiengineering.com\/pl\/produkt\/bmw-m57-waski-dzwon-mercedes-sprinter-2010-22-6-biegowy-manual-adapter-kryza-cnc\/","title":{"rendered":"BMW M57 W\u0105ski Dzwon &#8211; Mercedes OM651 Sprinter 2010-22 6 Biegowy Manual Adapter\/Kryza CNC"},"content":{"rendered":"<p>P\u0142yta adaptacyjna do po\u0142\u0105czenia silnika BMW M57 w\u0105ski dzwon (pre-lift) z 6 biegow\u0105 manualna skrzyni\u0105 bieg\u00f3w Mercedes OM651 Sprinter 2.1 \/ 2.2, produkowany w latach 2010-2022 (651).<\/p>\n<p>Wykonana ze stali s355,\u00a0 grubo\u015b\u0107 48 mm.<\/p>\n<p>W zestawie r\u00f3wnie\u017c p\u0142yta os\u0142onowa o grubo\u015bci 2 mm.<\/p>\n<p>Nie ma potrzeby stosowania customowego ko\u0142a zamachowego. Wystarczy dwumasowe ko\u0142o BMW, docisk BMW, a tarcza Sprintera.<\/p>\n<p>Wszystkie nasze produkty s\u0105 projektowane przy u\u017cyciu oprogramowania CAD\/CAM i obrabiane na maszynach CNC, zapewniaj\u0105c wysok\u0105 jako\u015b\u0107 wyko\u0144czenia i dopasowania.<\/p>\n<p>Ostatnie zdj\u0119cie wyt\u0142umaczy Ci czy Tw\u00f3j silnik BMW M57 jest w\u0105ski (pre-lift) czy szeroki (lift) dzwon. Zmierz dystans pomi\u0119dzy pinami.<\/p>\n<pre id=\"tw-target-text\" class=\"tw-data-text tw-text-large tw-ta\" dir=\"ltr\" tabindex=\"-1\" role=\"text\" data-placeholder=\"T\u0142umaczenie\" data-ved=\"2ahUKEwiosdLLoPGPAxURBdsEHfmrBfoQ3ewLegQIChAV\" aria-label=\"Przet\u0142umaczony tekst: Nie jestem pewien, czy Tw\u00f3j silnik jest przedliftowy, czy poliftowy. Nie martw si\u0119, sp\u00f3jrz na ostatnie zdj\u0119cie i po prostu zmierz odleg\u0142o\u015b\u0107 mi\u0119dzy tymi dwoma bolcami oporowymi, a to b\u0119dzie odpowied\u017a.\"><\/pre>\n<div><\/div>\n","protected":false},"excerpt":{"rendered":"<p>P\u0142yta adaptacyjna do po\u0142\u0105czenia silnika BMW M57 w\u0105ski dzwon (pre-lift) z 6 biegow\u0105 manualna skrzyni\u0105 bieg\u00f3w Mercedes OM651 Sprinter 2.1 \/ 2.2, produkowany w latach 2010-2022 (651). Wykonana ze stali s355,\u00a0 grubo\u015b\u0107 48 mm. W zestawie r\u00f3wnie\u017c p\u0142yta os\u0142onowa o grubo\u015bci 2 mm. Nie ma potrzeby stosowania customowego ko\u0142a zamachowego. Wystarczy dwumasowe ko\u0142o BMW, docisk [&hellip;]<\/p>\n","protected":false},"featured_media":4852,"comment_status":"closed","ping_status":"closed","template":"","meta":{"_monsterinsights_skip_tracking":false,"_monsterinsights_sitenote_active":false,"_monsterinsights_sitenote_note":"","_monsterinsights_sitenote_category":0,"ocean_post_layout":"","ocean_both_sidebars_style":"","ocean_both_sidebars_content_width":0,"ocean_both_sidebars_sidebars_width":0,"ocean_sidebar":"0","ocean_second_sidebar":"0","ocean_disable_margins":"enable","ocean_add_body_class":"","ocean_shortcode_before_top_bar":"","ocean_shortcode_after_top_bar":"","ocean_shortcode_before_header":"","ocean_shortcode_after_header":"","ocean_has_shortcode":"","ocean_shortcode_after_title":"","ocean_shortcode_before_footer_widgets":"","ocean_shortcode_after_footer_widgets":"","ocean_shortcode_before_footer_bottom":"","ocean_shortcode_after_footer_bottom":"","ocean_display_top_bar":"default","ocean_display_header":"default","ocean_header_style":"","ocean_center_header_left_menu":"0","ocean_custom_header_template":"0","ocean_custom_logo":0,"ocean_custom_retina_logo":0,"ocean_custom_logo_max_width":0,"ocean_custom_logo_tablet_max_width":0,"ocean_custom_logo_mobile_max_width":0,"ocean_custom_logo_max_height":0,"ocean_custom_logo_tablet_max_height":0,"ocean_custom_logo_mobile_max_height":0,"ocean_header_custom_menu":"0","ocean_menu_typo_font_family":"0","ocean_menu_typo_font_subset":"","ocean_menu_typo_font_size":0,"ocean_menu_typo_font_size_tablet":0,"ocean_menu_typo_font_size_mobile":0,"ocean_menu_typo_font_size_unit":"px","ocean_menu_typo_font_weight":"","ocean_menu_typo_font_weight_tablet":"","ocean_menu_typo_font_weight_mobile":"","ocean_menu_typo_transform":"","ocean_menu_typo_transform_tablet":"","ocean_menu_typo_transform_mobile":"","ocean_menu_typo_line_height":0,"ocean_menu_typo_line_height_tablet":0,"ocean_menu_typo_line_height_mobile":0,"ocean_menu_typo_line_height_unit":"","ocean_menu_typo_spacing":0,"ocean_menu_typo_spacing_tablet":0,"ocean_menu_typo_spacing_mobile":0,"ocean_menu_typo_spacing_unit":"","ocean_menu_link_color":"","ocean_menu_link_color_hover":"","ocean_menu_link_color_active":"","ocean_menu_link_background":"","ocean_menu_link_hover_background":"","ocean_menu_link_active_background":"","ocean_menu_social_links_bg":"","ocean_menu_social_hover_links_bg":"","ocean_menu_social_links_color":"","ocean_menu_social_hover_links_color":"","ocean_disable_title":"default","ocean_disable_heading":"default","ocean_post_title":"","ocean_post_subheading":"","ocean_post_title_style":"","ocean_post_title_background_color":"","ocean_post_title_background":0,"ocean_post_title_bg_image_position":"","ocean_post_title_bg_image_attachment":"","ocean_post_title_bg_image_repeat":"","ocean_post_title_bg_image_size":"","ocean_post_title_height":0,"ocean_post_title_bg_overlay":0.5,"ocean_post_title_bg_overlay_color":"","ocean_disable_breadcrumbs":"default","ocean_breadcrumbs_color":"","ocean_breadcrumbs_separator_color":"","ocean_breadcrumbs_links_color":"","ocean_breadcrumbs_links_hover_color":"","ocean_display_footer_widgets":"default","ocean_display_footer_bottom":"default","ocean_custom_footer_template":"0"},"product_brand":[],"product_cat":[354,355,364],"product_tag":[382,459,457],"class_list":{"0":"post-4851","1":"product","2":"type-product","3":"status-publish","4":"has-post-thumbnail","6":"product_cat-bmw","7":"product_cat-czesci-samochodowe","8":"product_cat-mercedes","9":"product_tag-adapter","10":"product_tag-mercedes-sprinter-6-biegowa-manualna","11":"product_tag-silnik-bmw-m57","13":"entry","14":"has-media","16":"first","17":"instock","18":"taxable","19":"shipping-taxable","20":"purchasable","21":"product-type-simple","22":"has-product-nav","23":"col","24":"span_1_of_3","25":"owp-content-center","26":"owp-thumbs-layout-horizontal","27":"owp-btn-normal","28":"owp-tabs-layout-horizontal"},"_links":{"self":[{"href":"https:\/\/www.borowskiengineering.com\/pl\/wp-json\/wp\/v2\/product\/4851","targetHints":{"allow":["GET"]}}],"collection":[{"href":"https:\/\/www.borowskiengineering.com\/pl\/wp-json\/wp\/v2\/product"}],"about":[{"href":"https:\/\/www.borowskiengineering.com\/pl\/wp-json\/wp\/v2\/types\/product"}],"replies":[{"embeddable":true,"href":"https:\/\/www.borowskiengineering.com\/pl\/wp-json\/wp\/v2\/comments?post=4851"}],"version-history":[{"count":6,"href":"https:\/\/www.borowskiengineering.com\/pl\/wp-json\/wp\/v2\/product\/4851\/revisions"}],"predecessor-version":[{"id":6492,"href":"https:\/\/www.borowskiengineering.com\/pl\/wp-json\/wp\/v2\/product\/4851\/revisions\/6492"}],"wp:featuredmedia":[{"embeddable":true,"href":"https:\/\/www.borowskiengineering.com\/pl\/wp-json\/wp\/v2\/media\/4852"}],"wp:attachment":[{"href":"https:\/\/www.borowskiengineering.com\/pl\/wp-json\/wp\/v2\/media?parent=4851"}],"wp:term":[{"taxonomy":"product_brand","embeddable":true,"href":"https:\/\/www.borowskiengineering.com\/pl\/wp-json\/wp\/v2\/product_brand?post=4851"},{"taxonomy":"product_cat","embeddable":true,"href":"https:\/\/www.borowskiengineering.com\/pl\/wp-json\/wp\/v2\/product_cat?post=4851"},{"taxonomy":"product_tag","embeddable":true,"href":"https:\/\/www.borowskiengineering.com\/pl\/wp-json\/wp\/v2\/product_tag?post=4851"}],"curies":[{"name":"wp","href":"https:\/\/api.w.org\/{rel}","templated":true}]}}