
{"id":4867,"date":"2025-04-19T10:02:23","date_gmt":"2025-04-19T08:02:23","guid":{"rendered":"https:\/\/www.borowskiengineering.com\/product\/adapter-mercedes-benz-722-6-auto-gearbox-nissan-patrol-y60-y61-transfer-case\/"},"modified":"2026-05-06T08:35:52","modified_gmt":"2026-05-06T06:35:52","slug":"adapter-lacznik-mercedes-benz-722-6auto-nissan-patrol-y61-reduktor","status":"publish","type":"product","link":"https:\/\/www.borowskiengineering.com\/pl\/produkt\/adapter-lacznik-mercedes-benz-722-6auto-nissan-patrol-y61-reduktor\/","title":{"rendered":"\u0141\u0105cznik\/Adapter Mercedes Benz 722.6auto &#8211; Nissan Patrol Y61 Reduktor"},"content":{"rendered":"<p>Adapter do po\u0142\u0105czenia 5-biegowej automatycznej skrzyni bieg\u00f3w Mercedes Benz 722.6 z reduktorem Nissan Patrol Y61.<\/p>\n<p>Grubo\u015b\u0107 adaptera: 148 mm, wykonany ze stali.<\/p>\n<p>Obrobiony na maszynie CNC po spawaniu, aby zagwarantowa\u0107 r\u00f3wnoleg\u0142o\u015b\u0107 pomi\u0119dzy powierzchniami przylegania, zapewniaj\u0105c wyr\u00f3wnanie mi\u0119dzy wa\u0142em wyj\u015bciowym skrzyni bieg\u00f3w a wa\u0142em wej\u015bciowym reduktora. Perfekcyjne gniazdo na \u0142o\u017cysko i pier\u015bcie\u0144 Seegera w celu zapewnienia dodatkowego wsparcia.<\/p>\n<p>Podstawa\/\u015bciana \u0142\u0105cz\u0105ca zaprojektowana w trzech wariantach wysoko\u015bci, co umo\u017cliwia monta\u017c skrzyni bieg\u00f3w w r\u00f3\u017cnych pozycjach (patrz zdj\u0119cia):<\/p>\n<ol>\n<li>wysoko\u015b\u0107 magazynowa jak w oryginalnej lokalizacji<\/li>\n<li>obni\u017cona wysoko\u015b\u0107 o 1 cm &#8211; w celu obni\u017cenia skrzyni bieg\u00f3w<\/li>\n<li>podwy\u017cszona wysoko\u015b\u0107 o 2 cm &#8211; w celu podniesienia skrzyni bieg\u00f3w<\/li>\n<\/ol>\n<p>\u0141\u0105cznik montowany na oryginalnych poduszkach skrzyni Nissan Patrol.<\/p>\n<div>Wa\u0142 \u0142\u0105cz\u0105cy wykonany jest ze specjalnej stali chromowo-molibdenowej, kt\u00f3ra zosta\u0142a poddana obr\u00f3bce cieplnej do twardo\u015bci 53-55 HRC dla uzyskania najlepszej wydajno\u015bci.<\/div>\n<div>Gotowy do monta\u017cu.<\/div>\n<div><\/div>\n<div>W razie jakichkolwiek pyta\u0144, prosimy o kontakt. Mo\u017cemy wykona\u0107 dowolny adapter wed\u0142ug Pa\u0144stwa specyfikacji.<\/div>\n","protected":false},"excerpt":{"rendered":"<p>Adapter do po\u0142\u0105czenia 5-biegowej automatycznej skrzyni bieg\u00f3w Mercedes Benz 722.6 z reduktorem Nissan Patrol Y61. Grubo\u015b\u0107 adaptera: 148 mm, wykonany ze stali. Obrobiony na maszynie CNC po spawaniu, aby zagwarantowa\u0107 r\u00f3wnoleg\u0142o\u015b\u0107 pomi\u0119dzy powierzchniami przylegania, zapewniaj\u0105c wyr\u00f3wnanie mi\u0119dzy wa\u0142em wyj\u015bciowym skrzyni bieg\u00f3w a wa\u0142em wej\u015bciowym reduktora. Perfekcyjne gniazdo na \u0142o\u017cysko i pier\u015bcie\u0144 Seegera w celu zapewnienia [&hellip;]<\/p>\n","protected":false},"featured_media":6661,"comment_status":"closed","ping_status":"closed","template":"","meta":{"_monsterinsights_skip_tracking":false,"_monsterinsights_sitenote_active":false,"_monsterinsights_sitenote_note":"","_monsterinsights_sitenote_category":0,"ocean_post_layout":"","ocean_both_sidebars_style":"","ocean_both_sidebars_content_width":0,"ocean_both_sidebars_sidebars_width":0,"ocean_sidebar":"0","ocean_second_sidebar":"0","ocean_disable_margins":"enable","ocean_add_body_class":"","ocean_shortcode_before_top_bar":"","ocean_shortcode_after_top_bar":"","ocean_shortcode_before_header":"","ocean_shortcode_after_header":"","ocean_has_shortcode":"","ocean_shortcode_after_title":"","ocean_shortcode_before_footer_widgets":"","ocean_shortcode_after_footer_widgets":"","ocean_shortcode_before_footer_bottom":"","ocean_shortcode_after_footer_bottom":"","ocean_display_top_bar":"default","ocean_display_header":"default","ocean_header_style":"","ocean_center_header_left_menu":"0","ocean_custom_header_template":"0","ocean_custom_logo":0,"ocean_custom_retina_logo":0,"ocean_custom_logo_max_width":0,"ocean_custom_logo_tablet_max_width":0,"ocean_custom_logo_mobile_max_width":0,"ocean_custom_logo_max_height":0,"ocean_custom_logo_tablet_max_height":0,"ocean_custom_logo_mobile_max_height":0,"ocean_header_custom_menu":"0","ocean_menu_typo_font_family":"0","ocean_menu_typo_font_subset":"","ocean_menu_typo_font_size":0,"ocean_menu_typo_font_size_tablet":0,"ocean_menu_typo_font_size_mobile":0,"ocean_menu_typo_font_size_unit":"px","ocean_menu_typo_font_weight":"","ocean_menu_typo_font_weight_tablet":"","ocean_menu_typo_font_weight_mobile":"","ocean_menu_typo_transform":"","ocean_menu_typo_transform_tablet":"","ocean_menu_typo_transform_mobile":"","ocean_menu_typo_line_height":0,"ocean_menu_typo_line_height_tablet":0,"ocean_menu_typo_line_height_mobile":0,"ocean_menu_typo_line_height_unit":"","ocean_menu_typo_spacing":0,"ocean_menu_typo_spacing_tablet":0,"ocean_menu_typo_spacing_mobile":0,"ocean_menu_typo_spacing_unit":"","ocean_menu_link_color":"","ocean_menu_link_color_hover":"","ocean_menu_link_color_active":"","ocean_menu_link_background":"","ocean_menu_link_hover_background":"","ocean_menu_link_active_background":"","ocean_menu_social_links_bg":"","ocean_menu_social_hover_links_bg":"","ocean_menu_social_links_color":"","ocean_menu_social_hover_links_color":"","ocean_disable_title":"default","ocean_disable_heading":"default","ocean_post_title":"","ocean_post_subheading":"","ocean_post_title_style":"","ocean_post_title_background_color":"","ocean_post_title_background":0,"ocean_post_title_bg_image_position":"","ocean_post_title_bg_image_attachment":"","ocean_post_title_bg_image_repeat":"","ocean_post_title_bg_image_size":"","ocean_post_title_height":0,"ocean_post_title_bg_overlay":0.5,"ocean_post_title_bg_overlay_color":"","ocean_disable_breadcrumbs":"default","ocean_breadcrumbs_color":"","ocean_breadcrumbs_separator_color":"","ocean_breadcrumbs_links_color":"","ocean_breadcrumbs_links_hover_color":"","ocean_display_footer_widgets":"default","ocean_display_footer_bottom":"default","ocean_custom_footer_template":"0"},"product_brand":[],"product_cat":[355,364,370],"product_tag":[382,467,466,390],"class_list":{"0":"post-4867","1":"product","2":"type-product","3":"status-publish","4":"has-post-thumbnail","6":"product_cat-czesci-samochodowe","7":"product_cat-mercedes","8":"product_cat-nissan","9":"product_tag-adapter","10":"product_tag-mb722-6","11":"product_tag-mercedes-benz-722-6","12":"product_tag-nissan-patrol-y60-y61","14":"entry","15":"has-media","17":"first","18":"instock","19":"taxable","20":"shipping-taxable","21":"purchasable","22":"product-type-simple","23":"has-product-nav","24":"col","25":"span_1_of_3","26":"owp-content-center","27":"owp-thumbs-layout-horizontal","28":"owp-btn-normal","29":"owp-tabs-layout-horizontal"},"_links":{"self":[{"href":"https:\/\/www.borowskiengineering.com\/pl\/wp-json\/wp\/v2\/product\/4867","targetHints":{"allow":["GET"]}}],"collection":[{"href":"https:\/\/www.borowskiengineering.com\/pl\/wp-json\/wp\/v2\/product"}],"about":[{"href":"https:\/\/www.borowskiengineering.com\/pl\/wp-json\/wp\/v2\/types\/product"}],"replies":[{"embeddable":true,"href":"https:\/\/www.borowskiengineering.com\/pl\/wp-json\/wp\/v2\/comments?post=4867"}],"version-history":[{"count":4,"href":"https:\/\/www.borowskiengineering.com\/pl\/wp-json\/wp\/v2\/product\/4867\/revisions"}],"predecessor-version":[{"id":6666,"href":"https:\/\/www.borowskiengineering.com\/pl\/wp-json\/wp\/v2\/product\/4867\/revisions\/6666"}],"wp:featuredmedia":[{"embeddable":true,"href":"https:\/\/www.borowskiengineering.com\/pl\/wp-json\/wp\/v2\/media\/6661"}],"wp:attachment":[{"href":"https:\/\/www.borowskiengineering.com\/pl\/wp-json\/wp\/v2\/media?parent=4867"}],"wp:term":[{"taxonomy":"product_brand","embeddable":true,"href":"https:\/\/www.borowskiengineering.com\/pl\/wp-json\/wp\/v2\/product_brand?post=4867"},{"taxonomy":"product_cat","embeddable":true,"href":"https:\/\/www.borowskiengineering.com\/pl\/wp-json\/wp\/v2\/product_cat?post=4867"},{"taxonomy":"product_tag","embeddable":true,"href":"https:\/\/www.borowskiengineering.com\/pl\/wp-json\/wp\/v2\/product_tag?post=4867"}],"curies":[{"name":"wp","href":"https:\/\/api.w.org\/{rel}","templated":true}]}}