
{"id":4970,"date":"2025-06-10T10:24:54","date_gmt":"2025-06-10T08:24:54","guid":{"rendered":"https:\/\/www.borowskiengineering.com\/product\/bmw-m57-narrow-block-to-iveco-daily-2-3d-adapter-plate\/"},"modified":"2026-03-18T17:23:08","modified_gmt":"2026-03-18T15:23:08","slug":"bmw-m57-waski-dzwon-iveco-daily-2-3d-od-2014-adapter-kryza-cnc","status":"publish","type":"product","link":"https:\/\/www.borowskiengineering.com\/pl\/produkt\/bmw-m57-waski-dzwon-iveco-daily-2-3d-od-2014-adapter-kryza-cnc\/","title":{"rendered":"BMW M57 W\u0105ski Dzwon &#8211; IVECO Daily 2.3D od 2014 Adapter\/Kryza CNC"},"content":{"rendered":"<div>Kryza\/adapter do konwersji silnika BMW M57 w\u0105ski dzwon (pre-lift) z manualn\u0105 skrzyni\u0105 bieg\u00f3w IVECO Daily 2.3D III gen. od 2014r.<\/div>\n<div><\/div>\n<div>Wykonana ze stali o podwy\u017cszonej wytrzyma\u0142o\u015bci S355.<\/div>\n<div>Grubo\u015b\u0107: 12mm.<\/div>\n<div><\/div>\n<div>Zaprojektowana w oprogramowaniu CAD\/CAM i wykonana w technologii CNC, zapewniaj\u0105ca wysokiej jako\u015bci wyko\u0144czenie i idealne dopasowanie, gwarantuj\u0105ce precyzyjne wsp\u00f3\u0142osiowanie wa\u0142u korbowego silnika z wa\u0142em wej\u015bciowym skrzyni bieg\u00f3w.<\/div>\n<div><\/div>\n<div>Oferujemy r\u00f3wnie\u017c dedykowane ko\u0142o zamachowe do tego zestawu.<\/div>\n<div><\/div>\n<div><strong>Ostatnie zdj\u0119cie podpowie Ci czy Tw\u00f3j BMW M57 to w\u0105ski (pre-lift) czy szeroki (lift) dzwon. Zmierz dystans pomi\u0119dzy pinami.<\/strong><\/div>\n","protected":false},"excerpt":{"rendered":"<p>Kryza\/adapter do konwersji silnika BMW M57 w\u0105ski dzwon (pre-lift) z manualn\u0105 skrzyni\u0105 bieg\u00f3w IVECO Daily 2.3D III gen. od 2014r. Wykonana ze stali o podwy\u017cszonej wytrzyma\u0142o\u015bci S355. Grubo\u015b\u0107: 12mm. Zaprojektowana w oprogramowaniu CAD\/CAM i wykonana w technologii CNC, zapewniaj\u0105ca wysokiej jako\u015bci wyko\u0144czenie i idealne dopasowanie, gwarantuj\u0105ce precyzyjne wsp\u00f3\u0142osiowanie wa\u0142u korbowego silnika z wa\u0142em wej\u015bciowym skrzyni [&hellip;]<\/p>\n","protected":false},"featured_media":4971,"comment_status":"closed","ping_status":"closed","template":"","meta":{"_monsterinsights_skip_tracking":false,"_monsterinsights_sitenote_active":false,"_monsterinsights_sitenote_note":"","_monsterinsights_sitenote_category":0,"ocean_post_layout":"","ocean_both_sidebars_style":"","ocean_both_sidebars_content_width":0,"ocean_both_sidebars_sidebars_width":0,"ocean_sidebar":"0","ocean_second_sidebar":"0","ocean_disable_margins":"enable","ocean_add_body_class":"","ocean_shortcode_before_top_bar":"","ocean_shortcode_after_top_bar":"","ocean_shortcode_before_header":"","ocean_shortcode_after_header":"","ocean_has_shortcode":"","ocean_shortcode_after_title":"","ocean_shortcode_before_footer_widgets":"","ocean_shortcode_after_footer_widgets":"","ocean_shortcode_before_footer_bottom":"","ocean_shortcode_after_footer_bottom":"","ocean_display_top_bar":"default","ocean_display_header":"default","ocean_header_style":"","ocean_center_header_left_menu":"0","ocean_custom_header_template":"0","ocean_custom_logo":0,"ocean_custom_retina_logo":0,"ocean_custom_logo_max_width":0,"ocean_custom_logo_tablet_max_width":0,"ocean_custom_logo_mobile_max_width":0,"ocean_custom_logo_max_height":0,"ocean_custom_logo_tablet_max_height":0,"ocean_custom_logo_mobile_max_height":0,"ocean_header_custom_menu":"0","ocean_menu_typo_font_family":"0","ocean_menu_typo_font_subset":"","ocean_menu_typo_font_size":0,"ocean_menu_typo_font_size_tablet":0,"ocean_menu_typo_font_size_mobile":0,"ocean_menu_typo_font_size_unit":"px","ocean_menu_typo_font_weight":"","ocean_menu_typo_font_weight_tablet":"","ocean_menu_typo_font_weight_mobile":"","ocean_menu_typo_transform":"","ocean_menu_typo_transform_tablet":"","ocean_menu_typo_transform_mobile":"","ocean_menu_typo_line_height":0,"ocean_menu_typo_line_height_tablet":0,"ocean_menu_typo_line_height_mobile":0,"ocean_menu_typo_line_height_unit":"","ocean_menu_typo_spacing":0,"ocean_menu_typo_spacing_tablet":0,"ocean_menu_typo_spacing_mobile":0,"ocean_menu_typo_spacing_unit":"","ocean_menu_link_color":"","ocean_menu_link_color_hover":"","ocean_menu_link_color_active":"","ocean_menu_link_background":"","ocean_menu_link_hover_background":"","ocean_menu_link_active_background":"","ocean_menu_social_links_bg":"","ocean_menu_social_hover_links_bg":"","ocean_menu_social_links_color":"","ocean_menu_social_hover_links_color":"","ocean_disable_title":"default","ocean_disable_heading":"default","ocean_post_title":"","ocean_post_subheading":"","ocean_post_title_style":"","ocean_post_title_background_color":"","ocean_post_title_background":0,"ocean_post_title_bg_image_position":"","ocean_post_title_bg_image_attachment":"","ocean_post_title_bg_image_repeat":"","ocean_post_title_bg_image_size":"","ocean_post_title_height":0,"ocean_post_title_bg_overlay":0.5,"ocean_post_title_bg_overlay_color":"","ocean_disable_breadcrumbs":"default","ocean_breadcrumbs_color":"","ocean_breadcrumbs_separator_color":"","ocean_breadcrumbs_links_color":"","ocean_breadcrumbs_links_hover_color":"","ocean_display_footer_widgets":"default","ocean_display_footer_bottom":"default","ocean_custom_footer_template":"0"},"product_brand":[],"product_cat":[354,355,403],"product_tag":[382,359,494,411],"class_list":{"0":"post-4970","1":"product","2":"type-product","3":"status-publish","4":"has-post-thumbnail","6":"product_cat-bmw","7":"product_cat-czesci-samochodowe","8":"product_cat-iveco","9":"product_tag-adapter","10":"product_tag-bmw-m57","11":"product_tag-iveco-2-3","12":"product_tag-konwersja","14":"entry","15":"has-media","17":"first","18":"instock","19":"taxable","20":"shipping-taxable","21":"purchasable","22":"product-type-simple","23":"has-product-nav","24":"col","25":"span_1_of_3","26":"owp-content-center","27":"owp-thumbs-layout-horizontal","28":"owp-btn-normal","29":"owp-tabs-layout-horizontal"},"_links":{"self":[{"href":"https:\/\/www.borowskiengineering.com\/pl\/wp-json\/wp\/v2\/product\/4970","targetHints":{"allow":["GET"]}}],"collection":[{"href":"https:\/\/www.borowskiengineering.com\/pl\/wp-json\/wp\/v2\/product"}],"about":[{"href":"https:\/\/www.borowskiengineering.com\/pl\/wp-json\/wp\/v2\/types\/product"}],"replies":[{"embeddable":true,"href":"https:\/\/www.borowskiengineering.com\/pl\/wp-json\/wp\/v2\/comments?post=4970"}],"version-history":[{"count":4,"href":"https:\/\/www.borowskiengineering.com\/pl\/wp-json\/wp\/v2\/product\/4970\/revisions"}],"predecessor-version":[{"id":6482,"href":"https:\/\/www.borowskiengineering.com\/pl\/wp-json\/wp\/v2\/product\/4970\/revisions\/6482"}],"wp:featuredmedia":[{"embeddable":true,"href":"https:\/\/www.borowskiengineering.com\/pl\/wp-json\/wp\/v2\/media\/4971"}],"wp:attachment":[{"href":"https:\/\/www.borowskiengineering.com\/pl\/wp-json\/wp\/v2\/media?parent=4970"}],"wp:term":[{"taxonomy":"product_brand","embeddable":true,"href":"https:\/\/www.borowskiengineering.com\/pl\/wp-json\/wp\/v2\/product_brand?post=4970"},{"taxonomy":"product_cat","embeddable":true,"href":"https:\/\/www.borowskiengineering.com\/pl\/wp-json\/wp\/v2\/product_cat?post=4970"},{"taxonomy":"product_tag","embeddable":true,"href":"https:\/\/www.borowskiengineering.com\/pl\/wp-json\/wp\/v2\/product_tag?post=4970"}],"curies":[{"name":"wp","href":"https:\/\/api.w.org\/{rel}","templated":true}]}}