
{"id":5186,"date":"2024-01-20T18:02:19","date_gmt":"2024-01-20T16:02:19","guid":{"rendered":"https:\/\/www.borowskiengineering.com\/product\/bmw-m57-narrow-block-to-nissan-patrol-2-8td-adapter-plate-cnc\/"},"modified":"2024-01-20T18:02:19","modified_gmt":"2024-01-20T16:02:19","slug":"bmw-m57-narrow-block-to-nissan-patrol-2-8td-adapter-plate-cnc","status":"publish","type":"product","link":"https:\/\/www.borowskiengineering.com\/pl\/produkt\/bmw-m57-narrow-block-to-nissan-patrol-2-8td-adapter-plate-cnc\/","title":{"rendered":"P\u0142yta adaptacyjna CNC BILLET do silnika BMW M57 narrow Block do Nissana Patrol 2.8TD"},"content":{"rendered":"<p><span style=\"font-size: large;\">P\u0142yta adaptacyjna do silnika BMW M57 narrow block (przed liftingiem) do skrzyni manualnej Nissana Patrol 2.8TD. <\/span><\/p>\n<p><span style=\"font-size: large;\">Wykonana ze stali o grubo\u015bci 12 mm. <\/span><\/p>\n<p><span style=\"font-size: large;\">Nie masz pewno\u015bci, czy Tw\u00f3j silnik to model 'pre-lift&#8217; czy 'lift&#8217;? Bez obaw, sprawd\u017a na ostatnim zdj\u0119ciu i zmierz odleg\u0142o\u015b\u0107 mi\u0119dzy tymi dwoma ko\u0142kami ustalaj\u0105cymi, a otrzymasz odpowied\u017a.  <\/span><\/p>\n<div>\n<div>Zaprojektowano przy u\u017cyciu oprogramowania CAD\/CAM i wykonano na maszynach CNC z wysokiej jako\u015bci wyko\u0144czeniem i dopasowaniem.<\/div>\n<div>Oferujemy r\u00f3wnie\u017c <b>mocowania silnika<\/b>, je\u015bli s\u0105 potrzebne.<\/div>\n<div>Wyprodukowano w UE.<\/div>\n<div>\n<div>\n<div>Wysy\u0142ka na ca\u0142y \u015bwiat.<\/div>\n<div><\/div>\n<div>*Na \u017cyczenie mo\u017cemy zaprojektowa\u0107 i wykona\u0107 dowoln\u0105 p\u0142yt\u0119 adaptacyjn\u0105. Skontaktuj si\u0119 z nami, aby uzyska\u0107 wi\u0119cej szczeg\u00f3\u0142\u00f3w. <\/div>\n<\/div>\n<\/div>\n<\/div>\n","protected":false},"excerpt":{"rendered":"<p>P\u0142yta adaptacyjna do silnika BMW M57 narrow block do Nissana Patrol 2.8TD<\/p>\n","protected":false},"featured_media":5187,"comment_status":"closed","ping_status":"closed","template":"","meta":{"_monsterinsights_skip_tracking":false,"_monsterinsights_sitenote_active":false,"_monsterinsights_sitenote_note":"","_monsterinsights_sitenote_category":0,"ocean_post_layout":"","ocean_both_sidebars_style":"","ocean_both_sidebars_content_width":0,"ocean_both_sidebars_sidebars_width":0,"ocean_sidebar":"0","ocean_second_sidebar":"0","ocean_disable_margins":"enable","ocean_add_body_class":"","ocean_shortcode_before_top_bar":"","ocean_shortcode_after_top_bar":"","ocean_shortcode_before_header":"","ocean_shortcode_after_header":"","ocean_has_shortcode":"","ocean_shortcode_after_title":"","ocean_shortcode_before_footer_widgets":"","ocean_shortcode_after_footer_widgets":"","ocean_shortcode_before_footer_bottom":"","ocean_shortcode_after_footer_bottom":"","ocean_display_top_bar":"default","ocean_display_header":"default","ocean_header_style":"","ocean_center_header_left_menu":"0","ocean_custom_header_template":"0","ocean_custom_logo":0,"ocean_custom_retina_logo":0,"ocean_custom_logo_max_width":0,"ocean_custom_logo_tablet_max_width":0,"ocean_custom_logo_mobile_max_width":0,"ocean_custom_logo_max_height":0,"ocean_custom_logo_tablet_max_height":0,"ocean_custom_logo_mobile_max_height":0,"ocean_header_custom_menu":"0","ocean_menu_typo_font_family":"0","ocean_menu_typo_font_subset":"","ocean_menu_typo_font_size":0,"ocean_menu_typo_font_size_tablet":0,"ocean_menu_typo_font_size_mobile":0,"ocean_menu_typo_font_size_unit":"px","ocean_menu_typo_font_weight":"","ocean_menu_typo_font_weight_tablet":"","ocean_menu_typo_font_weight_mobile":"","ocean_menu_typo_transform":"","ocean_menu_typo_transform_tablet":"","ocean_menu_typo_transform_mobile":"","ocean_menu_typo_line_height":0,"ocean_menu_typo_line_height_tablet":0,"ocean_menu_typo_line_height_mobile":0,"ocean_menu_typo_line_height_unit":"","ocean_menu_typo_spacing":0,"ocean_menu_typo_spacing_tablet":0,"ocean_menu_typo_spacing_mobile":0,"ocean_menu_typo_spacing_unit":"","ocean_menu_link_color":"","ocean_menu_link_color_hover":"","ocean_menu_link_color_active":"","ocean_menu_link_background":"","ocean_menu_link_hover_background":"","ocean_menu_link_active_background":"","ocean_menu_social_links_bg":"","ocean_menu_social_hover_links_bg":"","ocean_menu_social_links_color":"","ocean_menu_social_hover_links_color":"","ocean_disable_title":"default","ocean_disable_heading":"default","ocean_post_title":"","ocean_post_subheading":"","ocean_post_title_style":"","ocean_post_title_background_color":"","ocean_post_title_background":0,"ocean_post_title_bg_image_position":"","ocean_post_title_bg_image_attachment":"","ocean_post_title_bg_image_repeat":"","ocean_post_title_bg_image_size":"","ocean_post_title_height":0,"ocean_post_title_bg_overlay":0.5,"ocean_post_title_bg_overlay_color":"","ocean_disable_breadcrumbs":"default","ocean_breadcrumbs_color":"","ocean_breadcrumbs_separator_color":"","ocean_breadcrumbs_links_color":"","ocean_breadcrumbs_links_hover_color":"","ocean_display_footer_widgets":"default","ocean_display_footer_bottom":"default","ocean_custom_footer_template":"0"},"product_brand":[],"product_cat":[354,355,370],"product_tag":[359,544,360,543],"class_list":{"0":"post-5186","1":"product","2":"type-product","3":"status-publish","4":"has-post-thumbnail","6":"product_cat-bmw","7":"product_cat-czesci-samochodowe","8":"product_cat-nissan","9":"product_tag-bmw-m57","10":"product_tag-nissan-patrol-2-8td","11":"product_tag-plyta-adaptacyjna","12":"product_tag-przed-liftingiem","14":"entry","15":"has-media","17":"first","18":"instock","19":"taxable","20":"shipping-taxable","21":"purchasable","22":"product-type-simple","23":"has-product-nav","24":"col","25":"span_1_of_3","26":"owp-content-center","27":"owp-thumbs-layout-horizontal","28":"owp-btn-normal","29":"owp-tabs-layout-horizontal"},"_links":{"self":[{"href":"https:\/\/www.borowskiengineering.com\/pl\/wp-json\/wp\/v2\/product\/5186","targetHints":{"allow":["GET"]}}],"collection":[{"href":"https:\/\/www.borowskiengineering.com\/pl\/wp-json\/wp\/v2\/product"}],"about":[{"href":"https:\/\/www.borowskiengineering.com\/pl\/wp-json\/wp\/v2\/types\/product"}],"replies":[{"embeddable":true,"href":"https:\/\/www.borowskiengineering.com\/pl\/wp-json\/wp\/v2\/comments?post=5186"}],"version-history":[{"count":0,"href":"https:\/\/www.borowskiengineering.com\/pl\/wp-json\/wp\/v2\/product\/5186\/revisions"}],"wp:featuredmedia":[{"embeddable":true,"href":"https:\/\/www.borowskiengineering.com\/pl\/wp-json\/wp\/v2\/media\/5187"}],"wp:attachment":[{"href":"https:\/\/www.borowskiengineering.com\/pl\/wp-json\/wp\/v2\/media?parent=5186"}],"wp:term":[{"taxonomy":"product_brand","embeddable":true,"href":"https:\/\/www.borowskiengineering.com\/pl\/wp-json\/wp\/v2\/product_brand?post=5186"},{"taxonomy":"product_cat","embeddable":true,"href":"https:\/\/www.borowskiengineering.com\/pl\/wp-json\/wp\/v2\/product_cat?post=5186"},{"taxonomy":"product_tag","embeddable":true,"href":"https:\/\/www.borowskiengineering.com\/pl\/wp-json\/wp\/v2\/product_tag?post=5186"}],"curies":[{"name":"wp","href":"https:\/\/api.w.org\/{rel}","templated":true}]}}