
{"id":5218,"date":"2024-01-21T13:04:42","date_gmt":"2024-01-21T11:04:42","guid":{"rendered":"https:\/\/www.borowskiengineering.com\/product\/bmw-m57-wide-block-to-land-rover-discovery-4-auto-adapter-plate\/"},"modified":"2025-11-19T16:23:32","modified_gmt":"2025-11-19T14:23:32","slug":"bmw-m57-szeroki-dzwon-land-rover-discovery-4-auto-adapter-cnc","status":"publish","type":"product","link":"https:\/\/www.borowskiengineering.com\/pl\/produkt\/bmw-m57-szeroki-dzwon-land-rover-discovery-4-auto-adapter-cnc\/","title":{"rendered":"BMW M57 szeroki dzwon &#8211; LAND ROVER DISCOVERY 4 6HP % 8HP Adapter CNC"},"content":{"rendered":"<p>Adapter konwersji silnika BMW M57 szeroki dzwon (lift) z automatyczn\u0105 skrzyni\u0105 bieg\u00f3w Land Rover Discovery 4.<\/p>\n<p>Kompatybilny z <strong>6HP-28<\/strong>\u00a0i <strong>8HP-70.<\/strong><\/p>\n<div>\n<div>Zaprojektowany w technologii CAD\/CAM i wykonana na maszynach CNC z wysokiej jako\u015bci wyko\u0144czeniem i dopasowaniem.<\/div>\n<div>Do produkcji u\u017cyli\u015bmy wysoko gatunkowej stali S355, kt\u00f3ra jest odporna na wysokie temperatury i wytrzyma\u0142a na wibracje silnika.<\/div>\n<div>Wyprodukowano w Polsce.<\/div>\n<div><\/div>\n<div>Nie masz pewno\u015bci, czy Tw\u00f3j silnik to model 'pre-lift&#8217; czy 'lift&#8217;? Bez obaw &#8211; sprawd\u017a ostatnie zdj\u0119cie i zmierz odleg\u0142o\u015b\u0107 mi\u0119dzy pinami ustalaj\u0105cymi.<\/div>\n<div><\/div>\n<div>*Na \u017cyczenie mo\u017cemy zaprojektowa\u0107 i wykona\u0107 dowoln\u0105 p\u0142yt\u0119 adaptacyjn\u0105. Skontaktuj si\u0119 z nami, aby uzyska\u0107 wi\u0119cej szczeg\u00f3\u0142\u00f3w.<\/div>\n<\/div>\n","protected":false},"excerpt":{"rendered":"<p>Adapter konwersji silnika BMW M57 szeroki dzwon (lift) z automatyczn\u0105 skrzyni\u0105 bieg\u00f3w Land Rover Discovery 4. Kompatybilny z 6HP-28\u00a0i 8HP-70. Zaprojektowany w technologii CAD\/CAM i wykonana na maszynach CNC z wysokiej jako\u015bci wyko\u0144czeniem i dopasowaniem. Do produkcji u\u017cyli\u015bmy wysoko gatunkowej stali S355, kt\u00f3ra jest odporna na wysokie temperatury i wytrzyma\u0142a na wibracje silnika. Wyprodukowano w [&hellip;]<\/p>\n","protected":false},"featured_media":5840,"comment_status":"closed","ping_status":"closed","template":"","meta":{"_monsterinsights_skip_tracking":false,"_monsterinsights_sitenote_active":false,"_monsterinsights_sitenote_note":"","_monsterinsights_sitenote_category":0,"ocean_post_layout":"","ocean_both_sidebars_style":"","ocean_both_sidebars_content_width":0,"ocean_both_sidebars_sidebars_width":0,"ocean_sidebar":"0","ocean_second_sidebar":"0","ocean_disable_margins":"enable","ocean_add_body_class":"","ocean_shortcode_before_top_bar":"","ocean_shortcode_after_top_bar":"","ocean_shortcode_before_header":"","ocean_shortcode_after_header":"","ocean_has_shortcode":"","ocean_shortcode_after_title":"","ocean_shortcode_before_footer_widgets":"","ocean_shortcode_after_footer_widgets":"","ocean_shortcode_before_footer_bottom":"","ocean_shortcode_after_footer_bottom":"","ocean_display_top_bar":"default","ocean_display_header":"default","ocean_header_style":"","ocean_center_header_left_menu":"0","ocean_custom_header_template":"0","ocean_custom_logo":0,"ocean_custom_retina_logo":0,"ocean_custom_logo_max_width":0,"ocean_custom_logo_tablet_max_width":0,"ocean_custom_logo_mobile_max_width":0,"ocean_custom_logo_max_height":0,"ocean_custom_logo_tablet_max_height":0,"ocean_custom_logo_mobile_max_height":0,"ocean_header_custom_menu":"0","ocean_menu_typo_font_family":"0","ocean_menu_typo_font_subset":"","ocean_menu_typo_font_size":0,"ocean_menu_typo_font_size_tablet":0,"ocean_menu_typo_font_size_mobile":0,"ocean_menu_typo_font_size_unit":"px","ocean_menu_typo_font_weight":"","ocean_menu_typo_font_weight_tablet":"","ocean_menu_typo_font_weight_mobile":"","ocean_menu_typo_transform":"","ocean_menu_typo_transform_tablet":"","ocean_menu_typo_transform_mobile":"","ocean_menu_typo_line_height":0,"ocean_menu_typo_line_height_tablet":0,"ocean_menu_typo_line_height_mobile":0,"ocean_menu_typo_line_height_unit":"","ocean_menu_typo_spacing":0,"ocean_menu_typo_spacing_tablet":0,"ocean_menu_typo_spacing_mobile":0,"ocean_menu_typo_spacing_unit":"","ocean_menu_link_color":"","ocean_menu_link_color_hover":"","ocean_menu_link_color_active":"","ocean_menu_link_background":"","ocean_menu_link_hover_background":"","ocean_menu_link_active_background":"","ocean_menu_social_links_bg":"","ocean_menu_social_hover_links_bg":"","ocean_menu_social_links_color":"","ocean_menu_social_hover_links_color":"","ocean_disable_title":"default","ocean_disable_heading":"default","ocean_post_title":"","ocean_post_subheading":"","ocean_post_title_style":"","ocean_post_title_background_color":"","ocean_post_title_background":0,"ocean_post_title_bg_image_position":"","ocean_post_title_bg_image_attachment":"","ocean_post_title_bg_image_repeat":"","ocean_post_title_bg_image_size":"","ocean_post_title_height":0,"ocean_post_title_bg_overlay":0.5,"ocean_post_title_bg_overlay_color":"","ocean_disable_breadcrumbs":"default","ocean_breadcrumbs_color":"","ocean_breadcrumbs_separator_color":"","ocean_breadcrumbs_links_color":"","ocean_breadcrumbs_links_hover_color":"","ocean_display_footer_widgets":"default","ocean_display_footer_bottom":"default","ocean_custom_footer_template":"0"},"product_brand":[],"product_cat":[354,355,454],"product_tag":[551,550,457],"class_list":{"0":"post-5218","1":"product","2":"type-product","3":"status-publish","4":"has-post-thumbnail","6":"product_cat-bmw","7":"product_cat-czesci-samochodowe","8":"product_cat-land-rover","9":"product_tag-discovery-4","10":"product_tag-land-rover","11":"product_tag-silnik-bmw-m57","13":"entry","14":"has-media","16":"first","17":"instock","18":"taxable","19":"shipping-taxable","20":"purchasable","21":"product-type-simple","22":"has-product-nav","23":"col","24":"span_1_of_3","25":"owp-content-center","26":"owp-thumbs-layout-horizontal","27":"owp-btn-normal","28":"owp-tabs-layout-horizontal"},"_links":{"self":[{"href":"https:\/\/www.borowskiengineering.com\/pl\/wp-json\/wp\/v2\/product\/5218","targetHints":{"allow":["GET"]}}],"collection":[{"href":"https:\/\/www.borowskiengineering.com\/pl\/wp-json\/wp\/v2\/product"}],"about":[{"href":"https:\/\/www.borowskiengineering.com\/pl\/wp-json\/wp\/v2\/types\/product"}],"replies":[{"embeddable":true,"href":"https:\/\/www.borowskiengineering.com\/pl\/wp-json\/wp\/v2\/comments?post=5218"}],"version-history":[{"count":3,"href":"https:\/\/www.borowskiengineering.com\/pl\/wp-json\/wp\/v2\/product\/5218\/revisions"}],"predecessor-version":[{"id":6093,"href":"https:\/\/www.borowskiengineering.com\/pl\/wp-json\/wp\/v2\/product\/5218\/revisions\/6093"}],"wp:featuredmedia":[{"embeddable":true,"href":"https:\/\/www.borowskiengineering.com\/pl\/wp-json\/wp\/v2\/media\/5840"}],"wp:attachment":[{"href":"https:\/\/www.borowskiengineering.com\/pl\/wp-json\/wp\/v2\/media?parent=5218"}],"wp:term":[{"taxonomy":"product_brand","embeddable":true,"href":"https:\/\/www.borowskiengineering.com\/pl\/wp-json\/wp\/v2\/product_brand?post=5218"},{"taxonomy":"product_cat","embeddable":true,"href":"https:\/\/www.borowskiengineering.com\/pl\/wp-json\/wp\/v2\/product_cat?post=5218"},{"taxonomy":"product_tag","embeddable":true,"href":"https:\/\/www.borowskiengineering.com\/pl\/wp-json\/wp\/v2\/product_tag?post=5218"}],"curies":[{"name":"wp","href":"https:\/\/api.w.org\/{rel}","templated":true}]}}