
{"id":5264,"date":"2024-01-19T16:24:47","date_gmt":"2024-01-19T14:24:47","guid":{"rendered":"https:\/\/www.borowskiengineering.com\/product\/bmw-m57-wide-block-to-nissan-navara-d40-2005-2010-adapter-plate-cnc-billet\/"},"modified":"2024-01-19T16:24:47","modified_gmt":"2024-01-19T14:24:47","slug":"bmw-m57-wide-block-to-nissan-navara-d40-2005-2010-adapter-plate-cnc-billet","status":"publish","type":"product","link":"https:\/\/www.borowskiengineering.com\/pl\/produkt\/bmw-m57-wide-block-to-nissan-navara-d40-2005-2010-adapter-plate-cnc-billet\/","title":{"rendered":"P\u0142yta adaptacyjna CNC do konwersji BMW M57 wide Block do Nissan Navara D40 2005-2010\/Pathfinder R51"},"content":{"rendered":"<p><span style=\"font-size: large;\">P\u0142yta adaptacyjna do konwersji obudowy BMW M57 wide (model lift) do skrzyni manualnej Nissan Navara D40 pre-lift (2005-2010) 172KM i 403Nm \/ Pathfinder R51 2.5DCI<\/span><\/p>\n<div>\n<div><span style=\"font-family: Arial;\">Materia\u0142 &#8211; stal.<\/span><\/div>\n<div><span style=\"font-family: Arial;\">Grubo\u015b\u0107 &#8211; 12mm.<\/span><\/div>\n<div><\/div>\n<div>\n<div><span style=\"font-family: Arial; font-size: large;\">Do wykonania konwersji potrzebujesz:<\/span><\/div>\n<div><span style=\"font-family: Arial; font-size: large;\">* Ko\u0142o zamachowe BMW M57<\/span><\/div>\n<div><span style=\"font-family: Arial; font-size: large;\">* Docisk sprz\u0119g\u0142a BMW M57<\/span><\/div>\n<div><span style=\"font-family: Arial; font-size: large;\">* Tarcza sprz\u0119g\u0142a Navara<\/span><\/div>\n<div><\/div>\n<div>\n<div>Zaprojektowano przy u\u017cyciu oprogramowania CAD\/CAM i wykonano na maszynach CNC z wysokiej jako\u015bci wyko\u0144czeniem i dopasowaniem.<\/div>\n<div>Wyprodukowano w UE.<\/div>\n<div>Wysy\u0142ka na ca\u0142y \u015bwiat.<\/div>\n<div><\/div>\n<div><b><span style=\"font-family: Arial;\">Nie masz pewno\u015bci, czy Tw\u00f3j silnik to model 'pre-lift&#8217; czy 'lift&#8217;? Bez obaw, sprawd\u017a na ostatnim zdj\u0119ciu i zmierz odleg\u0142o\u015b\u0107 mi\u0119dzy tymi dwoma ko\u0142kami ustalaj\u0105cymi, a otrzymasz odpowied\u017a.  <\/span><br \/>\n<\/b><\/div>\n<\/div>\n<\/div>\n<\/div>\n","protected":false},"excerpt":{"rendered":"<p>P\u0142yta adaptacyjna BMW M57 wide Block do Nissan Navara D40 2005-2010<\/p>\n","protected":false},"featured_media":5269,"comment_status":"closed","ping_status":"closed","template":"","meta":{"_monsterinsights_skip_tracking":false,"_monsterinsights_sitenote_active":false,"_monsterinsights_sitenote_note":"","_monsterinsights_sitenote_category":0,"ocean_post_layout":"","ocean_both_sidebars_style":"","ocean_both_sidebars_content_width":0,"ocean_both_sidebars_sidebars_width":0,"ocean_sidebar":"0","ocean_second_sidebar":"0","ocean_disable_margins":"enable","ocean_add_body_class":"","ocean_shortcode_before_top_bar":"","ocean_shortcode_after_top_bar":"","ocean_shortcode_before_header":"","ocean_shortcode_after_header":"","ocean_has_shortcode":"","ocean_shortcode_after_title":"","ocean_shortcode_before_footer_widgets":"","ocean_shortcode_after_footer_widgets":"","ocean_shortcode_before_footer_bottom":"","ocean_shortcode_after_footer_bottom":"","ocean_display_top_bar":"default","ocean_display_header":"default","ocean_header_style":"","ocean_center_header_left_menu":"0","ocean_custom_header_template":"0","ocean_custom_logo":0,"ocean_custom_retina_logo":0,"ocean_custom_logo_max_width":0,"ocean_custom_logo_tablet_max_width":0,"ocean_custom_logo_mobile_max_width":0,"ocean_custom_logo_max_height":0,"ocean_custom_logo_tablet_max_height":0,"ocean_custom_logo_mobile_max_height":0,"ocean_header_custom_menu":"0","ocean_menu_typo_font_family":"0","ocean_menu_typo_font_subset":"","ocean_menu_typo_font_size":0,"ocean_menu_typo_font_size_tablet":0,"ocean_menu_typo_font_size_mobile":0,"ocean_menu_typo_font_size_unit":"px","ocean_menu_typo_font_weight":"","ocean_menu_typo_font_weight_tablet":"","ocean_menu_typo_font_weight_mobile":"","ocean_menu_typo_transform":"","ocean_menu_typo_transform_tablet":"","ocean_menu_typo_transform_mobile":"","ocean_menu_typo_line_height":0,"ocean_menu_typo_line_height_tablet":0,"ocean_menu_typo_line_height_mobile":0,"ocean_menu_typo_line_height_unit":"","ocean_menu_typo_spacing":0,"ocean_menu_typo_spacing_tablet":0,"ocean_menu_typo_spacing_mobile":0,"ocean_menu_typo_spacing_unit":"","ocean_menu_link_color":"","ocean_menu_link_color_hover":"","ocean_menu_link_color_active":"","ocean_menu_link_background":"","ocean_menu_link_hover_background":"","ocean_menu_link_active_background":"","ocean_menu_social_links_bg":"","ocean_menu_social_hover_links_bg":"","ocean_menu_social_links_color":"","ocean_menu_social_hover_links_color":"","ocean_disable_title":"default","ocean_disable_heading":"default","ocean_post_title":"","ocean_post_subheading":"","ocean_post_title_style":"","ocean_post_title_background_color":"","ocean_post_title_background":0,"ocean_post_title_bg_image_position":"","ocean_post_title_bg_image_attachment":"","ocean_post_title_bg_image_repeat":"","ocean_post_title_bg_image_size":"","ocean_post_title_height":0,"ocean_post_title_bg_overlay":0.5,"ocean_post_title_bg_overlay_color":"","ocean_disable_breadcrumbs":"default","ocean_breadcrumbs_color":"","ocean_breadcrumbs_separator_color":"","ocean_breadcrumbs_links_color":"","ocean_breadcrumbs_links_hover_color":"","ocean_display_footer_widgets":"default","ocean_display_footer_bottom":"default","ocean_custom_footer_template":"0"},"product_brand":[],"product_cat":[354,355,370],"product_tag":[395,360,457],"class_list":{"0":"post-5264","1":"product","2":"type-product","3":"status-publish","4":"has-post-thumbnail","6":"product_cat-bmw","7":"product_cat-czesci-samochodowe","8":"product_cat-nissan","9":"product_tag-nissan-navara-d40","10":"product_tag-plyta-adaptacyjna","11":"product_tag-silnik-bmw-m57","13":"entry","14":"has-media","16":"first","17":"instock","18":"taxable","19":"shipping-taxable","20":"purchasable","21":"product-type-simple","22":"has-product-nav","23":"col","24":"span_1_of_3","25":"owp-content-center","26":"owp-thumbs-layout-horizontal","27":"owp-btn-normal","28":"owp-tabs-layout-horizontal"},"_links":{"self":[{"href":"https:\/\/www.borowskiengineering.com\/pl\/wp-json\/wp\/v2\/product\/5264","targetHints":{"allow":["GET"]}}],"collection":[{"href":"https:\/\/www.borowskiengineering.com\/pl\/wp-json\/wp\/v2\/product"}],"about":[{"href":"https:\/\/www.borowskiengineering.com\/pl\/wp-json\/wp\/v2\/types\/product"}],"replies":[{"embeddable":true,"href":"https:\/\/www.borowskiengineering.com\/pl\/wp-json\/wp\/v2\/comments?post=5264"}],"version-history":[{"count":0,"href":"https:\/\/www.borowskiengineering.com\/pl\/wp-json\/wp\/v2\/product\/5264\/revisions"}],"wp:featuredmedia":[{"embeddable":true,"href":"https:\/\/www.borowskiengineering.com\/pl\/wp-json\/wp\/v2\/media\/5269"}],"wp:attachment":[{"href":"https:\/\/www.borowskiengineering.com\/pl\/wp-json\/wp\/v2\/media?parent=5264"}],"wp:term":[{"taxonomy":"product_brand","embeddable":true,"href":"https:\/\/www.borowskiengineering.com\/pl\/wp-json\/wp\/v2\/product_brand?post=5264"},{"taxonomy":"product_cat","embeddable":true,"href":"https:\/\/www.borowskiengineering.com\/pl\/wp-json\/wp\/v2\/product_cat?post=5264"},{"taxonomy":"product_tag","embeddable":true,"href":"https:\/\/www.borowskiengineering.com\/pl\/wp-json\/wp\/v2\/product_tag?post=5264"}],"curies":[{"name":"wp","href":"https:\/\/api.w.org\/{rel}","templated":true}]}}