
{"id":5423,"date":"2022-07-28T20:53:22","date_gmt":"2022-07-28T18:53:22","guid":{"rendered":"https:\/\/www.borowskiengineering.com\/product\/mercedes-om606-engine-to-zd30-gearbox-adapter-plate\/"},"modified":"2022-07-28T20:53:22","modified_gmt":"2022-07-28T18:53:22","slug":"mercedes-om606-engine-to-zd30-gearbox-adapter-plate","status":"publish","type":"product","link":"https:\/\/www.borowskiengineering.com\/pl\/produkt\/mercedes-om606-engine-to-zd30-gearbox-adapter-plate\/","title":{"rendered":"P\u0142yta adaptacyjna CNC do skrzyni bieg\u00f3w Nissan Patrol ZD30 dla silnika OM606\/OM605"},"content":{"rendered":"<p><span style=\"font-size: large;\">P\u0142yta adaptacyjna do konwersji silnika Mercedes Benz OM606 \/ OM605 z manualn\u0105 skrzyni\u0105 bieg\u00f3w Nissan Patrol ZD30. <\/span><\/p>\n<div>\n<div><span>Wykonana ze stali o grubo\u015bci 12 mm. <\/span><\/p>\n<div>Zaprojektowano w oprogramowaniu CAD\/CAM i wykonano na maszynach CNC z wysokiej jako\u015bci wyko\u0144czeniem i dopasowaniem.<\/div>\n<div>Wyprodukowano w UE.<\/div>\n<\/div>\n<\/div>\n<p>Mo\u017cemy zaprojektowa\u0107 i wykona\u0107 dowoln\u0105 p\u0142yt\u0119 adaptacyjn\u0105 na zam\u00f3wienie.<br \/>\nW razie jakichkolwiek pyta\u0144 dotycz\u0105cych tego produktu, prosimy o kontakt.<\/p>\n","protected":false},"excerpt":{"rendered":"<p>P\u0142yta adaptacyjna do po\u0142\u0105czenia silnika Mercedes OM606\/OM605 ze skrzyni\u0105 bieg\u00f3w Nissan Patrol ZD30<\/p>\n","protected":false},"featured_media":5438,"comment_status":"closed","ping_status":"closed","template":"","meta":{"_monsterinsights_skip_tracking":false,"_monsterinsights_sitenote_active":false,"_monsterinsights_sitenote_note":"","_monsterinsights_sitenote_category":0,"ocean_post_layout":"","ocean_both_sidebars_style":"","ocean_both_sidebars_content_width":0,"ocean_both_sidebars_sidebars_width":0,"ocean_sidebar":"0","ocean_second_sidebar":"0","ocean_disable_margins":"enable","ocean_add_body_class":"","ocean_shortcode_before_top_bar":"","ocean_shortcode_after_top_bar":"","ocean_shortcode_before_header":"","ocean_shortcode_after_header":"","ocean_has_shortcode":"","ocean_shortcode_after_title":"","ocean_shortcode_before_footer_widgets":"","ocean_shortcode_after_footer_widgets":"","ocean_shortcode_before_footer_bottom":"","ocean_shortcode_after_footer_bottom":"","ocean_display_top_bar":"default","ocean_display_header":"default","ocean_header_style":"","ocean_center_header_left_menu":"0","ocean_custom_header_template":"0","ocean_custom_logo":0,"ocean_custom_retina_logo":0,"ocean_custom_logo_max_width":0,"ocean_custom_logo_tablet_max_width":0,"ocean_custom_logo_mobile_max_width":0,"ocean_custom_logo_max_height":0,"ocean_custom_logo_tablet_max_height":0,"ocean_custom_logo_mobile_max_height":0,"ocean_header_custom_menu":"0","ocean_menu_typo_font_family":"0","ocean_menu_typo_font_subset":"","ocean_menu_typo_font_size":0,"ocean_menu_typo_font_size_tablet":0,"ocean_menu_typo_font_size_mobile":0,"ocean_menu_typo_font_size_unit":"px","ocean_menu_typo_font_weight":"","ocean_menu_typo_font_weight_tablet":"","ocean_menu_typo_font_weight_mobile":"","ocean_menu_typo_transform":"","ocean_menu_typo_transform_tablet":"","ocean_menu_typo_transform_mobile":"","ocean_menu_typo_line_height":0,"ocean_menu_typo_line_height_tablet":0,"ocean_menu_typo_line_height_mobile":0,"ocean_menu_typo_line_height_unit":"","ocean_menu_typo_spacing":0,"ocean_menu_typo_spacing_tablet":0,"ocean_menu_typo_spacing_mobile":0,"ocean_menu_typo_spacing_unit":"","ocean_menu_link_color":"","ocean_menu_link_color_hover":"","ocean_menu_link_color_active":"","ocean_menu_link_background":"","ocean_menu_link_hover_background":"","ocean_menu_link_active_background":"","ocean_menu_social_links_bg":"","ocean_menu_social_hover_links_bg":"","ocean_menu_social_links_color":"","ocean_menu_social_hover_links_color":"","ocean_disable_title":"default","ocean_disable_heading":"default","ocean_post_title":"","ocean_post_subheading":"","ocean_post_title_style":"","ocean_post_title_background_color":"","ocean_post_title_background":0,"ocean_post_title_bg_image_position":"","ocean_post_title_bg_image_attachment":"","ocean_post_title_bg_image_repeat":"","ocean_post_title_bg_image_size":"","ocean_post_title_height":0,"ocean_post_title_bg_overlay":0.5,"ocean_post_title_bg_overlay_color":"","ocean_disable_breadcrumbs":"default","ocean_breadcrumbs_color":"","ocean_breadcrumbs_separator_color":"","ocean_breadcrumbs_links_color":"","ocean_breadcrumbs_links_hover_color":"","ocean_display_footer_widgets":"default","ocean_display_footer_bottom":"default","ocean_custom_footer_template":"0"},"product_brand":[],"product_cat":[355,364,370],"product_tag":[545,442,529,367,539,540,583,582,546],"class_list":{"0":"post-5423","1":"product","2":"type-product","3":"status-publish","4":"has-post-thumbnail","6":"product_cat-czesci-samochodowe","7":"product_cat-mercedes","8":"product_cat-nissan","9":"product_tag-mercedes-om605","10":"product_tag-mercedes-om606","11":"product_tag-nissan-patrol-zd30","12":"product_tag-om606","13":"product_tag-plyta-przekladni","14":"product_tag-skrzynia-biegow-kryza","15":"product_tag-td4-2","16":"product_tag-zd3-0","17":"product_tag-zd30","19":"entry","20":"has-media","22":"first","23":"instock","24":"taxable","25":"shipping-taxable","26":"purchasable","27":"product-type-simple","28":"has-product-nav","29":"col","30":"span_1_of_3","31":"owp-content-center","32":"owp-thumbs-layout-horizontal","33":"owp-btn-normal","34":"owp-tabs-layout-horizontal"},"_links":{"self":[{"href":"https:\/\/www.borowskiengineering.com\/pl\/wp-json\/wp\/v2\/product\/5423","targetHints":{"allow":["GET"]}}],"collection":[{"href":"https:\/\/www.borowskiengineering.com\/pl\/wp-json\/wp\/v2\/product"}],"about":[{"href":"https:\/\/www.borowskiengineering.com\/pl\/wp-json\/wp\/v2\/types\/product"}],"replies":[{"embeddable":true,"href":"https:\/\/www.borowskiengineering.com\/pl\/wp-json\/wp\/v2\/comments?post=5423"}],"version-history":[{"count":0,"href":"https:\/\/www.borowskiengineering.com\/pl\/wp-json\/wp\/v2\/product\/5423\/revisions"}],"wp:featuredmedia":[{"embeddable":true,"href":"https:\/\/www.borowskiengineering.com\/pl\/wp-json\/wp\/v2\/media\/5438"}],"wp:attachment":[{"href":"https:\/\/www.borowskiengineering.com\/pl\/wp-json\/wp\/v2\/media?parent=5423"}],"wp:term":[{"taxonomy":"product_brand","embeddable":true,"href":"https:\/\/www.borowskiengineering.com\/pl\/wp-json\/wp\/v2\/product_brand?post=5423"},{"taxonomy":"product_cat","embeddable":true,"href":"https:\/\/www.borowskiengineering.com\/pl\/wp-json\/wp\/v2\/product_cat?post=5423"},{"taxonomy":"product_tag","embeddable":true,"href":"https:\/\/www.borowskiengineering.com\/pl\/wp-json\/wp\/v2\/product_tag?post=5423"}],"curies":[{"name":"wp","href":"https:\/\/api.w.org\/{rel}","templated":true}]}}