
{"id":6341,"date":"2026-02-20T18:02:09","date_gmt":"2026-02-20T16:02:09","guid":{"rendered":"https:\/\/www.borowskiengineering.com\/?post_type=product&#038;p=6341"},"modified":"2026-03-18T17:05:27","modified_gmt":"2026-03-18T15:05:27","slug":"mercedes-benz-om611-om612-om646-mitsubishi-pajero-2-5td-adapter-kryza","status":"publish","type":"product","link":"https:\/\/www.borowskiengineering.com\/pl\/produkt\/mercedes-benz-om611-om612-om646-mitsubishi-pajero-2-5td-adapter-kryza\/","title":{"rendered":"Mercedes Benz OM611\/OM612\/OM646 &#8211; Mitsubishi Pajero 2.5TD Adapter\/Kryza"},"content":{"rendered":"<p data-start=\"113\" data-end=\"272\">Precyzyjnie zaprojektowan adapter \/ kryza umo\u017cliwiaj\u0105ca po\u0142\u0105czenie silnik\u00f3w Mercedes-Benz OM611 \/ OM612 \/ OM646 z manualn\u0105 skrzyni\u0105 bieg\u00f3w Mitsubishi Pajero 2.5 TD.<\/p>\n<p data-start=\"274\" data-end=\"525\">Adapter pozwala na monta\u017c nowoczesnego silnika wysokopr\u0119\u017cnego Mercedes-Benz z uk\u0142adem common rail w platformie Pajero, przy zachowaniu fabrycznej skrzyni bieg\u00f3w oraz oryginalnego uk\u0142adu nap\u0119dowego. Idealne rozwi\u0105zanie do projekt\u00f3w off-road i overland.<\/p>\n<p data-start=\"527\" data-end=\"735\">Wykonany w technologii CNC dla zapewnienia idealnego dopasowania oraz precyzyjnego wyosiowania silnika wzgl\u0119dem skrzyni bieg\u00f3w. Produkt wykonany z wysokowytrzyma\u0142ej stali, gwarantuj\u0105cej trwa\u0142o\u015b\u0107 i niezawodno\u015b\u0107.<\/p>\n","protected":false},"excerpt":{"rendered":"<p>Precyzyjnie zaprojektowan adapter \/ kryza umo\u017cliwiaj\u0105ca po\u0142\u0105czenie silnik\u00f3w Mercedes-Benz OM611 \/ OM612 \/ OM646 z manualn\u0105 skrzyni\u0105 bieg\u00f3w Mitsubishi Pajero 2.5 TD. Adapter pozwala na monta\u017c nowoczesnego silnika wysokopr\u0119\u017cnego Mercedes-Benz z uk\u0142adem common rail w platformie Pajero, przy zachowaniu fabrycznej skrzyni bieg\u00f3w oraz oryginalnego uk\u0142adu nap\u0119dowego. Idealne rozwi\u0105zanie do projekt\u00f3w off-road i overland. Wykonany w [&hellip;]<\/p>\n","protected":false},"featured_media":6342,"comment_status":"closed","ping_status":"closed","template":"","meta":{"_monsterinsights_skip_tracking":false,"_monsterinsights_sitenote_active":false,"_monsterinsights_sitenote_note":"","_monsterinsights_sitenote_category":0,"ocean_post_layout":"","ocean_both_sidebars_style":"","ocean_both_sidebars_content_width":0,"ocean_both_sidebars_sidebars_width":0,"ocean_sidebar":"0","ocean_second_sidebar":"0","ocean_disable_margins":"enable","ocean_add_body_class":"","ocean_shortcode_before_top_bar":"","ocean_shortcode_after_top_bar":"","ocean_shortcode_before_header":"","ocean_shortcode_after_header":"","ocean_has_shortcode":"","ocean_shortcode_after_title":"","ocean_shortcode_before_footer_widgets":"","ocean_shortcode_after_footer_widgets":"","ocean_shortcode_before_footer_bottom":"","ocean_shortcode_after_footer_bottom":"","ocean_display_top_bar":"default","ocean_display_header":"default","ocean_header_style":"","ocean_center_header_left_menu":"0","ocean_custom_header_template":"0","ocean_custom_logo":0,"ocean_custom_retina_logo":0,"ocean_custom_logo_max_width":0,"ocean_custom_logo_tablet_max_width":0,"ocean_custom_logo_mobile_max_width":0,"ocean_custom_logo_max_height":0,"ocean_custom_logo_tablet_max_height":0,"ocean_custom_logo_mobile_max_height":0,"ocean_header_custom_menu":"0","ocean_menu_typo_font_family":"0","ocean_menu_typo_font_subset":"","ocean_menu_typo_font_size":0,"ocean_menu_typo_font_size_tablet":0,"ocean_menu_typo_font_size_mobile":0,"ocean_menu_typo_font_size_unit":"px","ocean_menu_typo_font_weight":"","ocean_menu_typo_font_weight_tablet":"","ocean_menu_typo_font_weight_mobile":"","ocean_menu_typo_transform":"","ocean_menu_typo_transform_tablet":"","ocean_menu_typo_transform_mobile":"","ocean_menu_typo_line_height":0,"ocean_menu_typo_line_height_tablet":0,"ocean_menu_typo_line_height_mobile":0,"ocean_menu_typo_line_height_unit":"","ocean_menu_typo_spacing":0,"ocean_menu_typo_spacing_tablet":0,"ocean_menu_typo_spacing_mobile":0,"ocean_menu_typo_spacing_unit":"","ocean_menu_link_color":"","ocean_menu_link_color_hover":"","ocean_menu_link_color_active":"","ocean_menu_link_background":"","ocean_menu_link_hover_background":"","ocean_menu_link_active_background":"","ocean_menu_social_links_bg":"","ocean_menu_social_hover_links_bg":"","ocean_menu_social_links_color":"","ocean_menu_social_hover_links_color":"","ocean_disable_title":"default","ocean_disable_heading":"default","ocean_post_title":"","ocean_post_subheading":"","ocean_post_title_style":"","ocean_post_title_background_color":"","ocean_post_title_background":0,"ocean_post_title_bg_image_position":"","ocean_post_title_bg_image_attachment":"","ocean_post_title_bg_image_repeat":"","ocean_post_title_bg_image_size":"","ocean_post_title_height":0,"ocean_post_title_bg_overlay":0.5,"ocean_post_title_bg_overlay_color":"","ocean_disable_breadcrumbs":"default","ocean_breadcrumbs_color":"","ocean_breadcrumbs_separator_color":"","ocean_breadcrumbs_links_color":"","ocean_breadcrumbs_links_hover_color":"","ocean_display_footer_widgets":"default","ocean_display_footer_bottom":"default","ocean_custom_footer_template":"0"},"product_brand":[],"product_cat":[355,364,371],"product_tag":[382,660,661,662,663,664,665,392],"class_list":{"0":"post-6341","1":"product","2":"type-product","3":"status-publish","4":"has-post-thumbnail","6":"product_cat-czesci-samochodowe","7":"product_cat-mercedes","8":"product_cat-mitsubishi","9":"product_tag-adapter","10":"product_tag-build","11":"product_tag-mercedes-benz-om611","12":"product_tag-mercedes-benz-om612","13":"product_tag-mercedes-benz-om646","14":"product_tag-mitsubishi-pajero-2-5td","15":"product_tag-off-road","16":"product_tag-zamiana","18":"entry","19":"has-media","21":"first","22":"instock","23":"taxable","24":"shipping-taxable","25":"purchasable","26":"product-type-simple","27":"has-product-nav","28":"col","29":"span_1_of_3","30":"owp-content-center","31":"owp-thumbs-layout-horizontal","32":"owp-btn-normal","33":"owp-tabs-layout-horizontal"},"_links":{"self":[{"href":"https:\/\/www.borowskiengineering.com\/pl\/wp-json\/wp\/v2\/product\/6341","targetHints":{"allow":["GET"]}}],"collection":[{"href":"https:\/\/www.borowskiengineering.com\/pl\/wp-json\/wp\/v2\/product"}],"about":[{"href":"https:\/\/www.borowskiengineering.com\/pl\/wp-json\/wp\/v2\/types\/product"}],"replies":[{"embeddable":true,"href":"https:\/\/www.borowskiengineering.com\/pl\/wp-json\/wp\/v2\/comments?post=6341"}],"version-history":[{"count":10,"href":"https:\/\/www.borowskiengineering.com\/pl\/wp-json\/wp\/v2\/product\/6341\/revisions"}],"predecessor-version":[{"id":6470,"href":"https:\/\/www.borowskiengineering.com\/pl\/wp-json\/wp\/v2\/product\/6341\/revisions\/6470"}],"wp:featuredmedia":[{"embeddable":true,"href":"https:\/\/www.borowskiengineering.com\/pl\/wp-json\/wp\/v2\/media\/6342"}],"wp:attachment":[{"href":"https:\/\/www.borowskiengineering.com\/pl\/wp-json\/wp\/v2\/media?parent=6341"}],"wp:term":[{"taxonomy":"product_brand","embeddable":true,"href":"https:\/\/www.borowskiengineering.com\/pl\/wp-json\/wp\/v2\/product_brand?post=6341"},{"taxonomy":"product_cat","embeddable":true,"href":"https:\/\/www.borowskiengineering.com\/pl\/wp-json\/wp\/v2\/product_cat?post=6341"},{"taxonomy":"product_tag","embeddable":true,"href":"https:\/\/www.borowskiengineering.com\/pl\/wp-json\/wp\/v2\/product_tag?post=6341"}],"curies":[{"name":"wp","href":"https:\/\/api.w.org\/{rel}","templated":true}]}}