
{"id":6383,"date":"2026-02-24T19:44:28","date_gmt":"2026-02-24T17:44:28","guid":{"rendered":"https:\/\/www.borowskiengineering.com\/product\/bmw-gs6-37dz-gs6-53dz-2wd-to-nissan-patrol-transfer-case-adapter-kit\/"},"modified":"2026-02-25T15:19:29","modified_gmt":"2026-02-25T13:19:29","slug":"bmw-gs6-37dz-gs6-53dz-2wd-nissan-patrol-reduktor-adapter-lacznik","status":"publish","type":"product","link":"https:\/\/www.borowskiengineering.com\/pl\/produkt\/bmw-gs6-37dz-gs6-53dz-2wd-nissan-patrol-reduktor-adapter-lacznik\/","title":{"rendered":"BMW GS6-37DZ \/ GS6-53DZ 2WD &#8211; Nissan Patrol Reduktor Adapter\/\u0141\u0105cznik"},"content":{"rendered":"<p data-start=\"177\" data-end=\"381\">Oferujemy profesjonalny, heavy-duty \u0142\u0105cznik umo\u017cliwiaj\u0105cy monta\u017c 6-biegowej manualnej skrzyni bieg\u00f3w <strong data-start=\"299\" data-end=\"315\">BMW GS6-37DZ<\/strong> \/ <strong data-start=\"318\" data-end=\"334\">BMW GS6-53DZ 2WD <\/strong>do reduktora <strong data-start=\"359\" data-end=\"380\">Nissan Patrol Y61<\/strong>.<\/p>\n<p data-start=\"383\" data-end=\"631\">Rozwi\u0105zanie zosta\u0142o zaprojektowane z my\u015bl\u0105 o projektach typu engine swap oraz pojazdach u\u017cytkowanych w ekstremalnych warunkach terenowych. System zapewnia precyzyjne wyosiowanie oraz wysok\u0105 wytrzyma\u0142o\u015b\u0107.<\/p>\n<h3 data-start=\"638\" data-end=\"676\"><strong data-start=\"642\" data-end=\"676\">Najwa\u017cniejsze zalety produktu:<\/strong><\/h3>\n<p data-start=\"678\" data-end=\"1068\">\u2714 Solidna konstrukcja stalowa o wysokiej wytrzyma\u0142o\u015bci<br data-start=\"732\" data-end=\"735\" \/>\u2714 Obr\u00f3bka CNC po procesie spawania \u2013 gwarancja idealnej wsp\u00f3\u0142osiowo\u015bci<br data-start=\"805\" data-end=\"808\" \/>\u2714 Wa\u0142ek \u0142\u0105cz\u0105cy wykonany ze stali chromowo-molibdenowej, hartowany do 53\u201355 HRC<br data-start=\"878\" data-end=\"881\" \/>\u2714 Przystosowany do wysokich obci\u0105\u017ce\u0144 i pracy w ci\u0119\u017ckim terenie<br data-start=\"943\" data-end=\"946\" \/>\u2714 Monta\u017c na oryginalnej belce oraz fabrycznych poduszkach skrzyni bieg\u00f3w Nissan Patrol<br data-start=\"1037\" data-end=\"1040\" \/>\u2714 Gotowy zestaw do monta\u017cu<\/p>\n<h3 data-start=\"1075\" data-end=\"1098\"><strong data-start=\"1079\" data-end=\"1098\">Zestaw zawiera:<\/strong><\/h3>\n<ul data-start=\"1100\" data-end=\"1210\">\n<li data-start=\"1100\" data-end=\"1135\">\n<p data-start=\"1102\" data-end=\"1135\">Adapter wraz z podstaw\u0105 \u0142\u0105cz\u0105c\u0105<\/p>\n<\/li>\n<li data-start=\"1136\" data-end=\"1153\">\n<p data-start=\"1138\" data-end=\"1153\">Wa\u0142ek<\/p>\n<\/li>\n<li data-start=\"1154\" data-end=\"1180\">\n<p data-start=\"1156\" data-end=\"1180\">D\u017awigni\u0119 zmiany bieg\u00f3w<\/p>\n<\/li>\n<li data-start=\"1181\" data-end=\"1210\">\n<p data-start=\"1183\" data-end=\"1210\">Mechanizm d\u017awigni<\/p>\n<\/li>\n<\/ul>\n<p>Produkt przeznaczony dla os\u00f3b buduj\u0105cych pojazdy off-road, wyprawowe oraz projekty o podwy\u017cszonej mocy i momencie obrotowym.<\/p>\n","protected":false},"excerpt":{"rendered":"<p>Oferujemy profesjonalny, heavy-duty \u0142\u0105cznik umo\u017cliwiaj\u0105cy monta\u017c 6-biegowej manualnej skrzyni bieg\u00f3w BMW GS6-37DZ \/ BMW GS6-53DZ 2WD do reduktora Nissan Patrol Y61. Rozwi\u0105zanie zosta\u0142o zaprojektowane z my\u015bl\u0105 o projektach typu engine swap oraz pojazdach u\u017cytkowanych w ekstremalnych warunkach terenowych. System zapewnia precyzyjne wyosiowanie oraz wysok\u0105 wytrzyma\u0142o\u015b\u0107. Najwa\u017cniejsze zalety produktu: \u2714 Solidna konstrukcja stalowa o wysokiej wytrzyma\u0142o\u015bci\u2714 [&hellip;]<\/p>\n","protected":false},"featured_media":6385,"comment_status":"closed","ping_status":"closed","template":"","meta":{"_monsterinsights_skip_tracking":false,"_monsterinsights_sitenote_active":false,"_monsterinsights_sitenote_note":"","_monsterinsights_sitenote_category":0,"ocean_post_layout":"","ocean_both_sidebars_style":"","ocean_both_sidebars_content_width":0,"ocean_both_sidebars_sidebars_width":0,"ocean_sidebar":"0","ocean_second_sidebar":"0","ocean_disable_margins":"enable","ocean_add_body_class":"","ocean_shortcode_before_top_bar":"","ocean_shortcode_after_top_bar":"","ocean_shortcode_before_header":"","ocean_shortcode_after_header":"","ocean_has_shortcode":"","ocean_shortcode_after_title":"","ocean_shortcode_before_footer_widgets":"","ocean_shortcode_after_footer_widgets":"","ocean_shortcode_before_footer_bottom":"","ocean_shortcode_after_footer_bottom":"","ocean_display_top_bar":"default","ocean_display_header":"default","ocean_header_style":"","ocean_center_header_left_menu":"0","ocean_custom_header_template":"0","ocean_custom_logo":0,"ocean_custom_retina_logo":0,"ocean_custom_logo_max_width":0,"ocean_custom_logo_tablet_max_width":0,"ocean_custom_logo_mobile_max_width":0,"ocean_custom_logo_max_height":0,"ocean_custom_logo_tablet_max_height":0,"ocean_custom_logo_mobile_max_height":0,"ocean_header_custom_menu":"0","ocean_menu_typo_font_family":"0","ocean_menu_typo_font_subset":"","ocean_menu_typo_font_size":0,"ocean_menu_typo_font_size_tablet":0,"ocean_menu_typo_font_size_mobile":0,"ocean_menu_typo_font_size_unit":"px","ocean_menu_typo_font_weight":"","ocean_menu_typo_font_weight_tablet":"","ocean_menu_typo_font_weight_mobile":"","ocean_menu_typo_transform":"","ocean_menu_typo_transform_tablet":"","ocean_menu_typo_transform_mobile":"","ocean_menu_typo_line_height":0,"ocean_menu_typo_line_height_tablet":0,"ocean_menu_typo_line_height_mobile":0,"ocean_menu_typo_line_height_unit":"","ocean_menu_typo_spacing":0,"ocean_menu_typo_spacing_tablet":0,"ocean_menu_typo_spacing_mobile":0,"ocean_menu_typo_spacing_unit":"","ocean_menu_link_color":"","ocean_menu_link_color_hover":"","ocean_menu_link_color_active":"","ocean_menu_link_background":"","ocean_menu_link_hover_background":"","ocean_menu_link_active_background":"","ocean_menu_social_links_bg":"","ocean_menu_social_hover_links_bg":"","ocean_menu_social_links_color":"","ocean_menu_social_hover_links_color":"","ocean_disable_title":"default","ocean_disable_heading":"default","ocean_post_title":"","ocean_post_subheading":"","ocean_post_title_style":"","ocean_post_title_background_color":"","ocean_post_title_background":0,"ocean_post_title_bg_image_position":"","ocean_post_title_bg_image_attachment":"","ocean_post_title_bg_image_repeat":"","ocean_post_title_bg_image_size":"","ocean_post_title_height":0,"ocean_post_title_bg_overlay":0.5,"ocean_post_title_bg_overlay_color":"","ocean_disable_breadcrumbs":"default","ocean_breadcrumbs_color":"","ocean_breadcrumbs_separator_color":"","ocean_breadcrumbs_links_color":"","ocean_breadcrumbs_links_hover_color":"","ocean_display_footer_widgets":"default","ocean_display_footer_bottom":"default","ocean_custom_footer_template":"0"},"product_brand":[],"product_cat":[354,355,370],"product_tag":[508,382,387,668,465],"class_list":{"0":"post-6383","1":"product","2":"type-product","3":"status-publish","4":"has-post-thumbnail","6":"product_cat-bmw","7":"product_cat-czesci-samochodowe","8":"product_cat-nissan","9":"product_tag-2wd","10":"product_tag-adapter","11":"product_tag-bmw-gs6-37dz","12":"product_tag-bmw-gs6-53dz","13":"product_tag-skrzynia-rozdzielcza-nissan-patrol","15":"entry","16":"has-media","18":"first","19":"instock","20":"taxable","21":"shipping-taxable","22":"purchasable","23":"product-type-simple","24":"has-product-nav","25":"col","26":"span_1_of_3","27":"owp-content-center","28":"owp-thumbs-layout-horizontal","29":"owp-btn-normal","30":"owp-tabs-layout-horizontal"},"_links":{"self":[{"href":"https:\/\/www.borowskiengineering.com\/pl\/wp-json\/wp\/v2\/product\/6383","targetHints":{"allow":["GET"]}}],"collection":[{"href":"https:\/\/www.borowskiengineering.com\/pl\/wp-json\/wp\/v2\/product"}],"about":[{"href":"https:\/\/www.borowskiengineering.com\/pl\/wp-json\/wp\/v2\/types\/product"}],"replies":[{"embeddable":true,"href":"https:\/\/www.borowskiengineering.com\/pl\/wp-json\/wp\/v2\/comments?post=6383"}],"version-history":[{"count":3,"href":"https:\/\/www.borowskiengineering.com\/pl\/wp-json\/wp\/v2\/product\/6383\/revisions"}],"predecessor-version":[{"id":6391,"href":"https:\/\/www.borowskiengineering.com\/pl\/wp-json\/wp\/v2\/product\/6383\/revisions\/6391"}],"wp:featuredmedia":[{"embeddable":true,"href":"https:\/\/www.borowskiengineering.com\/pl\/wp-json\/wp\/v2\/media\/6385"}],"wp:attachment":[{"href":"https:\/\/www.borowskiengineering.com\/pl\/wp-json\/wp\/v2\/media?parent=6383"}],"wp:term":[{"taxonomy":"product_brand","embeddable":true,"href":"https:\/\/www.borowskiengineering.com\/pl\/wp-json\/wp\/v2\/product_brand?post=6383"},{"taxonomy":"product_cat","embeddable":true,"href":"https:\/\/www.borowskiengineering.com\/pl\/wp-json\/wp\/v2\/product_cat?post=6383"},{"taxonomy":"product_tag","embeddable":true,"href":"https:\/\/www.borowskiengineering.com\/pl\/wp-json\/wp\/v2\/product_tag?post=6383"}],"curies":[{"name":"wp","href":"https:\/\/api.w.org\/{rel}","templated":true}]}}