
{"id":6404,"date":"2026-02-25T16:39:04","date_gmt":"2026-02-25T14:39:04","guid":{"rendered":"https:\/\/www.borowskiengineering.com\/?post_type=product&#038;p=6404"},"modified":"2026-04-14T14:20:04","modified_gmt":"2026-04-14T12:20:04","slug":"vw-1-9tdi-do-bmw-m57-skrzyni-biegow-waski-dzwon-adapter-kryza","status":"publish","type":"product","link":"https:\/\/www.borowskiengineering.com\/pl\/produkt\/vw-1-9tdi-do-bmw-m57-skrzyni-biegow-waski-dzwon-adapter-kryza\/","title":{"rendered":"VW 1.9TDI do BMW M57 Skrzyni Bieg\u00f3w W\u0105ski Dzwon  Adapter\/Kryza"},"content":{"rendered":"<p data-start=\"182\" data-end=\"316\">Adapter ten umo\u017cliwia bezproblemowe po\u0142\u0105czenie silnika Volkswagen 1.9 TDI<strong data-start=\"233\" data-end=\"265\"> AFN &amp; AWX<\/strong> ze skrzyni\u0105 BMW M57 w\u0105ski dzwon (pre-lift).<\/p>\n<p data-start=\"318\" data-end=\"519\">Zaprojektowany z my\u015bl\u0105 o projektach typu <strong data-start=\"359\" data-end=\"374\">engine swap<\/strong>, zapewnia precyzyjne wyosiowanie silnika ze skrzyni, co gwarantuje p\u0142ynn\u0105 prac\u0119 uk\u0142adu nap\u0119dowego oraz niezawodno\u015b\u0107 w d\u0142ugim okresie u\u017cytkowania.<\/p>\n<ul data-start=\"546\" data-end=\"850\">\n<li data-start=\"546\" data-end=\"615\">\n<p data-start=\"548\" data-end=\"615\">Precyzyjnie\u00a0 zaprojektowane w CAD\/CAM i obrabiane na maszynach CNC<\/p>\n<\/li>\n<li data-start=\"616\" data-end=\"650\">\n<p data-start=\"618\" data-end=\"650\">Wytrzyma\u0142a stalowa konstrukcja<\/p>\n<\/li>\n<li data-start=\"651\" data-end=\"715\">\n<p data-start=\"653\" data-end=\"715\">Dok\u0142adne osiowanie wa\u0142u korbowego z wa\u0142em wej\u015bciowym skrzyni<\/p>\n<\/li>\n<li data-start=\"716\" data-end=\"778\">\n<p data-start=\"718\" data-end=\"778\">Precyzyjne wypozycjonowanie ko\u0142k\u00f3w centruj\u0105cych<\/p>\n<\/li>\n<\/ul>\n","protected":false},"excerpt":{"rendered":"<p>Adapter ten umo\u017cliwia bezproblemowe po\u0142\u0105czenie silnika Volkswagen 1.9 TDI AFN &amp; AWX ze skrzyni\u0105 BMW M57 w\u0105ski dzwon (pre-lift). Zaprojektowany z my\u015bl\u0105 o projektach typu engine swap, zapewnia precyzyjne wyosiowanie silnika ze skrzyni, co gwarantuje p\u0142ynn\u0105 prac\u0119 uk\u0142adu nap\u0119dowego oraz niezawodno\u015b\u0107 w d\u0142ugim okresie u\u017cytkowania. Precyzyjnie\u00a0 zaprojektowane w CAD\/CAM i obrabiane na maszynach CNC Wytrzyma\u0142a [&hellip;]<\/p>\n","protected":false},"featured_media":6405,"comment_status":"closed","ping_status":"closed","template":"","meta":{"_monsterinsights_skip_tracking":false,"_monsterinsights_sitenote_active":false,"_monsterinsights_sitenote_note":"","_monsterinsights_sitenote_category":0,"ocean_post_layout":"","ocean_both_sidebars_style":"","ocean_both_sidebars_content_width":0,"ocean_both_sidebars_sidebars_width":0,"ocean_sidebar":"0","ocean_second_sidebar":"0","ocean_disable_margins":"enable","ocean_add_body_class":"","ocean_shortcode_before_top_bar":"","ocean_shortcode_after_top_bar":"","ocean_shortcode_before_header":"","ocean_shortcode_after_header":"","ocean_has_shortcode":"","ocean_shortcode_after_title":"","ocean_shortcode_before_footer_widgets":"","ocean_shortcode_after_footer_widgets":"","ocean_shortcode_before_footer_bottom":"","ocean_shortcode_after_footer_bottom":"","ocean_display_top_bar":"default","ocean_display_header":"default","ocean_header_style":"","ocean_center_header_left_menu":"0","ocean_custom_header_template":"0","ocean_custom_logo":0,"ocean_custom_retina_logo":0,"ocean_custom_logo_max_width":0,"ocean_custom_logo_tablet_max_width":0,"ocean_custom_logo_mobile_max_width":0,"ocean_custom_logo_max_height":0,"ocean_custom_logo_tablet_max_height":0,"ocean_custom_logo_mobile_max_height":0,"ocean_header_custom_menu":"0","ocean_menu_typo_font_family":"0","ocean_menu_typo_font_subset":"","ocean_menu_typo_font_size":0,"ocean_menu_typo_font_size_tablet":0,"ocean_menu_typo_font_size_mobile":0,"ocean_menu_typo_font_size_unit":"px","ocean_menu_typo_font_weight":"","ocean_menu_typo_font_weight_tablet":"","ocean_menu_typo_font_weight_mobile":"","ocean_menu_typo_transform":"","ocean_menu_typo_transform_tablet":"","ocean_menu_typo_transform_mobile":"","ocean_menu_typo_line_height":0,"ocean_menu_typo_line_height_tablet":0,"ocean_menu_typo_line_height_mobile":0,"ocean_menu_typo_line_height_unit":"","ocean_menu_typo_spacing":0,"ocean_menu_typo_spacing_tablet":0,"ocean_menu_typo_spacing_mobile":0,"ocean_menu_typo_spacing_unit":"","ocean_menu_link_color":"","ocean_menu_link_color_hover":"","ocean_menu_link_color_active":"","ocean_menu_link_background":"","ocean_menu_link_hover_background":"","ocean_menu_link_active_background":"","ocean_menu_social_links_bg":"","ocean_menu_social_hover_links_bg":"","ocean_menu_social_links_color":"","ocean_menu_social_hover_links_color":"","ocean_disable_title":"default","ocean_disable_heading":"default","ocean_post_title":"","ocean_post_subheading":"","ocean_post_title_style":"","ocean_post_title_background_color":"","ocean_post_title_background":0,"ocean_post_title_bg_image_position":"","ocean_post_title_bg_image_attachment":"","ocean_post_title_bg_image_repeat":"","ocean_post_title_bg_image_size":"","ocean_post_title_height":0,"ocean_post_title_bg_overlay":0.5,"ocean_post_title_bg_overlay_color":"","ocean_disable_breadcrumbs":"default","ocean_breadcrumbs_color":"","ocean_breadcrumbs_separator_color":"","ocean_breadcrumbs_links_color":"","ocean_breadcrumbs_links_hover_color":"","ocean_display_footer_widgets":"default","ocean_display_footer_bottom":"default","ocean_custom_footer_template":"0"},"product_brand":[],"product_cat":[354,355,394],"product_tag":[382,359,670,487,430],"class_list":{"0":"post-6404","1":"product","2":"type-product","3":"status-publish","4":"has-post-thumbnail","6":"product_cat-bmw","7":"product_cat-czesci-samochodowe","8":"product_cat-volkswagen","9":"product_tag-adapter","10":"product_tag-bmw-m57","11":"product_tag-m57-nd1","12":"product_tag-volkswagen-vw-1-9tdi","13":"product_tag-vw1-9tdi","15":"entry","16":"has-media","18":"first","19":"instock","20":"taxable","21":"shipping-taxable","22":"purchasable","23":"product-type-simple","24":"has-product-nav","25":"col","26":"span_1_of_3","27":"owp-content-center","28":"owp-thumbs-layout-horizontal","29":"owp-btn-normal","30":"owp-tabs-layout-horizontal"},"_links":{"self":[{"href":"https:\/\/www.borowskiengineering.com\/pl\/wp-json\/wp\/v2\/product\/6404","targetHints":{"allow":["GET"]}}],"collection":[{"href":"https:\/\/www.borowskiengineering.com\/pl\/wp-json\/wp\/v2\/product"}],"about":[{"href":"https:\/\/www.borowskiengineering.com\/pl\/wp-json\/wp\/v2\/types\/product"}],"replies":[{"embeddable":true,"href":"https:\/\/www.borowskiengineering.com\/pl\/wp-json\/wp\/v2\/comments?post=6404"}],"version-history":[{"count":2,"href":"https:\/\/www.borowskiengineering.com\/pl\/wp-json\/wp\/v2\/product\/6404\/revisions"}],"predecessor-version":[{"id":6599,"href":"https:\/\/www.borowskiengineering.com\/pl\/wp-json\/wp\/v2\/product\/6404\/revisions\/6599"}],"wp:featuredmedia":[{"embeddable":true,"href":"https:\/\/www.borowskiengineering.com\/pl\/wp-json\/wp\/v2\/media\/6405"}],"wp:attachment":[{"href":"https:\/\/www.borowskiengineering.com\/pl\/wp-json\/wp\/v2\/media?parent=6404"}],"wp:term":[{"taxonomy":"product_brand","embeddable":true,"href":"https:\/\/www.borowskiengineering.com\/pl\/wp-json\/wp\/v2\/product_brand?post=6404"},{"taxonomy":"product_cat","embeddable":true,"href":"https:\/\/www.borowskiengineering.com\/pl\/wp-json\/wp\/v2\/product_cat?post=6404"},{"taxonomy":"product_tag","embeddable":true,"href":"https:\/\/www.borowskiengineering.com\/pl\/wp-json\/wp\/v2\/product_tag?post=6404"}],"curies":[{"name":"wp","href":"https:\/\/api.w.org\/{rel}","templated":true}]}}