
{"id":6557,"date":"2026-04-14T10:22:29","date_gmt":"2026-04-14T08:22:29","guid":{"rendered":"https:\/\/www.borowskiengineering.com\/product\/mercedes-benz-m113-to-bmw-zf8hp-70-75-adapter-plate-and-converter-cover\/"},"modified":"2026-04-14T10:34:47","modified_gmt":"2026-04-14T08:34:47","slug":"mercedes-benz-m113-to-bmw-zf8hp-70-75-adapter-i-plyta-konwertera","status":"publish","type":"product","link":"https:\/\/www.borowskiengineering.com\/pl\/produkt\/mercedes-benz-m113-to-bmw-zf8hp-70-75-adapter-i-plyta-konwertera\/","title":{"rendered":"Mercedes Benz M113 to BMW ZF8HP-70\/75 Adapter i P\u0142yta Konwertera"},"content":{"rendered":"<p>Je\u015bli chcesz po\u0142\u0105czy\u0107 silnik Mercedes-Benz M113 z automatyczn\u0105 skrzyni\u0105 BMW ZF8HP-70 \/ 75, ten zestaw jest w\u0142a\u015bnie dla Ciebie.<\/p>\n<section class=\"text-token-text-primary w-full focus:outline-none [--shadow-height:45px] has-data-writing-block:pointer-events-none has-data-writing-block:-mt-(--shadow-height) has-data-writing-block:pt-(--shadow-height) [&amp;:has([data-writing-block])&gt;*]:pointer-events-auto [content-visibility:auto] supports-[content-visibility:auto]:[contain-intrinsic-size:auto_100lvh] R6Vx5W_threadScrollVars scroll-mb-[calc(var(--scroll-root-safe-area-inset-bottom,0px)+var(--thread-response-height))] scroll-mt-[calc(var(--header-height)+min(200px,max(70px,20svh)))]\" dir=\"auto\" data-turn-id=\"request-WEB:9a9d0b5b-b4a0-4523-94a2-ae87eb25458e-0\" data-testid=\"conversation-turn-2\" data-scroll-anchor=\"false\" data-turn=\"assistant\">\n<div class=\"text-base my-auto mx-auto pb-10 [--thread-content-margin:var(--thread-content-margin-xs,calc(var(--spacing)*4))] @w-sm\/main:[--thread-content-margin:var(--thread-content-margin-sm,calc(var(--spacing)*6))] @w-lg\/main:[--thread-content-margin:var(--thread-content-margin-lg,calc(var(--spacing)*16))] px-(--thread-content-margin)\">\n<div class=\"[--thread-content-max-width:40rem] @w-lg\/main:[--thread-content-max-width:48rem] mx-auto max-w-(--thread-content-max-width) flex-1 group\/turn-messages focus-visible:outline-hidden relative flex w-full min-w-0 flex-col agent-turn\">\n<div class=\"flex max-w-full flex-col gap-4 grow\">\n<div class=\"min-h-8 text-message relative flex w-full flex-col items-end gap-2 text-start break-words whitespace-normal outline-none keyboard-focused:focus-ring [.text-message+&amp;]:mt-1\" dir=\"auto\" tabindex=\"0\" data-message-author-role=\"assistant\" data-message-id=\"49c419b8-907b-46dd-a6b7-742ee42e9268\" data-message-model-slug=\"gpt-5-3\" data-turn-start-message=\"true\">\n<div class=\"flex w-full flex-col gap-1 empty:hidden\">\n<div class=\"markdown prose dark:prose-invert w-full wrap-break-word light markdown-new-styling\">\n<p data-start=\"129\" data-end=\"148\">W sk\u0142adzie znajduj\u0105 si\u0119:<\/p>\n<ul data-start=\"150\" data-end=\"228\">\n<li data-section-id=\"1druqfs\" data-start=\"150\" data-end=\"172\">adapter \/ kryza,<\/li>\n<li data-section-id=\"1yqnzul\" data-start=\"173\" data-end=\"196\">p\u0142yta konwertera,<\/li>\n<li data-section-id=\"1onvxtp\" data-start=\"197\" data-end=\"218\">pier\u015bcie\u0144 Segera,<\/li>\n<li data-section-id=\"vhl9p9\" data-start=\"219\" data-end=\"228\">tulejka<\/li>\n<\/ul>\n<p data-start=\"230\" data-end=\"259\">Grubo\u015b\u0107 obu adapter\u00f3w to 12 mm.<\/p>\n<p data-start=\"261\" data-end=\"328\">Pokrywa konwertera montowana jest pomi\u0119dzy flexplate a konwerterem.<\/p>\n<p data-start=\"330\" data-end=\"522\">Ka\u017cdy element zosta\u0142 zaprojektowany przy u\u017cyciu ramienia pomiarowego oraz oprogramowania CAD\/CAM, a nast\u0119pnie wykonany w technologii CNC, co zapewnia idealne dopasowanie powierzchni \u0142\u0105czonych.<\/p>\n<p data-start=\"524\" data-end=\"637\">Zestaw wykonany jest z wysokogatunkowej stali S355 o bardzo dobrym stosunku wytrzyma\u0142o\u015bci do masy.<\/p>\n<p data-start=\"639\" data-end=\"767\" data-is-last-node=\"\" data-is-only-node=\"\">W razie jakichkolwiek pyta\u0144 dotycz\u0105cych produktu, prosimy o kontakt poprzez formularz kontaktowy lub bezpo\u015brednio drog\u0105 mailow\u0105.<\/p>\n<\/div>\n<\/div>\n<\/div>\n<\/div>\n<div class=\"z-0 flex min-h-[46px] justify-start\"><\/div>\n<\/div>\n<\/div>\n<\/section>\n<div class=\"pointer-events-none -mt-px h-px translate-y-[calc(var(--scroll-root-safe-area-inset-bottom)-14*var(--spacing))]\" aria-hidden=\"true\"><\/div>\n","protected":false},"excerpt":{"rendered":"<p>Je\u015bli chcesz po\u0142\u0105czy\u0107 silnik Mercedes-Benz M113 z automatyczn\u0105 skrzyni\u0105 BMW ZF8HP-70 \/ 75, ten zestaw jest w\u0142a\u015bnie dla Ciebie. W sk\u0142adzie znajduj\u0105 si\u0119: adapter \/ kryza, p\u0142yta konwertera, pier\u015bcie\u0144 Segera, tulejka Grubo\u015b\u0107 obu adapter\u00f3w to 12 mm. Pokrywa konwertera montowana jest pomi\u0119dzy flexplate a konwerterem. Ka\u017cdy element zosta\u0142 zaprojektowany przy u\u017cyciu ramienia pomiarowego oraz oprogramowania [&hellip;]<\/p>\n","protected":false},"featured_media":6558,"comment_status":"closed","ping_status":"closed","template":"","meta":{"_monsterinsights_skip_tracking":false,"_monsterinsights_sitenote_active":false,"_monsterinsights_sitenote_note":"","_monsterinsights_sitenote_category":0,"ocean_post_layout":"","ocean_both_sidebars_style":"","ocean_both_sidebars_content_width":0,"ocean_both_sidebars_sidebars_width":0,"ocean_sidebar":"0","ocean_second_sidebar":"0","ocean_disable_margins":"enable","ocean_add_body_class":"","ocean_shortcode_before_top_bar":"","ocean_shortcode_after_top_bar":"","ocean_shortcode_before_header":"","ocean_shortcode_after_header":"","ocean_has_shortcode":"","ocean_shortcode_after_title":"","ocean_shortcode_before_footer_widgets":"","ocean_shortcode_after_footer_widgets":"","ocean_shortcode_before_footer_bottom":"","ocean_shortcode_after_footer_bottom":"","ocean_display_top_bar":"default","ocean_display_header":"default","ocean_header_style":"","ocean_center_header_left_menu":"0","ocean_custom_header_template":"0","ocean_custom_logo":0,"ocean_custom_retina_logo":0,"ocean_custom_logo_max_width":0,"ocean_custom_logo_tablet_max_width":0,"ocean_custom_logo_mobile_max_width":0,"ocean_custom_logo_max_height":0,"ocean_custom_logo_tablet_max_height":0,"ocean_custom_logo_mobile_max_height":0,"ocean_header_custom_menu":"0","ocean_menu_typo_font_family":"0","ocean_menu_typo_font_subset":"","ocean_menu_typo_font_size":0,"ocean_menu_typo_font_size_tablet":0,"ocean_menu_typo_font_size_mobile":0,"ocean_menu_typo_font_size_unit":"px","ocean_menu_typo_font_weight":"","ocean_menu_typo_font_weight_tablet":"","ocean_menu_typo_font_weight_mobile":"","ocean_menu_typo_transform":"","ocean_menu_typo_transform_tablet":"","ocean_menu_typo_transform_mobile":"","ocean_menu_typo_line_height":0,"ocean_menu_typo_line_height_tablet":0,"ocean_menu_typo_line_height_mobile":0,"ocean_menu_typo_line_height_unit":"","ocean_menu_typo_spacing":0,"ocean_menu_typo_spacing_tablet":0,"ocean_menu_typo_spacing_mobile":0,"ocean_menu_typo_spacing_unit":"","ocean_menu_link_color":"","ocean_menu_link_color_hover":"","ocean_menu_link_color_active":"","ocean_menu_link_background":"","ocean_menu_link_hover_background":"","ocean_menu_link_active_background":"","ocean_menu_social_links_bg":"","ocean_menu_social_hover_links_bg":"","ocean_menu_social_links_color":"","ocean_menu_social_hover_links_color":"","ocean_disable_title":"default","ocean_disable_heading":"default","ocean_post_title":"","ocean_post_subheading":"","ocean_post_title_style":"","ocean_post_title_background_color":"","ocean_post_title_background":0,"ocean_post_title_bg_image_position":"","ocean_post_title_bg_image_attachment":"","ocean_post_title_bg_image_repeat":"","ocean_post_title_bg_image_size":"","ocean_post_title_height":0,"ocean_post_title_bg_overlay":0.5,"ocean_post_title_bg_overlay_color":"","ocean_disable_breadcrumbs":"default","ocean_breadcrumbs_color":"","ocean_breadcrumbs_separator_color":"","ocean_breadcrumbs_links_color":"","ocean_breadcrumbs_links_hover_color":"","ocean_display_footer_widgets":"default","ocean_display_footer_bottom":"default","ocean_custom_footer_template":"0"},"product_brand":[],"product_cat":[354,355,364],"product_tag":[644,382,374,646,676],"class_list":{"0":"post-6557","1":"product","2":"type-product","3":"status-publish","4":"has-post-thumbnail","6":"product_cat-bmw","7":"product_cat-czesci-samochodowe","8":"product_cat-mercedes","9":"product_tag-8hp","10":"product_tag-adapter","11":"product_tag-m113","12":"product_tag-zf8hp-70","13":"product_tag-zf8hp-75","15":"entry","16":"has-media","18":"first","19":"instock","20":"taxable","21":"shipping-taxable","22":"purchasable","23":"product-type-simple","24":"has-product-nav","25":"col","26":"span_1_of_3","27":"owp-content-center","28":"owp-thumbs-layout-horizontal","29":"owp-btn-normal","30":"owp-tabs-layout-horizontal"},"_links":{"self":[{"href":"https:\/\/www.borowskiengineering.com\/pl\/wp-json\/wp\/v2\/product\/6557","targetHints":{"allow":["GET"]}}],"collection":[{"href":"https:\/\/www.borowskiengineering.com\/pl\/wp-json\/wp\/v2\/product"}],"about":[{"href":"https:\/\/www.borowskiengineering.com\/pl\/wp-json\/wp\/v2\/types\/product"}],"replies":[{"embeddable":true,"href":"https:\/\/www.borowskiengineering.com\/pl\/wp-json\/wp\/v2\/comments?post=6557"}],"version-history":[{"count":2,"href":"https:\/\/www.borowskiengineering.com\/pl\/wp-json\/wp\/v2\/product\/6557\/revisions"}],"predecessor-version":[{"id":6567,"href":"https:\/\/www.borowskiengineering.com\/pl\/wp-json\/wp\/v2\/product\/6557\/revisions\/6567"}],"wp:featuredmedia":[{"embeddable":true,"href":"https:\/\/www.borowskiengineering.com\/pl\/wp-json\/wp\/v2\/media\/6558"}],"wp:attachment":[{"href":"https:\/\/www.borowskiengineering.com\/pl\/wp-json\/wp\/v2\/media?parent=6557"}],"wp:term":[{"taxonomy":"product_brand","embeddable":true,"href":"https:\/\/www.borowskiengineering.com\/pl\/wp-json\/wp\/v2\/product_brand?post=6557"},{"taxonomy":"product_cat","embeddable":true,"href":"https:\/\/www.borowskiengineering.com\/pl\/wp-json\/wp\/v2\/product_cat?post=6557"},{"taxonomy":"product_tag","embeddable":true,"href":"https:\/\/www.borowskiengineering.com\/pl\/wp-json\/wp\/v2\/product_tag?post=6557"}],"curies":[{"name":"wp","href":"https:\/\/api.w.org\/{rel}","templated":true}]}}