
{"id":6576,"date":"2026-04-14T13:29:39","date_gmt":"2026-04-14T11:29:39","guid":{"rendered":"https:\/\/www.borowskiengineering.com\/product\/vw-1-9tdi-to-nissan-patrol-2-8td-y60-y61-adapter-plate\/"},"modified":"2026-04-14T13:35:41","modified_gmt":"2026-04-14T11:35:41","slug":"vw-1-9tdi-do-nissan-patrol-2-8td-y60-y61-adapter-kryza","status":"publish","type":"product","link":"https:\/\/www.borowskiengineering.com\/pl\/produkt\/vw-1-9tdi-do-nissan-patrol-2-8td-y60-y61-adapter-kryza\/","title":{"rendered":"VW 1.9TDI do Nissan Patrol 2.8TD Y60\/Y61 Adapter \/ Kryza"},"content":{"rendered":"<p data-start=\"0\" data-end=\"141\">Ten adapter \/ kryza umo\u017cliwia monta\u017c silnika Volkswagen 1.9 TDI (AFN oraz AWX) do niezniszczalnej skrzyni bieg\u00f3w Nissan Patrol 2.8TD Y60 i Y61.<\/p>\n<p data-start=\"143\" data-end=\"334\">Zaprojektowana z my\u015bl\u0105 o projektach typu engine swap, zapewnia precyzyjne osiowanie silnika i skrzyni bieg\u00f3w, co przek\u0142ada si\u0119 na p\u0142ynn\u0105 prac\u0119 uk\u0142adu nap\u0119dowego oraz d\u0142ugotrwa\u0142\u0105 niezawodno\u015b\u0107.<\/p>\n<p data-start=\"336\" data-end=\"355\"><strong data-start=\"336\" data-end=\"355\">Cechy produktu:<\/strong><\/p>\n<ul data-start=\"357\" data-end=\"720\" data-is-last-node=\"\" data-is-only-node=\"\">\n<li data-section-id=\"1eys60i\" data-start=\"357\" data-end=\"443\">Precyzyjny projekt CAD\/CAM oraz powierzchnie monta\u017cowe obrabiane w technologii CNC<\/li>\n<li data-section-id=\"o59wtm\" data-start=\"444\" data-end=\"483\">Wykonanie z wysokowytrzyma\u0142ej stali<\/li>\n<li data-section-id=\"1l1t024\" data-start=\"484\" data-end=\"566\">Prawid\u0142owe osiowanie wa\u0142u korbowego wzgl\u0119dem wa\u0142ka sprz\u0119g\u0142owego skrzyni bieg\u00f3w<\/li>\n<li data-section-id=\"bkcc12\" data-start=\"567\" data-end=\"644\">Dok\u0142adne pozycjonowanie ko\u0142k\u00f3w ustalaj\u0105cych dla perfekcyjnego centrowania<\/li>\n<li data-section-id=\"1931go1\" data-start=\"645\" data-end=\"720\" data-is-last-node=\"\">Przystosowana do zastosowa\u0144 z wysokim momentem obrotowym (silniki Diesla)<\/li>\n<\/ul>\n","protected":false},"excerpt":{"rendered":"<p>Ten adapter \/ kryza umo\u017cliwia monta\u017c silnika Volkswagen 1.9 TDI (AFN oraz AWX) do niezniszczalnej skrzyni bieg\u00f3w Nissan Patrol 2.8TD Y60 i Y61. Zaprojektowana z my\u015bl\u0105 o projektach typu engine swap, zapewnia precyzyjne osiowanie silnika i skrzyni bieg\u00f3w, co przek\u0142ada si\u0119 na p\u0142ynn\u0105 prac\u0119 uk\u0142adu nap\u0119dowego oraz d\u0142ugotrwa\u0142\u0105 niezawodno\u015b\u0107. Cechy produktu: Precyzyjny projekt CAD\/CAM oraz [&hellip;]<\/p>\n","protected":false},"featured_media":6577,"comment_status":"closed","ping_status":"closed","template":"","meta":{"_monsterinsights_skip_tracking":false,"_monsterinsights_sitenote_active":false,"_monsterinsights_sitenote_note":"","_monsterinsights_sitenote_category":0,"ocean_post_layout":"","ocean_both_sidebars_style":"","ocean_both_sidebars_content_width":0,"ocean_both_sidebars_sidebars_width":0,"ocean_sidebar":"0","ocean_second_sidebar":"0","ocean_disable_margins":"enable","ocean_add_body_class":"","ocean_shortcode_before_top_bar":"","ocean_shortcode_after_top_bar":"","ocean_shortcode_before_header":"","ocean_shortcode_after_header":"","ocean_has_shortcode":"","ocean_shortcode_after_title":"","ocean_shortcode_before_footer_widgets":"","ocean_shortcode_after_footer_widgets":"","ocean_shortcode_before_footer_bottom":"","ocean_shortcode_after_footer_bottom":"","ocean_display_top_bar":"default","ocean_display_header":"default","ocean_header_style":"","ocean_center_header_left_menu":"0","ocean_custom_header_template":"0","ocean_custom_logo":0,"ocean_custom_retina_logo":0,"ocean_custom_logo_max_width":0,"ocean_custom_logo_tablet_max_width":0,"ocean_custom_logo_mobile_max_width":0,"ocean_custom_logo_max_height":0,"ocean_custom_logo_tablet_max_height":0,"ocean_custom_logo_mobile_max_height":0,"ocean_header_custom_menu":"0","ocean_menu_typo_font_family":"0","ocean_menu_typo_font_subset":"","ocean_menu_typo_font_size":0,"ocean_menu_typo_font_size_tablet":0,"ocean_menu_typo_font_size_mobile":0,"ocean_menu_typo_font_size_unit":"px","ocean_menu_typo_font_weight":"","ocean_menu_typo_font_weight_tablet":"","ocean_menu_typo_font_weight_mobile":"","ocean_menu_typo_transform":"","ocean_menu_typo_transform_tablet":"","ocean_menu_typo_transform_mobile":"","ocean_menu_typo_line_height":0,"ocean_menu_typo_line_height_tablet":0,"ocean_menu_typo_line_height_mobile":0,"ocean_menu_typo_line_height_unit":"","ocean_menu_typo_spacing":0,"ocean_menu_typo_spacing_tablet":0,"ocean_menu_typo_spacing_mobile":0,"ocean_menu_typo_spacing_unit":"","ocean_menu_link_color":"","ocean_menu_link_color_hover":"","ocean_menu_link_color_active":"","ocean_menu_link_background":"","ocean_menu_link_hover_background":"","ocean_menu_link_active_background":"","ocean_menu_social_links_bg":"","ocean_menu_social_hover_links_bg":"","ocean_menu_social_links_color":"","ocean_menu_social_hover_links_color":"","ocean_disable_title":"default","ocean_disable_heading":"default","ocean_post_title":"","ocean_post_subheading":"","ocean_post_title_style":"","ocean_post_title_background_color":"","ocean_post_title_background":0,"ocean_post_title_bg_image_position":"","ocean_post_title_bg_image_attachment":"","ocean_post_title_bg_image_repeat":"","ocean_post_title_bg_image_size":"","ocean_post_title_height":0,"ocean_post_title_bg_overlay":0.5,"ocean_post_title_bg_overlay_color":"","ocean_disable_breadcrumbs":"default","ocean_breadcrumbs_color":"","ocean_breadcrumbs_separator_color":"","ocean_breadcrumbs_links_color":"","ocean_breadcrumbs_links_hover_color":"","ocean_display_footer_widgets":"default","ocean_display_footer_bottom":"default","ocean_custom_footer_template":"0"},"product_brand":[],"product_cat":[355,370,394],"product_tag":[382,544,430],"class_list":{"0":"post-6576","1":"product","2":"type-product","3":"status-publish","4":"has-post-thumbnail","6":"product_cat-czesci-samochodowe","7":"product_cat-nissan","8":"product_cat-volkswagen","9":"product_tag-adapter","10":"product_tag-nissan-patrol-2-8td","11":"product_tag-vw1-9tdi","13":"entry","14":"has-media","16":"first","17":"instock","18":"taxable","19":"shipping-taxable","20":"purchasable","21":"product-type-simple","22":"has-product-nav","23":"col","24":"span_1_of_3","25":"owp-content-center","26":"owp-thumbs-layout-horizontal","27":"owp-btn-normal","28":"owp-tabs-layout-horizontal"},"_links":{"self":[{"href":"https:\/\/www.borowskiengineering.com\/pl\/wp-json\/wp\/v2\/product\/6576","targetHints":{"allow":["GET"]}}],"collection":[{"href":"https:\/\/www.borowskiengineering.com\/pl\/wp-json\/wp\/v2\/product"}],"about":[{"href":"https:\/\/www.borowskiengineering.com\/pl\/wp-json\/wp\/v2\/types\/product"}],"replies":[{"embeddable":true,"href":"https:\/\/www.borowskiengineering.com\/pl\/wp-json\/wp\/v2\/comments?post=6576"}],"version-history":[{"count":2,"href":"https:\/\/www.borowskiengineering.com\/pl\/wp-json\/wp\/v2\/product\/6576\/revisions"}],"predecessor-version":[{"id":6582,"href":"https:\/\/www.borowskiengineering.com\/pl\/wp-json\/wp\/v2\/product\/6576\/revisions\/6582"}],"wp:featuredmedia":[{"embeddable":true,"href":"https:\/\/www.borowskiengineering.com\/pl\/wp-json\/wp\/v2\/media\/6577"}],"wp:attachment":[{"href":"https:\/\/www.borowskiengineering.com\/pl\/wp-json\/wp\/v2\/media?parent=6576"}],"wp:term":[{"taxonomy":"product_brand","embeddable":true,"href":"https:\/\/www.borowskiengineering.com\/pl\/wp-json\/wp\/v2\/product_brand?post=6576"},{"taxonomy":"product_cat","embeddable":true,"href":"https:\/\/www.borowskiengineering.com\/pl\/wp-json\/wp\/v2\/product_cat?post=6576"},{"taxonomy":"product_tag","embeddable":true,"href":"https:\/\/www.borowskiengineering.com\/pl\/wp-json\/wp\/v2\/product_tag?post=6576"}],"curies":[{"name":"wp","href":"https:\/\/api.w.org\/{rel}","templated":true}]}}