
{"id":6596,"date":"2026-04-14T15:00:01","date_gmt":"2026-04-14T13:00:01","guid":{"rendered":"https:\/\/www.borowskiengineering.com\/product\/bmw-m57-narrow-block-to-mercedes-benz-om606-manual-gearbox-adapter-plate-2\/"},"modified":"2026-04-14T15:15:52","modified_gmt":"2026-04-14T13:15:52","slug":"bmw-m57-waski-dzwon-do-mercedes-benz-om606-manual-adapter-kryza","status":"publish","type":"product","link":"https:\/\/www.borowskiengineering.com\/pl\/produkt\/bmw-m57-waski-dzwon-do-mercedes-benz-om606-manual-adapter-kryza\/","title":{"rendered":"BMW M57 W\u0105ski Dzwon do Mercedes-Benz OM606 Manual Adapter \/ Kryza"},"content":{"rendered":"<p data-start=\"71\" data-end=\"218\">Ten adapter \/ kryza umo\u017cliwia monta\u017c silnika BMW M57 ND1 w wersji narrow block (przed liftingiem) do manualnej skrzyni bieg\u00f3w Mercedes-Benz OM606.<\/p>\n<p data-start=\"220\" data-end=\"409\">Zaprojektowana specjalnie do projekt\u00f3w typu engine swap, zapewnia precyzyjne dopasowanie silnika do skrzyni bieg\u00f3w, gwarantuj\u0105c p\u0142ynn\u0105 prac\u0119 uk\u0142adu nap\u0119dowego oraz d\u0142ugotrwa\u0142\u0105 niezawodno\u015b\u0107.<\/p>\n<p data-start=\"411\" data-end=\"429\"><strong data-start=\"411\" data-end=\"429\">Cechy produktu<\/strong><\/p>\n<ul data-start=\"431\" data-end=\"778\">\n<li data-section-id=\"gekvi2\" data-start=\"431\" data-end=\"503\">Precyzyjny projekt CAD\/CAM oraz powierzchnie monta\u017cowe obrabiane CNC<\/li>\n<li data-section-id=\"1qmopc7\" data-start=\"504\" data-end=\"542\">Wykonana z wysokowytrzyma\u0142ej stali<\/li>\n<li data-section-id=\"xma4us\" data-start=\"543\" data-end=\"620\">Zapewnia prawid\u0142owe ustawienie wa\u0142u korbowego wzgl\u0119dem wa\u0142ka sprz\u0119g\u0142owego<\/li>\n<li data-section-id=\"1ucsbnp\" data-start=\"621\" data-end=\"698\">Odpowiednie rozmieszczenie ko\u0142k\u00f3w ustalaj\u0105cych dla dok\u0142adnego centrowania<\/li>\n<li data-section-id=\"1he4mia\" data-start=\"699\" data-end=\"778\">Przystosowana do zastosowa\u0144 w silnikach diesla o wysokim momencie obrotowym.<\/li>\n<\/ul>\n<p>Nie ma potrzeby stosowania customowego sprz\u0119g\u0142a \u2014 wystarcz\u0105 oryginalne cz\u0119\u015bci z Twojego silnika i skrzyni bieg\u00f3w.<\/p>\n<p>Ostatnie zdj\u0119cie powie Ci, czy Tw\u00f3j M57 to w\u0105ski (pre-lift) czy szeroki (lift) dzwon.<\/p>\n","protected":false},"excerpt":{"rendered":"<p>Ten adapter \/ kryza umo\u017cliwia monta\u017c silnika BMW M57 ND1 w wersji narrow block (przed liftingiem) do manualnej skrzyni bieg\u00f3w Mercedes-Benz OM606. Zaprojektowana specjalnie do projekt\u00f3w typu engine swap, zapewnia precyzyjne dopasowanie silnika do skrzyni bieg\u00f3w, gwarantuj\u0105c p\u0142ynn\u0105 prac\u0119 uk\u0142adu nap\u0119dowego oraz d\u0142ugotrwa\u0142\u0105 niezawodno\u015b\u0107. Cechy produktu Precyzyjny projekt CAD\/CAM oraz powierzchnie monta\u017cowe obrabiane CNC Wykonana [&hellip;]<\/p>\n","protected":false},"featured_media":6597,"comment_status":"closed","ping_status":"closed","template":"","meta":{"_monsterinsights_skip_tracking":false,"_monsterinsights_sitenote_active":false,"_monsterinsights_sitenote_note":"","_monsterinsights_sitenote_category":0,"ocean_post_layout":"","ocean_both_sidebars_style":"","ocean_both_sidebars_content_width":0,"ocean_both_sidebars_sidebars_width":0,"ocean_sidebar":"0","ocean_second_sidebar":"0","ocean_disable_margins":"enable","ocean_add_body_class":"","ocean_shortcode_before_top_bar":"","ocean_shortcode_after_top_bar":"","ocean_shortcode_before_header":"","ocean_shortcode_after_header":"","ocean_has_shortcode":"","ocean_shortcode_after_title":"","ocean_shortcode_before_footer_widgets":"","ocean_shortcode_after_footer_widgets":"","ocean_shortcode_before_footer_bottom":"","ocean_shortcode_after_footer_bottom":"","ocean_display_top_bar":"default","ocean_display_header":"default","ocean_header_style":"","ocean_center_header_left_menu":"0","ocean_custom_header_template":"0","ocean_custom_logo":0,"ocean_custom_retina_logo":0,"ocean_custom_logo_max_width":0,"ocean_custom_logo_tablet_max_width":0,"ocean_custom_logo_mobile_max_width":0,"ocean_custom_logo_max_height":0,"ocean_custom_logo_tablet_max_height":0,"ocean_custom_logo_mobile_max_height":0,"ocean_header_custom_menu":"0","ocean_menu_typo_font_family":"0","ocean_menu_typo_font_subset":"","ocean_menu_typo_font_size":0,"ocean_menu_typo_font_size_tablet":0,"ocean_menu_typo_font_size_mobile":0,"ocean_menu_typo_font_size_unit":"px","ocean_menu_typo_font_weight":"","ocean_menu_typo_font_weight_tablet":"","ocean_menu_typo_font_weight_mobile":"","ocean_menu_typo_transform":"","ocean_menu_typo_transform_tablet":"","ocean_menu_typo_transform_mobile":"","ocean_menu_typo_line_height":0,"ocean_menu_typo_line_height_tablet":0,"ocean_menu_typo_line_height_mobile":0,"ocean_menu_typo_line_height_unit":"","ocean_menu_typo_spacing":0,"ocean_menu_typo_spacing_tablet":0,"ocean_menu_typo_spacing_mobile":0,"ocean_menu_typo_spacing_unit":"","ocean_menu_link_color":"","ocean_menu_link_color_hover":"","ocean_menu_link_color_active":"","ocean_menu_link_background":"","ocean_menu_link_hover_background":"","ocean_menu_link_active_background":"","ocean_menu_social_links_bg":"","ocean_menu_social_hover_links_bg":"","ocean_menu_social_links_color":"","ocean_menu_social_hover_links_color":"","ocean_disable_title":"default","ocean_disable_heading":"default","ocean_post_title":"","ocean_post_subheading":"","ocean_post_title_style":"","ocean_post_title_background_color":"","ocean_post_title_background":0,"ocean_post_title_bg_image_position":"","ocean_post_title_bg_image_attachment":"","ocean_post_title_bg_image_repeat":"","ocean_post_title_bg_image_size":"","ocean_post_title_height":0,"ocean_post_title_bg_overlay":0.5,"ocean_post_title_bg_overlay_color":"","ocean_disable_breadcrumbs":"default","ocean_breadcrumbs_color":"","ocean_breadcrumbs_separator_color":"","ocean_breadcrumbs_links_color":"","ocean_breadcrumbs_links_hover_color":"","ocean_display_footer_widgets":"default","ocean_display_footer_bottom":"default","ocean_custom_footer_template":"0"},"product_brand":[],"product_cat":[354,355,364],"product_tag":[382,359,679,474,680,367],"class_list":{"0":"post-6596","1":"product","2":"type-product","3":"status-publish","4":"has-post-thumbnail","6":"product_cat-bmw","7":"product_cat-czesci-samochodowe","8":"product_cat-mercedes","9":"product_tag-adapter","10":"product_tag-bmw-m57","11":"product_tag-manual-transmission","12":"product_tag-mercedes-benz","13":"product_tag-nd1","14":"product_tag-om606","16":"entry","17":"has-media","19":"first","20":"instock","21":"taxable","22":"shipping-taxable","23":"purchasable","24":"product-type-simple","25":"has-product-nav","26":"col","27":"span_1_of_3","28":"owp-content-center","29":"owp-thumbs-layout-horizontal","30":"owp-btn-normal","31":"owp-tabs-layout-horizontal"},"_links":{"self":[{"href":"https:\/\/www.borowskiengineering.com\/pl\/wp-json\/wp\/v2\/product\/6596","targetHints":{"allow":["GET"]}}],"collection":[{"href":"https:\/\/www.borowskiengineering.com\/pl\/wp-json\/wp\/v2\/product"}],"about":[{"href":"https:\/\/www.borowskiengineering.com\/pl\/wp-json\/wp\/v2\/types\/product"}],"replies":[{"embeddable":true,"href":"https:\/\/www.borowskiengineering.com\/pl\/wp-json\/wp\/v2\/comments?post=6596"}],"version-history":[{"count":3,"href":"https:\/\/www.borowskiengineering.com\/pl\/wp-json\/wp\/v2\/product\/6596\/revisions"}],"predecessor-version":[{"id":6609,"href":"https:\/\/www.borowskiengineering.com\/pl\/wp-json\/wp\/v2\/product\/6596\/revisions\/6609"}],"wp:featuredmedia":[{"embeddable":true,"href":"https:\/\/www.borowskiengineering.com\/pl\/wp-json\/wp\/v2\/media\/6597"}],"wp:attachment":[{"href":"https:\/\/www.borowskiengineering.com\/pl\/wp-json\/wp\/v2\/media?parent=6596"}],"wp:term":[{"taxonomy":"product_brand","embeddable":true,"href":"https:\/\/www.borowskiengineering.com\/pl\/wp-json\/wp\/v2\/product_brand?post=6596"},{"taxonomy":"product_cat","embeddable":true,"href":"https:\/\/www.borowskiengineering.com\/pl\/wp-json\/wp\/v2\/product_cat?post=6596"},{"taxonomy":"product_tag","embeddable":true,"href":"https:\/\/www.borowskiengineering.com\/pl\/wp-json\/wp\/v2\/product_tag?post=6596"}],"curies":[{"name":"wp","href":"https:\/\/api.w.org\/{rel}","templated":true}]}}