
{"id":6671,"date":"2026-02-25T18:05:15","date_gmt":"2026-02-25T16:05:15","guid":{"rendered":"https:\/\/www.borowskiengineering.com\/product\/mercedes-benz-ml-716-644-6-speed-manual-gearbox-to-nissan-patrol-y61-transfer-case-adapter-kit\/"},"modified":"2026-05-09T15:06:13","modified_gmt":"2026-05-09T13:06:13","slug":"lacznik-mercedes-benz-ml-716-644-6-biegowy-manula-do-nissan-patrol-y61-reduktor","status":"publish","type":"product","link":"https:\/\/www.borowskiengineering.com\/pl\/produkt\/lacznik-mercedes-benz-ml-716-644-6-biegowy-manula-do-nissan-patrol-y61-reduktor\/","title":{"rendered":"\u0141\u0105cznik Mercedes-Benz ML 716.644 6-biegowy manula do Nissan Patrol Y61 Reduktor"},"content":{"rendered":"<div class=\"relative w-full overflow-visible\">\n<section class=\"text-token-text-primary w-full focus:outline-none [--shadow-height:45px] has-data-writing-block:pointer-events-none has-data-writing-block:-mt-(--shadow-height) has-data-writing-block:pt-(--shadow-height) [&amp;:has([data-writing-block])&gt;*]:pointer-events-auto [content-visibility:auto] supports-[content-visibility:auto]:[contain-intrinsic-size:auto_100lvh] R6Vx5W_threadScrollVars scroll-mb-[calc(var(--scroll-root-safe-area-inset-bottom,0px)+var(--thread-response-height))] scroll-mt-[calc(var(--header-height)+min(200px,max(70px,20svh)))]\" dir=\"auto\" data-turn-id=\"request-WEB:15839218-b484-4414-89a8-fa261752f468-1\" data-turn-id-container=\"request-WEB:15839218-b484-4414-89a8-fa261752f468-1\" data-testid=\"conversation-turn-4\" data-scroll-anchor=\"false\" data-turn=\"assistant\">\n<div class=\"text-base my-auto mx-auto pb-10 [--thread-content-margin:var(--thread-content-margin-xs,calc(var(--spacing)*4))] @w-sm\/main:[--thread-content-margin:var(--thread-content-margin-sm,calc(var(--spacing)*6))] @w-lg\/main:[--thread-content-margin:var(--thread-content-margin-lg,calc(var(--spacing)*16))] px-(--thread-content-margin)\">\n<div class=\"[--thread-content-max-width:40rem] @w-lg\/main:[--thread-content-max-width:48rem] mx-auto max-w-(--thread-content-max-width) flex-1 group\/turn-messages focus-visible:outline-hidden relative flex w-full min-w-0 flex-col agent-turn\">\n<div class=\"flex max-w-full flex-col gap-4 grow\">\n<div class=\"min-h-8 text-message relative flex w-full flex-col items-end gap-2 text-start break-words whitespace-normal outline-none keyboard-focused:focus-ring [.text-message+&amp;]:mt-1\" dir=\"auto\" tabindex=\"0\" data-message-author-role=\"assistant\" data-message-id=\"27b06536-de0b-40ca-8ce2-3a283a866873\" data-message-model-slug=\"gpt-5-5\" data-turn-start-message=\"true\">\n<div class=\"flex w-full flex-col gap-1 empty:hidden\">\n<div class=\"markdown prose dark:prose-invert wrap-break-word w-full light markdown-new-styling\">\n<p data-start=\"0\" data-end=\"190\">Ten zestaw adaptera umo\u017cliwia precyzyjne po\u0142\u0105czenie 6-biegowej manualnej skrzyni bieg\u00f3w <span class=\"hover:entity-accent entity-underline inline cursor-pointer align-baseline\"><span class=\"whitespace-normal\">Mercedes-Benz ML 716.644<\/span><\/span> z reduktorem <span class=\"hover:entity-accent entity-underline inline cursor-pointer align-baseline\"><span class=\"whitespace-normal\">Nissan Patrol Y61<\/span><\/span>.<\/p>\n<p data-start=\"192\" data-end=\"330\">Adapter wykonano z wysokowytrzyma\u0142ej stali, co gwarantuje maksymaln\u0105 trwa\u0142o\u015b\u0107 oraz odporno\u015b\u0107 na wysokie obci\u0105\u017cenia i du\u017cy moment obrotowy.<\/p>\n<p data-start=\"332\" data-end=\"553\">Po procesie spawania element jest obrabiany metod\u0105 CNC, aby zapewni\u0107 idealn\u0105 r\u00f3wnoleg\u0142o\u015b\u0107 powierzchni monta\u017cowych. Dzi\u0119ki temu uzyskano precyzyjne osiowanie wa\u0142ka wyj\u015bciowego skrzyni bieg\u00f3w z wa\u0142kiem wej\u015bciowym reduktora.<\/p>\n<p data-start=\"555\" data-end=\"773\">Wa\u0142ek \u0142\u0105cz\u0105cy zosta\u0142 wykonany ze specjalnej stali chromowo-molibdenowej (chromoly) i poddany obr\u00f3bce cieplnej do twardo\u015bci 53\u201355 HRC, co zapewnia najwy\u017csz\u0105 wytrzyma\u0142o\u015b\u0107 oraz niezawodno\u015b\u0107 w wymagaj\u0105cych warunkach pracy.<\/p>\n<p data-start=\"775\" data-end=\"912\" data-is-last-node=\"\" data-is-only-node=\"\">Dodatkowo zastosowano rowki pod \u0142o\u017cysko oraz pier\u015bcie\u0144 Segera, co zapewnia lepsze podparcie i zwi\u0119kszon\u0105 trwa\u0142o\u015b\u0107 ca\u0142ego uk\u0142adu.<\/p>\n<p data-start=\"775\" data-end=\"912\" data-is-last-node=\"\" data-is-only-node=\"\">W razie pyta\u0144, prosimy o kontakt.<\/p>\n<\/div>\n<\/div>\n<\/div>\n<\/div>\n<div class=\"z-0 flex min-h-[46px] justify-start\"><\/div>\n<div class=\"mt-3 w-full empty:hidden\">\n<div class=\"text-center\"><\/div>\n<\/div>\n<\/div>\n<\/div>\n<\/section>\n<div class=\"contents\"><\/div>\n<\/div>\n<div class=\"pointer-events-none -mt-px h-px translate-y-[calc(var(--scroll-root-safe-area-inset-bottom)-14*var(--spacing))]\" aria-hidden=\"true\"><\/div>\n","protected":false},"excerpt":{"rendered":"<p>Ten zestaw adaptera umo\u017cliwia precyzyjne po\u0142\u0105czenie 6-biegowej manualnej skrzyni bieg\u00f3w Mercedes-Benz ML 716.644 z reduktorem Nissan Patrol Y61. Adapter wykonano z wysokowytrzyma\u0142ej stali, co gwarantuje maksymaln\u0105 trwa\u0142o\u015b\u0107 oraz odporno\u015b\u0107 na wysokie obci\u0105\u017cenia i du\u017cy moment obrotowy. Po procesie spawania element jest obrabiany metod\u0105 CNC, aby zapewni\u0107 idealn\u0105 r\u00f3wnoleg\u0142o\u015b\u0107 powierzchni monta\u017cowych. Dzi\u0119ki temu uzyskano precyzyjne osiowanie [&hellip;]<\/p>\n","protected":false},"featured_media":6672,"comment_status":"closed","ping_status":"closed","template":"","meta":{"_monsterinsights_skip_tracking":false,"_monsterinsights_sitenote_active":false,"_monsterinsights_sitenote_note":"","_monsterinsights_sitenote_category":0,"ocean_post_layout":"","ocean_both_sidebars_style":"","ocean_both_sidebars_content_width":0,"ocean_both_sidebars_sidebars_width":0,"ocean_sidebar":"0","ocean_second_sidebar":"0","ocean_disable_margins":"enable","ocean_add_body_class":"","ocean_shortcode_before_top_bar":"","ocean_shortcode_after_top_bar":"","ocean_shortcode_before_header":"","ocean_shortcode_after_header":"","ocean_has_shortcode":"","ocean_shortcode_after_title":"","ocean_shortcode_before_footer_widgets":"","ocean_shortcode_after_footer_widgets":"","ocean_shortcode_before_footer_bottom":"","ocean_shortcode_after_footer_bottom":"","ocean_display_top_bar":"default","ocean_display_header":"default","ocean_header_style":"","ocean_center_header_left_menu":"0","ocean_custom_header_template":"0","ocean_custom_logo":0,"ocean_custom_retina_logo":0,"ocean_custom_logo_max_width":0,"ocean_custom_logo_tablet_max_width":0,"ocean_custom_logo_mobile_max_width":0,"ocean_custom_logo_max_height":0,"ocean_custom_logo_tablet_max_height":0,"ocean_custom_logo_mobile_max_height":0,"ocean_header_custom_menu":"0","ocean_menu_typo_font_family":"0","ocean_menu_typo_font_subset":"","ocean_menu_typo_font_size":0,"ocean_menu_typo_font_size_tablet":0,"ocean_menu_typo_font_size_mobile":0,"ocean_menu_typo_font_size_unit":"px","ocean_menu_typo_font_weight":"","ocean_menu_typo_font_weight_tablet":"","ocean_menu_typo_font_weight_mobile":"","ocean_menu_typo_transform":"","ocean_menu_typo_transform_tablet":"","ocean_menu_typo_transform_mobile":"","ocean_menu_typo_line_height":0,"ocean_menu_typo_line_height_tablet":0,"ocean_menu_typo_line_height_mobile":0,"ocean_menu_typo_line_height_unit":"","ocean_menu_typo_spacing":0,"ocean_menu_typo_spacing_tablet":0,"ocean_menu_typo_spacing_mobile":0,"ocean_menu_typo_spacing_unit":"","ocean_menu_link_color":"","ocean_menu_link_color_hover":"","ocean_menu_link_color_active":"","ocean_menu_link_background":"","ocean_menu_link_hover_background":"","ocean_menu_link_active_background":"","ocean_menu_social_links_bg":"","ocean_menu_social_hover_links_bg":"","ocean_menu_social_links_color":"","ocean_menu_social_hover_links_color":"","ocean_disable_title":"default","ocean_disable_heading":"default","ocean_post_title":"","ocean_post_subheading":"","ocean_post_title_style":"","ocean_post_title_background_color":"","ocean_post_title_background":0,"ocean_post_title_bg_image_position":"","ocean_post_title_bg_image_attachment":"","ocean_post_title_bg_image_repeat":"","ocean_post_title_bg_image_size":"","ocean_post_title_height":0,"ocean_post_title_bg_overlay":0.5,"ocean_post_title_bg_overlay_color":"","ocean_disable_breadcrumbs":"default","ocean_breadcrumbs_color":"","ocean_breadcrumbs_separator_color":"","ocean_breadcrumbs_links_color":"","ocean_breadcrumbs_links_hover_color":"","ocean_display_footer_widgets":"default","ocean_display_footer_bottom":"default","ocean_custom_footer_template":"0"},"product_brand":[],"product_cat":[355,364,370],"product_tag":[681,682,683,684],"class_list":{"0":"post-6671","1":"product","2":"type-product","3":"status-publish","4":"has-post-thumbnail","6":"product_cat-czesci-samochodowe","7":"product_cat-mercedes","8":"product_cat-nissan","9":"product_tag-6-speed","10":"product_tag-manual","11":"product_tag-mercedes-benz-ml716-644","12":"product_tag-nissan-patrol-y61-transfer","14":"entry","15":"has-media","17":"first","18":"instock","19":"taxable","20":"shipping-taxable","21":"purchasable","22":"product-type-simple","23":"has-product-nav","24":"col","25":"span_1_of_3","26":"owp-content-center","27":"owp-thumbs-layout-horizontal","28":"owp-btn-normal","29":"owp-tabs-layout-horizontal"},"_links":{"self":[{"href":"https:\/\/www.borowskiengineering.com\/pl\/wp-json\/wp\/v2\/product\/6671","targetHints":{"allow":["GET"]}}],"collection":[{"href":"https:\/\/www.borowskiengineering.com\/pl\/wp-json\/wp\/v2\/product"}],"about":[{"href":"https:\/\/www.borowskiengineering.com\/pl\/wp-json\/wp\/v2\/types\/product"}],"replies":[{"embeddable":true,"href":"https:\/\/www.borowskiengineering.com\/pl\/wp-json\/wp\/v2\/comments?post=6671"}],"version-history":[{"count":3,"href":"https:\/\/www.borowskiengineering.com\/pl\/wp-json\/wp\/v2\/product\/6671\/revisions"}],"predecessor-version":[{"id":6679,"href":"https:\/\/www.borowskiengineering.com\/pl\/wp-json\/wp\/v2\/product\/6671\/revisions\/6679"}],"wp:featuredmedia":[{"embeddable":true,"href":"https:\/\/www.borowskiengineering.com\/pl\/wp-json\/wp\/v2\/media\/6672"}],"wp:attachment":[{"href":"https:\/\/www.borowskiengineering.com\/pl\/wp-json\/wp\/v2\/media?parent=6671"}],"wp:term":[{"taxonomy":"product_brand","embeddable":true,"href":"https:\/\/www.borowskiengineering.com\/pl\/wp-json\/wp\/v2\/product_brand?post=6671"},{"taxonomy":"product_cat","embeddable":true,"href":"https:\/\/www.borowskiengineering.com\/pl\/wp-json\/wp\/v2\/product_cat?post=6671"},{"taxonomy":"product_tag","embeddable":true,"href":"https:\/\/www.borowskiengineering.com\/pl\/wp-json\/wp\/v2\/product_tag?post=6671"}],"curies":[{"name":"wp","href":"https:\/\/api.w.org\/{rel}","templated":true}]}}